{"id":58461,"date":"2024-10-04T11:17:25","date_gmt":"2024-10-04T09:17:25","guid":{"rendered":"https:\/\/de-prime.com\/?p=58461"},"modified":"2024-10-04T11:17:25","modified_gmt":"2024-10-04T09:17:25","slug":"elektrischer-tisch-induktionskochfeld-mit-touchscreen-3500-w","status":"publish","type":"product","link":"https:\/\/de-prime.com\/index.php\/product\/elektrischer-tisch-induktionskochfeld-mit-touchscreen-3500-w\/","title":{"rendered":"Elektrischer Tisch-Induktionskochfeld mit Touchscreen 3500 W"},"content":{"rendered":"<p>Mit klaren Symbolen und m\u00fcheloser Bedienung ist dieses professionelle Induktionskochfeld sehr einfach zu bedienen. Diese aus Edelstahl gefertigte Kochstelle ist \u00e4u\u00dferst langlebig und leicht zu reinigen. Mit einer Leistung von 3500 W heizt sich der Induktionsherd sehr schnell auf. Die einstellbaren Heizstufen sowie das LCD-Touchscreen-Display erm\u00f6glichen eine einfache Steuerung der Temperatur von 60 bis 240 \u00b0C. Zus\u00e4tzlich ist der Tischherd mit einer Timerfunktion von 0 bis 180 Minuten versehen. Dieser sichere und stilvolle Induktionskocher wird Ihnen garantiert ein gl\u00fcckliches K\u00fcchenleben erm\u00f6glichen!<\/p>\n<ul>\n<li>Farbe: Silber und Schwarz<\/li>\n<li>Material: Edelstahl<\/li>\n<li>Abmessungen: 41 x 32,7 x 10 cm (L x B x H)<\/li>\n<li>Leistung: 3500 W<\/li>\n<li>Einstellbare Heizstufe: 1 &#8211; 10<\/li>\n<li>Einstellbare Temperatur: 60 bis 240 \u2103<\/li>\n<li>Timerfunktion: 0 &#8211; 180 Minuten<\/li>\n<li>LCD-Touchscreen-Anzeige<\/li>\n<li>Sichere W\u00e4rmekontrolle<\/li>\n<li>Professioneller Gebrauch<\/li>\n<\/ul>\n","protected":false},"excerpt":{"rendered":"<ul>\n<li>Farbe: Silber und Schwarz<\/li>\n<li>Material: Edelstahl<\/li>\n<li>Abmessungen: 41 x 32,7 x 10 cm (L x B x H)<\/li>\n<li>Leistung: 3500 W<\/li>\n<li>Einstellbare Heizstufe: 1 &#8211; 10<\/li>\n<li>Einstellbare Temperatur: 60 bis 240 \u2103<\/li>\n<li>Timerfunktion: 0 &#8211; 180 Minuten<\/li>\n<li>LCD-Touchscreen-Anzeige<\/li>\n<li>Sichere W\u00e4rmekontrolle<\/li>\n<li>Professioneller Gebrauch<\/li>\n<\/ul>\n","protected":false},"featured_media":10000058461,"comment_status":"closed","ping_status":"closed","template":"","meta":[],"product_brand":[],"product_cat":[7048,7095,7051,7052],"product_tag":[],"class_list":{"0":"post-58461","1":"product","2":"type-product","3":"status-publish","4":"has-post-thumbnail","6":"product_cat-heim-garten","7":"product_cat-kochplatten","8":"product_cat-kueche-esszimmer","9":"product_cat-kuechengeraete","11":"first","12":"instock","13":"taxable","14":"shipping-taxable","15":"purchasable","16":"product-type-simple","17":"add-to-wishlist-after_add_to_cart"},"jetpack_sharing_enabled":true,"_links":{"self":[{"href":"https:\/\/de-prime.com\/index.php\/wp-json\/wp\/v2\/product\/58461","targetHints":{"allow":["GET"]}}],"collection":[{"href":"https:\/\/de-prime.com\/index.php\/wp-json\/wp\/v2\/product"}],"about":[{"href":"https:\/\/de-prime.com\/index.php\/wp-json\/wp\/v2\/types\/product"}],"replies":[{"embeddable":true,"href":"https:\/\/de-prime.com\/index.php\/wp-json\/wp\/v2\/comments?post=58461"}],"wp:featuredmedia":[{"embeddable":true,"href":"https:\/\/de-prime.com\/index.php\/wp-json\/"}],"wp:attachment":[{"href":"https:\/\/de-prime.com\/index.php\/wp-json\/wp\/v2\/media?parent=58461"}],"wp:term":[{"taxonomy":"product_brand","embeddable":true,"href":"https:\/\/de-prime.com\/index.php\/wp-json\/wp\/v2\/product_brand?post=58461"},{"taxonomy":"product_cat","embeddable":true,"href":"https:\/\/de-prime.com\/index.php\/wp-json\/wp\/v2\/product_cat?post=58461"},{"taxonomy":"product_tag","embeddable":true,"href":"https:\/\/de-prime.com\/index.php\/wp-json\/wp\/v2\/product_tag?post=58461"}],"curies":[{"name":"wp","href":"https:\/\/api.w.org\/{rel}","templated":true}]}}