{"id":58460,"date":"2024-10-04T11:17:29","date_gmt":"2024-10-04T09:17:29","guid":{"rendered":"https:\/\/de-prime.com\/?p=58460"},"modified":"2024-10-04T11:17:29","modified_gmt":"2024-10-04T09:17:29","slug":"glaskeramik-kochfeld-mit-5-platten-touch-control-90cm-cm-8500-w","status":"publish","type":"product","link":"https:\/\/de-prime.com\/index.php\/product\/glaskeramik-kochfeld-mit-5-platten-touch-control-90cm-cm-8500-w\/","title":{"rendered":"Glaskeramik-Kochfeld mit 5 Platten Touch Control 90cm cm 8500 W"},"content":{"rendered":"<p>Dieses Einbau-Kochfeld mit sauberen Symbolen und einer m\u00fchelosen Bedienung ist sehr einfach zu bedienen. Das Elektro-Kochfeld verf\u00fcgt \u00fcber eine Sensor-Touch-Steuerung und 5 Auto-Kochplatten mit 9 Stufen. Das Domino-Kochfeld besteht aus hitzebest\u00e4ndigem Glas, das sich durch Langlebigkeit und Sicherheit auszeichnet. Es verf\u00fcgt \u00fcber 5 Platten, die einzeln oder gleichzeitig verwendet werden k\u00f6nnen. Das Design mit drei ovalen Zonen ist f\u00fcr gr\u00f6\u00dfere Kocht\u00f6pfe und schnelleres Erhitzen vorgesehen. Es handelt sich um ein konventionelles Kochfeld, das mit allen Arten von flachem Kochgeschirr kompatibel ist. Die Temperatur wird durch den eingebauten Sensor kontrolliert, so dass das Kochfeld automatisch ausgeschaltet wird, wenn es zu hei\u00df wird oder wenn man vergisst, es auszuschalten. Dank der Restw\u00e4rmeanzeige warnt das Display, wenn der Herd noch einige Zeit hei\u00df bleibt und Restw\u00e4rme abgibt. Au\u00dferdem ert\u00f6nt nach der eingestellten Zeit ein akustisches Signal oder er schaltet sich nach einer bestimmten Zeit \u00fcber den individuellen Timer (bis zu 99 Minuten) aus. Die Kindersicherung verhindert, dass kleine H\u00e4nde die Bedienelemente bet\u00e4tigen k\u00f6nnen und sperrt diese w\u00e4hrend der Reinigung. Dieses sichere und elegante Elektro-Kochfeld sorgt auf jeden Fall daf\u00fcr, dass du ein angenehmes K\u00fcchenleben genie\u00dft! Achtung:Wir empfehlen, das Produkt mit einem separat angeordneten FI-Schutzschalter\/Sicherungskasten zu verwenden.<\/p>\n<ul>\n<li>Farbe: Schwarz<\/li>\n<li>Material: Keramik und hitzebest\u00e4ndiges Glas<\/li>\n<li>Abmessungen: 900 x 520 x 51 mm (B x T x H)<\/li>\n<li>Ausschnitt: 870 x 490 mm (B x T)<\/li>\n<li>Gesamtleistung: 8500 W<\/li>\n<li>Stromversorgung: 220-240 V~, 50\/60 Hz<\/li>\n<li>Stufen: 9<\/li>\n<li>Sensor-Touch-Steuerung<\/li>\n<li>Dreifach-Zone + ovale Zone<\/li>\n<li>Mit einem individuellen Timer (99 Minuten)<\/li>\n<li>Mit Pause-Funktion<\/li>\n<li>Mit Restw\u00e4rmeanzeige<\/li>\n<li>Mit Kindersicherung<\/li>\n<li>Mit \u00dcberhitzungsschutz<\/li>\n<li>Verf\u00fcgt \u00fcber eine automatische Abschaltfunktion<\/li>\n<\/ul>\n","protected":false},"excerpt":{"rendered":"<ul>\n<li>Farbe: Schwarz<\/li>\n<li>Material: Keramik und hitzebest\u00e4ndiges Glas<\/li>\n<li>Abmessungen: 900 x 520 x 51 mm (B x T x H)<\/li>\n<li>Ausschnitt: 870 x 490 mm (B x T)<\/li>\n<li>Gesamtleistung: 8500 W<\/li>\n<li>Stromversorgung: 220-240 V~, 50\/60 Hz<\/li>\n<li>Stufen: 9<\/li>\n<li>Sensor-Touch-Steuerung<\/li>\n<li>Dreifach-Zone + ovale Zone<\/li>\n<li>Mit einem individuellen Timer (99 Minuten)<\/li>\n<li>Mit Pause-Funktion<\/li>\n<li>Mit Restw\u00e4rmeanzeige<\/li>\n<li>Mit Kindersicherung<\/li>\n<li>Mit \u00dcberhitzungsschutz<\/li>\n<li>Verf\u00fcgt \u00fcber eine automatische Abschaltfunktion<\/li>\n<\/ul>\n","protected":false},"featured_media":10000058460,"comment_status":"closed","ping_status":"closed","template":"","meta":[],"product_brand":[],"product_cat":[7048,7094,7051,7052],"product_tag":[],"class_list":{"0":"post-58460","1":"product","2":"type-product","3":"status-publish","4":"has-post-thumbnail","6":"product_cat-heim-garten","7":"product_cat-kochfelder","8":"product_cat-kueche-esszimmer","9":"product_cat-kuechengeraete","11":"first","12":"instock","13":"taxable","14":"shipping-taxable","15":"purchasable","16":"product-type-simple","17":"add-to-wishlist-after_add_to_cart"},"jetpack_sharing_enabled":true,"_links":{"self":[{"href":"https:\/\/de-prime.com\/index.php\/wp-json\/wp\/v2\/product\/58460","targetHints":{"allow":["GET"]}}],"collection":[{"href":"https:\/\/de-prime.com\/index.php\/wp-json\/wp\/v2\/product"}],"about":[{"href":"https:\/\/de-prime.com\/index.php\/wp-json\/wp\/v2\/types\/product"}],"replies":[{"embeddable":true,"href":"https:\/\/de-prime.com\/index.php\/wp-json\/wp\/v2\/comments?post=58460"}],"wp:featuredmedia":[{"embeddable":true,"href":"https:\/\/de-prime.com\/index.php\/wp-json\/"}],"wp:attachment":[{"href":"https:\/\/de-prime.com\/index.php\/wp-json\/wp\/v2\/media?parent=58460"}],"wp:term":[{"taxonomy":"product_brand","embeddable":true,"href":"https:\/\/de-prime.com\/index.php\/wp-json\/wp\/v2\/product_brand?post=58460"},{"taxonomy":"product_cat","embeddable":true,"href":"https:\/\/de-prime.com\/index.php\/wp-json\/wp\/v2\/product_cat?post=58460"},{"taxonomy":"product_tag","embeddable":true,"href":"https:\/\/de-prime.com\/index.php\/wp-json\/wp\/v2\/product_tag?post=58460"}],"curies":[{"name":"wp","href":"https:\/\/api.w.org\/{rel}","templated":true}]}}