{"id":58457,"date":"2024-10-04T11:17:58","date_gmt":"2024-10-04T09:17:58","guid":{"rendered":"https:\/\/de-prime.com\/?p=58457"},"modified":"2024-10-04T11:17:58","modified_gmt":"2024-10-04T09:17:58","slug":"induktionskochfeld-flexzone-mit-2-platten-touch-control-3500-w","status":"publish","type":"product","link":"https:\/\/de-prime.com\/index.php\/product\/induktionskochfeld-flexzone-mit-2-platten-touch-control-3500-w\/","title":{"rendered":"Induktionskochfeld Flexzone mit 2 Platten Touch Control 3500 W"},"content":{"rendered":"<p>Dieses Flexzone Einbaukochfeld verf\u00fcgt \u00fcber gut sichtbare Symbole und eine m\u00fchelose Bedienung. Das Flex-Induktionskochfeld verf\u00fcgt \u00fcber einen vorderen Touch-Control-Schieberegler und 2 automatische Platten mit 9 Kochstufen. Das Domino-Kochfeld ist aus hitzebest\u00e4ndigem Glas gefertigt und zeichnet sich durch Langlebigkeit und Sicherheit aus. Die 2 Platten k\u00f6nnen einzeln oder gleichzeitig verwendet werden. Mit automatischer Topferkennung arbeitet der Elektroherd nur dann, wenn er eine Pfanne erkennt. Die Temperatur wird durch den eingebauten Sensor kontrolliert; so schaltet sich das Kochfeld automatisch aus, wenn es zu hei\u00df wird oder man vergessen hat, es auszuschalten. Dank der Restw\u00e4rmeanzeige warnt das Display, wenn der Herd noch einige Zeit hei\u00df bleibt und Restw\u00e4rme abgibt. Nach der eingestellten Zeit ert\u00f6nt ein akustisches Signal, oder er schaltet sich nach einer bestimmten Zeit dank des individuellen Timers aus (bis zu 99 Minuten) aus. Das Kochfeld ist mit der innovativen Flexizone-Technologie ausgestattet, die es erm\u00f6glicht, die vorderen, mittleren oder hinteren Kochzonen zu einer einzigen zusammenzufassen, um gro\u00dfe T\u00f6pfe aufzunehmen. Es verf\u00fcgt au\u00dferdem \u00fcber eine Booster-Funktion, die die Aufheizzeit verk\u00fcrzt. Au\u00dferdem verhindert die Kindersicherung, dass kleine Kinderh\u00e4nde die Bedienelemente verstellen k\u00f6nnen, und sperrt die Bedienelemente w\u00e4hrend der Reinigung und Wartung. Dieses sichere und elegante Kochfeld sorgt auf jeden Fall daf\u00fcr, dass du ein angenehmes K\u00fcchenleben genie\u00dft! Achtung:Wir empfehlen, das Produkt mit einem separat angeordneten FI-Schutzschalter\/Sicherungskasten zu verwenden.<\/p>\n<ul>\n<li>Farbe: Schwarz<\/li>\n<li>Material: Hitzebest\u00e4ndiges Glas<\/li>\n<li>Abmessungen: 288 x 520 x 56 mm (B x T x H)<\/li>\n<li>Ausschnitt-Ma\u00dfe: 270 x 500 mm (L x B)<\/li>\n<li>Gesamtleistung: 3500 W<\/li>\n<li>Stromversorgung: 220-240 V~, 50\/60 Hz<\/li>\n<li>Stufen: 9<\/li>\n<li>Touch-Control-Schieberegler<\/li>\n<li>Mit Booster-Funktion<\/li>\n<li>Mit Pfannenerkennung<\/li>\n<li>Mit einem individuellen Timer (99 Minuten)<\/li>\n<li>Inklusive Flexzone<\/li>\n<li>Mit Pause-Funktion<\/li>\n<li>Mit Restw\u00e4rmeanzeige<\/li>\n<li>Mit Kindersicherung<\/li>\n<li>Mit \u00dcberhitzungsschutz<\/li>\n<li>Mit \u00dcberlaufschutz<\/li>\n<li>Verf\u00fcgt \u00fcber eine automatische Abschaltfunktion<\/li>\n<\/ul>\n","protected":false},"excerpt":{"rendered":"<ul>\n<li>Farbe: Schwarz<\/li>\n<li>Material: Hitzebest\u00e4ndiges Glas<\/li>\n<li>Abmessungen: 288 x 520 x 56 mm (B x T x H)<\/li>\n<li>Ausschnitt-Ma\u00dfe: 270 x 500 mm (L x B)<\/li>\n<li>Gesamtleistung: 3500 W<\/li>\n<li>Stromversorgung: 220-240 V~, 50\/60 Hz<\/li>\n<li>Stufen: 9<\/li>\n<li>Touch-Control-Schieberegler<\/li>\n<li>Mit Booster-Funktion<\/li>\n<li>Mit Pfannenerkennung<\/li>\n<li>Mit einem individuellen Timer (99 Minuten)<\/li>\n<li>Inklusive Flexzone<\/li>\n<li>Mit Pause-Funktion<\/li>\n<li>Mit Restw\u00e4rmeanzeige<\/li>\n<li>Mit Kindersicherung<\/li>\n<li>Mit \u00dcberhitzungsschutz<\/li>\n<li>Mit \u00dcberlaufschutz<\/li>\n<li>Verf\u00fcgt \u00fcber eine automatische Abschaltfunktion<\/li>\n<\/ul>\n","protected":false},"featured_media":10000058457,"comment_status":"closed","ping_status":"closed","template":"","meta":[],"product_brand":[],"product_cat":[7048,7094,7051,7052],"product_tag":[],"class_list":{"0":"post-58457","1":"product","2":"type-product","3":"status-publish","4":"has-post-thumbnail","6":"product_cat-heim-garten","7":"product_cat-kochfelder","8":"product_cat-kueche-esszimmer","9":"product_cat-kuechengeraete","11":"first","12":"instock","13":"taxable","14":"shipping-taxable","15":"purchasable","16":"product-type-simple","17":"add-to-wishlist-after_add_to_cart"},"jetpack_sharing_enabled":true,"_links":{"self":[{"href":"https:\/\/de-prime.com\/index.php\/wp-json\/wp\/v2\/product\/58457","targetHints":{"allow":["GET"]}}],"collection":[{"href":"https:\/\/de-prime.com\/index.php\/wp-json\/wp\/v2\/product"}],"about":[{"href":"https:\/\/de-prime.com\/index.php\/wp-json\/wp\/v2\/types\/product"}],"replies":[{"embeddable":true,"href":"https:\/\/de-prime.com\/index.php\/wp-json\/wp\/v2\/comments?post=58457"}],"wp:featuredmedia":[{"embeddable":true,"href":"https:\/\/de-prime.com\/index.php\/wp-json\/"}],"wp:attachment":[{"href":"https:\/\/de-prime.com\/index.php\/wp-json\/wp\/v2\/media?parent=58457"}],"wp:term":[{"taxonomy":"product_brand","embeddable":true,"href":"https:\/\/de-prime.com\/index.php\/wp-json\/wp\/v2\/product_brand?post=58457"},{"taxonomy":"product_cat","embeddable":true,"href":"https:\/\/de-prime.com\/index.php\/wp-json\/wp\/v2\/product_cat?post=58457"},{"taxonomy":"product_tag","embeddable":true,"href":"https:\/\/de-prime.com\/index.php\/wp-json\/wp\/v2\/product_tag?post=58457"}],"curies":[{"name":"wp","href":"https:\/\/api.w.org\/{rel}","templated":true}]}}