{"id":58449,"date":"2024-10-03T21:13:51","date_gmt":"2024-10-03T19:13:51","guid":{"rendered":"https:\/\/de-prime.com\/?p=58449"},"modified":"2024-10-03T21:37:30","modified_gmt":"2024-10-03T19:37:30","slug":"livoo-espressomaschine-mit-aufschaeumduese-15-l-1350-w-schwarz","status":"publish","type":"product","link":"https:\/\/de-prime.com\/index.php\/product\/livoo-espressomaschine-mit-aufschaeumduese-15-l-1350-w-schwarz\/","title":{"rendered":"Livoo Espressomaschine mit Aufsch\u00e4umd\u00fcse 1,5 L 1350 W Schwarz"},"content":{"rendered":"<p>Mit dieser Espressomaschine von Livoo kannst du sowohl k\u00f6stlichen Espresso als auch hei\u00dfen Cappuccino oder Latte ganz nach deinem Geschmack zubereiten. Mit einem Fassungsverm\u00f6gen von 1,5 Litern ist diese Kaffeemaschine eine ausgezeichnete Wahl f\u00fcr jeden Haushalt und jedes B\u00fcro. Dank der zwei mitgelieferten Filter eignet sie sich sowohl f\u00fcr gemahlenen Kaffee als auch f\u00fcr ESE-Papierpads. Die Espressomaschine ist sogar mit einer Dampfd\u00fcse zur Zubereitung von reichhaltigem und cremigem Milchschaum ausgestattet. Dank der drei Schalter (einer f\u00fcr die Maschine, einer f\u00fcr die Zubereitung des Kaffees und einer f\u00fcr den Milchaufsch\u00e4umer) l\u00e4sst sie sich ganz einfach bedienen. Sie verf\u00fcgt \u00fcber ein 1-Minuten-Aufheizsystem und der abnehmbare Wasserbeh\u00e4lter ist sp\u00fclmaschinenfest.<\/p>\n<ul>\n<li>Farbe: Schwarz<\/li>\n<li>Material: Edelstahl und Kunststoff<\/li>\n<li>Abmessungen: 42,5 x 30,5 x 33,5 cm (B x T x H)<\/li>\n<li>Leistung: 1350 W<\/li>\n<li>Stromversorgung: 220-240 V~, 50-60 Hz<\/li>\n<li>Fassungsverm\u00f6gen: 1,5 L (12 Tassen Kaffee)<\/li>\n<li>Druck: 15 bar<\/li>\n<li>Perkolator f\u00fcr gemahlenen Kaffee<\/li>\n<li>Kompatibel mit ESE-Papierpads<\/li>\n<li>Abnehmbarer Wassertank<\/li>\n<li>3 Schalter: Ein\/Aus Ger\u00e4t, Ein\/Aus Kaffee, Ein\/Aus Dampfd\u00fcse<\/li>\n<li>1 Knopf zur Einstellung der Dampfleistung<\/li>\n<li>Aufsch\u00e4umd\u00fcse aus Edelstahl<\/li>\n<li>Mit 1 Edelstahlfilter f\u00fcr 2 Tassen<\/li>\n<li>Mit 1 Filter f\u00fcr ESE-Pads<\/li>\n<li>Abnehmbare Tropfschale<\/li>\n<li>Thermoblock-Aufheizsystem in 1 Minute<\/li>\n<li>Druckanzeige<\/li>\n<li>Sp\u00fclmaschinenfester Beh\u00e4lter<\/li>\n<li>Lieferung umfasst: 1 x Dosierl\u00f6ffel mit Tampon<\/li>\n<\/ul>\n","protected":false},"excerpt":{"rendered":"<ul>\n<li>Farbe: Schwarz<\/li>\n<li>Material: Edelstahl und Kunststoff<\/li>\n<li>Abmessungen: 42,5 x 30,5 x 33,5 cm (B x T x H)<\/li>\n<li>Leistung: 1350 W<\/li>\n<li>Stromversorgung: 220-240 V~, 50-60 Hz<\/li>\n<li>Fassungsverm\u00f6gen: 1,5 L (12 Tassen Kaffee)<\/li>\n<li>Druck: 15 bar<\/li>\n<li>Perkolator f\u00fcr gemahlenen Kaffee<\/li>\n<li>Kompatibel mit ESE-Papierpads<\/li>\n<li>Abnehmbarer Wassertank<\/li>\n<li>3 Schalter: Ein\/Aus Ger\u00e4t, Ein\/Aus Kaffee, Ein\/Aus Dampfd\u00fcse<\/li>\n<li>1 Knopf zur Einstellung der Dampfleistung<\/li>\n<li>Aufsch\u00e4umd\u00fcse aus Edelstahl<\/li>\n<li>Mit 1 Edelstahlfilter f\u00fcr 2 Tassen<\/li>\n<li>Mit 1 Filter f\u00fcr ESE-Pads<\/li>\n<li>Abnehmbare Tropfschale<\/li>\n<li>Thermoblock-Aufheizsystem in 1 Minute<\/li>\n<li>Druckanzeige<\/li>\n<li>Sp\u00fclmaschinenfester Beh\u00e4lter<\/li>\n<li>Lieferung umfasst: 1 x Dosierl\u00f6ffel mit Tampon<\/li>\n<\/ul>\n","protected":false},"featured_media":10000058449,"comment_status":"closed","ping_status":"closed","template":"","meta":[],"product_brand":[],"product_cat":[7048,7092,7051,7052],"product_tag":[],"class_list":{"0":"post-58449","1":"product","2":"type-product","3":"status-publish","4":"has-post-thumbnail","6":"product_cat-heim-garten","7":"product_cat-kaffeeautomaten-espressomaschinen","8":"product_cat-kueche-esszimmer","9":"product_cat-kuechengeraete","11":"first","12":"outofstock","13":"taxable","14":"shipping-taxable","15":"purchasable","16":"product-type-simple","17":"add-to-wishlist-after_add_to_cart"},"jetpack_sharing_enabled":true,"_links":{"self":[{"href":"https:\/\/de-prime.com\/index.php\/wp-json\/wp\/v2\/product\/58449","targetHints":{"allow":["GET"]}}],"collection":[{"href":"https:\/\/de-prime.com\/index.php\/wp-json\/wp\/v2\/product"}],"about":[{"href":"https:\/\/de-prime.com\/index.php\/wp-json\/wp\/v2\/types\/product"}],"replies":[{"embeddable":true,"href":"https:\/\/de-prime.com\/index.php\/wp-json\/wp\/v2\/comments?post=58449"}],"wp:featuredmedia":[{"embeddable":true,"href":"https:\/\/de-prime.com\/index.php\/wp-json\/"}],"wp:attachment":[{"href":"https:\/\/de-prime.com\/index.php\/wp-json\/wp\/v2\/media?parent=58449"}],"wp:term":[{"taxonomy":"product_brand","embeddable":true,"href":"https:\/\/de-prime.com\/index.php\/wp-json\/wp\/v2\/product_brand?post=58449"},{"taxonomy":"product_cat","embeddable":true,"href":"https:\/\/de-prime.com\/index.php\/wp-json\/wp\/v2\/product_cat?post=58449"},{"taxonomy":"product_tag","embeddable":true,"href":"https:\/\/de-prime.com\/index.php\/wp-json\/wp\/v2\/product_tag?post=58449"}],"curies":[{"name":"wp","href":"https:\/\/api.w.org\/{rel}","templated":true}]}}