{"id":58432,"date":"2024-10-03T21:14:42","date_gmt":"2024-10-03T19:14:42","guid":{"rendered":"https:\/\/de-prime.com\/?p=58432"},"modified":"2024-10-03T21:36:49","modified_gmt":"2024-10-03T19:36:49","slug":"bathroom-solutions-tuer-handtuchhalter-metall-schwarz","status":"publish","type":"product","link":"https:\/\/de-prime.com\/index.php\/product\/bathroom-solutions-tuer-handtuchhalter-metall-schwarz\/","title":{"rendered":"Bathroom Solutions T\u00fcr-Handtuchhalter Metall Schwarz"},"content":{"rendered":"<p>Dieser schwarze T\u00fcr-Handtuchhalter von Bathroom Solutions ist eine perfekte L\u00f6sung, um Ihre Handt\u00fccher zum Trocknen aufzuh\u00e4ngen und gleichzeitig Ihr Badezimmer stilvoll einzurichten. Der T\u00fcr-Handtuchhalter ist aus pulverbeschichtetem Metall gefertigt und hat einen soliden Rahmen. Die Tragf\u00e4higkeit jeder Handtuchstange betr\u00e4gt 2 kg. Au\u00dferdem verf\u00fcgt der Handtuchhalter \u00fcber vier wasserbest\u00e4ndige Stangen zum einfachen Aufh\u00e4ngen und Trocknen Ihrer Badet\u00fccher. Der Badetuchhalter ist leichtgewichtig und einfach zu befestigen. Verleihen Sie Ihrem Badezimmer mit den Handtuchhaltern von Bathroom Solutions einen industriellen Touch!<\/p>\n<ul>\n<li>Farbe: Schwarz<\/li>\n<li>Material: pulverbeschichtetes Metall<\/li>\n<li>Abmessungen: 44,5 x 15,5 x 73 cm (B x T x H)<\/li>\n<li>Belastbarkeit (je Stange): max. 2 kg<\/li>\n<li>4 Stangen<\/li>\n<li>Option zum Aufh\u00e4ngen an die T\u00fcr<\/li>\n<li>Robuster Rahmen<\/li>\n<li>Wasserfest<\/li>\n<li>Einfacher Zusammenbau<\/li>\n<li>Leicht zu umstellen<\/li>\n<\/ul>\n","protected":false},"excerpt":{"rendered":"<ul>\n<li>Farbe: Schwarz<\/li>\n<li>Material: pulverbeschichtetes Metall<\/li>\n<li>Abmessungen: 44,5 x 15,5 x 73 cm (B x T x H)<\/li>\n<li>Belastbarkeit (je Stange): max. 2 kg<\/li>\n<li>4 Stangen<\/li>\n<li>Option zum Aufh\u00e4ngen an die T\u00fcr<\/li>\n<li>Robuster Rahmen<\/li>\n<li>Wasserfest<\/li>\n<li>Einfacher Zusammenbau<\/li>\n<li>Leicht zu umstellen<\/li>\n<\/ul>\n","protected":false},"featured_media":10000058432,"comment_status":"closed","ping_status":"closed","template":"","meta":[],"product_brand":[],"product_cat":[7057,7091,7048],"product_tag":[],"class_list":{"0":"post-58432","1":"product","2":"type-product","3":"status-publish","4":"has-post-thumbnail","6":"product_cat-badzubehoer","7":"product_cat-handtuchhalter","8":"product_cat-heim-garten","10":"first","11":"outofstock","12":"taxable","13":"shipping-taxable","14":"purchasable","15":"product-type-simple","16":"add-to-wishlist-after_add_to_cart"},"jetpack_sharing_enabled":true,"_links":{"self":[{"href":"https:\/\/de-prime.com\/index.php\/wp-json\/wp\/v2\/product\/58432","targetHints":{"allow":["GET"]}}],"collection":[{"href":"https:\/\/de-prime.com\/index.php\/wp-json\/wp\/v2\/product"}],"about":[{"href":"https:\/\/de-prime.com\/index.php\/wp-json\/wp\/v2\/types\/product"}],"replies":[{"embeddable":true,"href":"https:\/\/de-prime.com\/index.php\/wp-json\/wp\/v2\/comments?post=58432"}],"wp:featuredmedia":[{"embeddable":true,"href":"https:\/\/de-prime.com\/index.php\/wp-json\/"}],"wp:attachment":[{"href":"https:\/\/de-prime.com\/index.php\/wp-json\/wp\/v2\/media?parent=58432"}],"wp:term":[{"taxonomy":"product_brand","embeddable":true,"href":"https:\/\/de-prime.com\/index.php\/wp-json\/wp\/v2\/product_brand?post=58432"},{"taxonomy":"product_cat","embeddable":true,"href":"https:\/\/de-prime.com\/index.php\/wp-json\/wp\/v2\/product_cat?post=58432"},{"taxonomy":"product_tag","embeddable":true,"href":"https:\/\/de-prime.com\/index.php\/wp-json\/wp\/v2\/product_tag?post=58432"}],"curies":[{"name":"wp","href":"https:\/\/api.w.org\/{rel}","templated":true}]}}