{"id":58425,"date":"2024-10-03T21:14:54","date_gmt":"2024-10-03T19:14:54","guid":{"rendered":"https:\/\/de-prime.com\/?p=58425"},"modified":"2024-10-03T21:36:39","modified_gmt":"2024-10-03T19:36:39","slug":"kleine-wolke-wandhaken-luno-silbern","status":"publish","type":"product","link":"https:\/\/de-prime.com\/index.php\/product\/kleine-wolke-wandhaken-luno-silbern\/","title":{"rendered":"Kleine Wolke Wandhaken Luno Silbern"},"content":{"rendered":"<p>M\u00f6chten Sie Ihre Handt\u00fccher zum Trocknen aufh\u00e4ngen und auch griffbereit aufbewahren, ohne Ihre Badezimmerw\u00e4nde mit L\u00f6chern zu ruinieren? Dann bietet dieser silberne Luno Wandhaken von Kleine Wolke dank seiner einzigartigen Halterung die perfekte L\u00f6sung! Das Klebesystem ist mit allen EVER und F!X Produkten von Kleine Wolke kompatibel. Der Badezimmerhaken l\u00e4sst sich daher einfach, schnell und sauber montieren. Der mitgelieferte Kleber h\u00e4lt zudem einer hohen Belastbarkeit auf allen Badezimmeroberfl\u00e4chen stand. Der Luno Haken ist aus Metall gefertigt. Was k\u00f6nnte mehr Spa\u00df machen, als Ihren Badezimmerbereich mit diesen formsch\u00f6nen Wandhaken von Kleine Wolke zu dekorieren, um Ihrem Badezimmer einen einzigartigen Look zu verleihen!<\/p>\n<ul>\n<li>Farbe: Silber<\/li>\n<li>Material: Metall<\/li>\n<li>Abmessungen: 5 x 5 x 5 cm (L x B x T)<\/li>\n<li>Zum Kleben oder Bohren<\/li>\n<li>Einfache, schnelle und saubere Montage: EVER + F!X<\/li>\n<li>R\u00fcckstandsfrei abl\u00f6sbar<\/li>\n<li>Hohe Belastbarkeit<\/li>\n<li>Auf vielen Oberfl\u00e4chen anwendbar<\/li>\n<li>Einfach zu montieren<\/li>\n<li>Im Lieferumfang sind Kleber und Schrauben enthalten<\/li>\n<\/ul>\n","protected":false},"excerpt":{"rendered":"<ul>\n<li>Farbe: Silber<\/li>\n<li>Material: Metall<\/li>\n<li>Abmessungen: 5 x 5 x 5 cm (L x B x T)<\/li>\n<li>Zum Kleben oder Bohren<\/li>\n<li>Einfache, schnelle und saubere Montage: EVER + F!X<\/li>\n<li>R\u00fcckstandsfrei abl\u00f6sbar<\/li>\n<li>Hohe Belastbarkeit<\/li>\n<li>Auf vielen Oberfl\u00e4chen anwendbar<\/li>\n<li>Einfach zu montieren<\/li>\n<li>Im Lieferumfang sind Kleber und Schrauben enthalten<\/li>\n<\/ul>\n","protected":false},"featured_media":10000058425,"comment_status":"closed","ping_status":"closed","template":"","meta":[],"product_brand":[],"product_cat":[7057,7091,7048],"product_tag":[],"class_list":{"0":"post-58425","1":"product","2":"type-product","3":"status-publish","4":"has-post-thumbnail","6":"product_cat-badzubehoer","7":"product_cat-handtuchhalter","8":"product_cat-heim-garten","10":"first","11":"outofstock","12":"taxable","13":"shipping-taxable","14":"purchasable","15":"product-type-simple","16":"add-to-wishlist-after_add_to_cart"},"jetpack_sharing_enabled":true,"_links":{"self":[{"href":"https:\/\/de-prime.com\/index.php\/wp-json\/wp\/v2\/product\/58425","targetHints":{"allow":["GET"]}}],"collection":[{"href":"https:\/\/de-prime.com\/index.php\/wp-json\/wp\/v2\/product"}],"about":[{"href":"https:\/\/de-prime.com\/index.php\/wp-json\/wp\/v2\/types\/product"}],"replies":[{"embeddable":true,"href":"https:\/\/de-prime.com\/index.php\/wp-json\/wp\/v2\/comments?post=58425"}],"wp:featuredmedia":[{"embeddable":true,"href":"https:\/\/de-prime.com\/index.php\/wp-json\/"}],"wp:attachment":[{"href":"https:\/\/de-prime.com\/index.php\/wp-json\/wp\/v2\/media?parent=58425"}],"wp:term":[{"taxonomy":"product_brand","embeddable":true,"href":"https:\/\/de-prime.com\/index.php\/wp-json\/wp\/v2\/product_brand?post=58425"},{"taxonomy":"product_cat","embeddable":true,"href":"https:\/\/de-prime.com\/index.php\/wp-json\/wp\/v2\/product_cat?post=58425"},{"taxonomy":"product_tag","embeddable":true,"href":"https:\/\/de-prime.com\/index.php\/wp-json\/wp\/v2\/product_tag?post=58425"}],"curies":[{"name":"wp","href":"https:\/\/api.w.org\/{rel}","templated":true}]}}