{"id":58422,"date":"2024-10-03T21:14:59","date_gmt":"2024-10-03T19:14:59","guid":{"rendered":"https:\/\/de-prime.com\/?p=58422"},"modified":"2024-10-03T21:36:34","modified_gmt":"2024-10-03T19:36:34","slug":"handtuchleiter-mit-5-sprossen-bambus-150-cm","status":"publish","type":"product","link":"https:\/\/de-prime.com\/index.php\/product\/handtuchleiter-mit-5-sprossen-bambus-150-cm\/","title":{"rendered":"Handtuchleiter mit 5 Sprossen Bambus 150 cm"},"content":{"rendered":"<p>Diese Handtuchleiter aus Bambus ist so gestaltet, dass sie als Handtuchhalter im Bad oder als Dekoration in Ihrem Haus eingesetzt werden kann. Die Leiter ist freistehend, sodass sie sich ganz einfach an der Wand lehnen l\u00e4sst, um Platz f\u00fcr Handt\u00fccher zu bieten, die somit getrocknet bzw. griffbereit aufbewahrt werden k\u00f6nnen. Die Leiter besteht aus qualitativ hochwertigem Bambus und ist daher stark genug, um selbst bei Hausarbeiten eingesetzt zu werden.<\/p>\n<ul>\n<li>Farbe: Braun<\/li>\n<li>Material: Bambus<\/li>\n<li>Gr\u00f6\u00dfe: 40 x 150 cm (B x H)<\/li>\n<li>Mit 5 Sprossen<\/li>\n<li>Zur Trocknung oder Aufbewahrung der Handt\u00fccher im Bad verwendet<\/li>\n<\/ul>\n","protected":false},"excerpt":{"rendered":"<ul>\n<li>Farbe: Braun<\/li>\n<li>Material: Bambus<\/li>\n<li>Gr\u00f6\u00dfe: 40 x 150 cm (B x H)<\/li>\n<li>Mit 5 Sprossen<\/li>\n<li>Zur Trocknung oder Aufbewahrung der Handt\u00fccher im Bad verwendet<\/li>\n<\/ul>\n","protected":false},"featured_media":10000058422,"comment_status":"closed","ping_status":"closed","template":"","meta":[],"product_brand":[],"product_cat":[7057,7091,7048],"product_tag":[],"class_list":{"0":"post-58422","1":"product","2":"type-product","3":"status-publish","4":"has-post-thumbnail","6":"product_cat-badzubehoer","7":"product_cat-handtuchhalter","8":"product_cat-heim-garten","10":"first","11":"instock","12":"taxable","13":"shipping-taxable","14":"purchasable","15":"product-type-simple","16":"add-to-wishlist-after_add_to_cart"},"jetpack_sharing_enabled":true,"_links":{"self":[{"href":"https:\/\/de-prime.com\/index.php\/wp-json\/wp\/v2\/product\/58422","targetHints":{"allow":["GET"]}}],"collection":[{"href":"https:\/\/de-prime.com\/index.php\/wp-json\/wp\/v2\/product"}],"about":[{"href":"https:\/\/de-prime.com\/index.php\/wp-json\/wp\/v2\/types\/product"}],"replies":[{"embeddable":true,"href":"https:\/\/de-prime.com\/index.php\/wp-json\/wp\/v2\/comments?post=58422"}],"wp:featuredmedia":[{"embeddable":true,"href":"https:\/\/de-prime.com\/index.php\/wp-json\/"}],"wp:attachment":[{"href":"https:\/\/de-prime.com\/index.php\/wp-json\/wp\/v2\/media?parent=58422"}],"wp:term":[{"taxonomy":"product_brand","embeddable":true,"href":"https:\/\/de-prime.com\/index.php\/wp-json\/wp\/v2\/product_brand?post=58422"},{"taxonomy":"product_cat","embeddable":true,"href":"https:\/\/de-prime.com\/index.php\/wp-json\/wp\/v2\/product_cat?post=58422"},{"taxonomy":"product_tag","embeddable":true,"href":"https:\/\/de-prime.com\/index.php\/wp-json\/wp\/v2\/product_tag?post=58422"}],"curies":[{"name":"wp","href":"https:\/\/api.w.org\/{rel}","templated":true}]}}