{"id":58418,"date":"2024-10-03T21:15:10","date_gmt":"2024-10-03T19:15:10","guid":{"rendered":"https:\/\/de-prime.com\/?p=58418"},"modified":"2024-10-03T21:36:28","modified_gmt":"2024-10-03T19:36:28","slug":"tiger-handtuchhalter-bold-mattschwarz","status":"publish","type":"product","link":"https:\/\/de-prime.com\/index.php\/product\/tiger-handtuchhalter-bold-mattschwarz\/","title":{"rendered":"Tiger Handtuchhalter Bold Mattschwarz"},"content":{"rendered":"<p>Dieser einfach zu montierende Handtuchhalter Bold von Tiger verf\u00fcgt \u00fcber eine einzelne breite Stange, an der Bad- und WC-Handt\u00fccher aufgeh\u00e4ngt werden k\u00f6nnen. Dieser funktionelle Handtuchhalter l\u00e4sst sich einfach in jeder beliebigen Position an der Wand montieren, sodass Sie Handt\u00fccher in Reichweite aufh\u00e4ngen k\u00f6nnen. Das Produkt ist an einer Wandplatte befestigt, damit die mitgelieferte Montagevorrichtung verborgen bleibt, was f\u00fcr einen stilvollen Look sorgt. Der Handtuchhalter kann auch mit TigerFix Typ 2 montiert werden, einem patentierten Klebesystem, mit dem Sie Montagezubeh\u00f6r schnell und einfach an einer glatten, harten Oberfl\u00e4che befestigen k\u00f6nnen. Bohren ist dabei nicht erforderlich und das Zubeh\u00f6r l\u00e4sst sich leicht und r\u00fcckstandsfrei von der Montagefl\u00e4che entfernen. Bitte beachten Sie, dass der TigerFix Typ 2 separat erh\u00e4ltlich ist.<\/p>\n<ul>\n<li>Farbe: Matt-Schwarz<\/li>\n<li>Material: Edelstahl<\/li>\n<li>Abmessungen: 60 x 3,9 x 8,3 cm cm<\/li>\n<li>Verdeckte Befestigungsmaterialien: keine sichtbare Montagevorrichtung<\/li>\n<li>Kann mit Schrauben oder mit TigerFix Typ 2 montiert werden (kein Bohren von L\u00f6chern erforderlich)<\/li>\n<li>Einfache Montage<\/li>\n<li>Inkl. Montagematerialien<\/li>\n<\/ul>\n","protected":false},"excerpt":{"rendered":"<ul>\n<li>Farbe: Matt-Schwarz<\/li>\n<li>Material: Edelstahl<\/li>\n<li>Abmessungen: 60 x 3,9 x 8,3 cm cm<\/li>\n<li>Verdeckte Befestigungsmaterialien: keine sichtbare Montagevorrichtung<\/li>\n<li>Kann mit Schrauben oder mit TigerFix Typ 2 montiert werden (kein Bohren von L\u00f6chern erforderlich)<\/li>\n<li>Einfache Montage<\/li>\n<li>Inkl. Montagematerialien<\/li>\n<\/ul>\n","protected":false},"featured_media":10000058418,"comment_status":"closed","ping_status":"closed","template":"","meta":[],"product_brand":[],"product_cat":[7057,7091,7048],"product_tag":[],"class_list":{"0":"post-58418","1":"product","2":"type-product","3":"status-publish","4":"has-post-thumbnail","6":"product_cat-badzubehoer","7":"product_cat-handtuchhalter","8":"product_cat-heim-garten","10":"first","11":"outofstock","12":"taxable","13":"shipping-taxable","14":"purchasable","15":"product-type-simple","16":"add-to-wishlist-after_add_to_cart"},"jetpack_sharing_enabled":true,"_links":{"self":[{"href":"https:\/\/de-prime.com\/index.php\/wp-json\/wp\/v2\/product\/58418","targetHints":{"allow":["GET"]}}],"collection":[{"href":"https:\/\/de-prime.com\/index.php\/wp-json\/wp\/v2\/product"}],"about":[{"href":"https:\/\/de-prime.com\/index.php\/wp-json\/wp\/v2\/types\/product"}],"replies":[{"embeddable":true,"href":"https:\/\/de-prime.com\/index.php\/wp-json\/wp\/v2\/comments?post=58418"}],"wp:featuredmedia":[{"embeddable":true,"href":"https:\/\/de-prime.com\/index.php\/wp-json\/"}],"wp:attachment":[{"href":"https:\/\/de-prime.com\/index.php\/wp-json\/wp\/v2\/media?parent=58418"}],"wp:term":[{"taxonomy":"product_brand","embeddable":true,"href":"https:\/\/de-prime.com\/index.php\/wp-json\/wp\/v2\/product_brand?post=58418"},{"taxonomy":"product_cat","embeddable":true,"href":"https:\/\/de-prime.com\/index.php\/wp-json\/wp\/v2\/product_cat?post=58418"},{"taxonomy":"product_tag","embeddable":true,"href":"https:\/\/de-prime.com\/index.php\/wp-json\/wp\/v2\/product_tag?post=58418"}],"curies":[{"name":"wp","href":"https:\/\/api.w.org\/{rel}","templated":true}]}}