{"id":58416,"date":"2024-10-03T21:15:20","date_gmt":"2024-10-03T19:15:20","guid":{"rendered":"https:\/\/de-prime.com\/?p=58416"},"modified":"2024-10-03T21:36:21","modified_gmt":"2024-10-03T19:36:21","slug":"ridder-handtuchstange-mit-haken-555-x-65-x-46-cm-chrom-12120100","status":"publish","type":"product","link":"https:\/\/de-prime.com\/index.php\/product\/ridder-handtuchstange-mit-haken-555-x-65-x-46-cm-chrom-12120100\/","title":{"rendered":"RIDDER Handtuchstange mit Haken 55,5 x 6,5 x 4,6 cm Chrom 12120100"},"content":{"rendered":"<p>Sie suchen nach einer M\u00f6glichkeit zum Trocknen Ihrer Badet\u00fccher oder zum Aufh\u00e4ngen der G\u00e4stet\u00fccher, m\u00f6chten diese aber nicht mit Schrauben an Ihrer Wand oder gar in Ihren Fliesen verewigen? Dann ist die RIDDER Handtuchstange mit Haken und Saughaltern die ideale L\u00f6sung! Das einzigartige Saugsystem ist durch eine 90\u00b0 Drehung einfach zu fixieren und auch wieder zu l\u00f6sen. Die Saugn\u00e4pfe bieten eine hohe Haltekraft auf allen Fliesen. Mit den mitgelieferten Klebepads k\u00f6nnen sogar Tapeten und verschiedene Putzarten als Untergrund verwendet werden. Die Saugn\u00e4pfe sind aus weichem, leicht zu reinigendem Kunststoff gefertigt und hinterlassen beim Entfernen keine Spuren. Die Abdeckungen der Saugn\u00e4pfe sind aus hochwertigem Hartkunststoff gefertigt. Dank der integrierten Abziehlasche an den Saugn\u00e4pfen ist das Entfernen kinderleicht. Die mitgelieferten Klebepads sind auch sehr praktisch, wenn die Fliese zu rau ist oder feine (unsichtbare) Risse aufweist. F\u00fcr die perfekte Hygiene empfehlen wir, die Handtuchstange alle 4 Wochen zu entfernen, die Oberfl\u00e4che gr\u00fcndlich zu reinigen, die Saugn\u00e4pfe mit sauberem Wasser abzusp\u00fclen und alles vor der Neuinstallation abzutrocknen.<\/p>\n<ul>\n<li>Farbe: Chrom und Grau<\/li>\n<li>Material: Edelstahl \/ ABS (Acrylnitril-Butadien-Styrol)<\/li>\n<li>Abmessungen: 55,5 x 6,5 x 4,6 cm (L x B x H)<\/li>\n<li>Saugnapfdurchmesser: 6 cm<\/li>\n<li>Befestigt mit Saugn\u00e4pfen, kein Bohren oder Klebstoff ben\u00f6tigt<\/li>\n<li>Mit abnehmbaren Kunststoffhaken<\/li>\n<\/ul>\n","protected":false},"excerpt":{"rendered":"<ul>\n<li>Farbe: Chrom und Grau<\/li>\n<li>Material: Edelstahl \/ ABS (Acrylnitril-Butadien-Styrol)<\/li>\n<li>Abmessungen: 55,5 x 6,5 x 4,6 cm (L x B x H)<\/li>\n<li>Saugnapfdurchmesser: 6 cm<\/li>\n<li>Befestigt mit Saugn\u00e4pfen, kein Bohren oder Klebstoff ben\u00f6tigt<\/li>\n<li>Mit abnehmbaren Kunststoffhaken<\/li>\n<\/ul>\n","protected":false},"featured_media":10000058416,"comment_status":"closed","ping_status":"closed","template":"","meta":[],"product_brand":[],"product_cat":[7057,7091,7048],"product_tag":[],"class_list":{"0":"post-58416","1":"product","2":"type-product","3":"status-publish","4":"has-post-thumbnail","6":"product_cat-badzubehoer","7":"product_cat-handtuchhalter","8":"product_cat-heim-garten","10":"first","11":"outofstock","12":"taxable","13":"shipping-taxable","14":"purchasable","15":"product-type-simple","16":"add-to-wishlist-after_add_to_cart"},"jetpack_sharing_enabled":true,"_links":{"self":[{"href":"https:\/\/de-prime.com\/index.php\/wp-json\/wp\/v2\/product\/58416","targetHints":{"allow":["GET"]}}],"collection":[{"href":"https:\/\/de-prime.com\/index.php\/wp-json\/wp\/v2\/product"}],"about":[{"href":"https:\/\/de-prime.com\/index.php\/wp-json\/wp\/v2\/types\/product"}],"replies":[{"embeddable":true,"href":"https:\/\/de-prime.com\/index.php\/wp-json\/wp\/v2\/comments?post=58416"}],"wp:featuredmedia":[{"embeddable":true,"href":"https:\/\/de-prime.com\/index.php\/wp-json\/"}],"wp:attachment":[{"href":"https:\/\/de-prime.com\/index.php\/wp-json\/wp\/v2\/media?parent=58416"}],"wp:term":[{"taxonomy":"product_brand","embeddable":true,"href":"https:\/\/de-prime.com\/index.php\/wp-json\/wp\/v2\/product_brand?post=58416"},{"taxonomy":"product_cat","embeddable":true,"href":"https:\/\/de-prime.com\/index.php\/wp-json\/wp\/v2\/product_cat?post=58416"},{"taxonomy":"product_tag","embeddable":true,"href":"https:\/\/de-prime.com\/index.php\/wp-json\/wp\/v2\/product_tag?post=58416"}],"curies":[{"name":"wp","href":"https:\/\/api.w.org\/{rel}","templated":true}]}}