{"id":58413,"date":"2024-10-03T21:15:29","date_gmt":"2024-10-03T19:15:29","guid":{"rendered":"https:\/\/de-prime.com\/?p=58413"},"modified":"2024-10-03T21:36:14","modified_gmt":"2024-10-03T19:36:14","slug":"handtuchregal-wandmontage-60x25x20-cm-bambus","status":"publish","type":"product","link":"https:\/\/de-prime.com\/index.php\/product\/handtuchregal-wandmontage-60x25x20-cm-bambus\/","title":{"rendered":"Handtuchregal Wandmontage 60x25x20 cm Bambus"},"content":{"rendered":"<p>Optimiere den Platz in deinem Badezimmer und verleihe ihm einen stilvollen Look mit diesem Handtuchregal! Langlebiges Material: Bambus ist f\u00fcr seine Flexibilit\u00e4t und Festigkeit bekannt. Bambusm\u00f6bel sind eine gute Wahl, wenn du nach robusten M\u00f6belst\u00fccken aus nat\u00fcrlichen Materialien suchst. Dar\u00fcber hinaus verhindert die Lackbehandlung Kratzer auf dem Badetuchhalter und macht das Holz auch wasserfest.Meister der Aufbewahrung: Das Regal verf\u00fcgt \u00fcber eine Ablage und eine Stange und bietet dadurch reichlich Platz f\u00fcr Handt\u00fccher, um f\u00fcr Ordnung in deinem Badezimmer zu sorgen. Zudem trocknen nasse Handt\u00fccher schneller auf dem Regal, wodurch unangenehme Ger\u00fcche vermieden werden.Latten-Design: Das Latten-Design verhindert die Ansammlung von Wasser auf dem Handtuchregal, sodass die Oberfl\u00e4che trocken bleibt und Verrottung verhindert wird.Wandmontage: Der Handtuchhalter l\u00e4sst sich an der Wand befestigen. Auf diese Weise kannst du deine Bodenfl\u00e4che maximieren und f\u00fcr Ordnung im Raum sorgen. Gut zu wissen:Schrauben und D\u00fcbel sind f\u00fcr die Befestigung an der Wand nicht im Lieferumfang enthalten. Wir empfehlen, speziell f\u00fcr deine W\u00e4nde geeignete Schrauben und D\u00fcbel zu finden und zu verwenden. Im Zweifelsfall wende dich an einen Fachmann. Bitte lese und befolge jeden Schritt der Anweisungen.<\/p>\n<ul>\n<li>Material: Bambus mit transparenten Lackierung<\/li>\n<li>Abmessungen: 60 x 25 x 20 cm (L x B x H)<\/li>\n<li>Max. Belastbarkeit: 5 kg<\/li>\n<li>Zusammenbau erforderlich: Ja<\/li>\n<\/ul>\n","protected":false},"excerpt":{"rendered":"<ul>\n<li>Material: Bambus mit transparenten Lackierung<\/li>\n<li>Abmessungen: 60 x 25 x 20 cm (L x B x H)<\/li>\n<li>Max. Belastbarkeit: 5 kg<\/li>\n<li>Zusammenbau erforderlich: Ja<\/li>\n<\/ul>\n","protected":false},"featured_media":10000058413,"comment_status":"closed","ping_status":"closed","template":"","meta":[],"product_brand":[],"product_cat":[7057,7091,7048],"product_tag":[],"class_list":{"0":"post-58413","1":"product","2":"type-product","3":"status-publish","4":"has-post-thumbnail","6":"product_cat-badzubehoer","7":"product_cat-handtuchhalter","8":"product_cat-heim-garten","10":"first","11":"instock","12":"taxable","13":"shipping-taxable","14":"purchasable","15":"product-type-simple","16":"add-to-wishlist-after_add_to_cart"},"jetpack_sharing_enabled":true,"_links":{"self":[{"href":"https:\/\/de-prime.com\/index.php\/wp-json\/wp\/v2\/product\/58413","targetHints":{"allow":["GET"]}}],"collection":[{"href":"https:\/\/de-prime.com\/index.php\/wp-json\/wp\/v2\/product"}],"about":[{"href":"https:\/\/de-prime.com\/index.php\/wp-json\/wp\/v2\/types\/product"}],"replies":[{"embeddable":true,"href":"https:\/\/de-prime.com\/index.php\/wp-json\/wp\/v2\/comments?post=58413"}],"wp:featuredmedia":[{"embeddable":true,"href":"https:\/\/de-prime.com\/index.php\/wp-json\/"}],"wp:attachment":[{"href":"https:\/\/de-prime.com\/index.php\/wp-json\/wp\/v2\/media?parent=58413"}],"wp:term":[{"taxonomy":"product_brand","embeddable":true,"href":"https:\/\/de-prime.com\/index.php\/wp-json\/wp\/v2\/product_brand?post=58413"},{"taxonomy":"product_cat","embeddable":true,"href":"https:\/\/de-prime.com\/index.php\/wp-json\/wp\/v2\/product_cat?post=58413"},{"taxonomy":"product_tag","embeddable":true,"href":"https:\/\/de-prime.com\/index.php\/wp-json\/wp\/v2\/product_tag?post=58413"}],"curies":[{"name":"wp","href":"https:\/\/api.w.org\/{rel}","templated":true}]}}