{"id":58405,"date":"2024-10-03T21:15:48","date_gmt":"2024-10-03T19:15:48","guid":{"rendered":"https:\/\/de-prime.com\/?p=58405"},"modified":"2024-10-03T21:36:01","modified_gmt":"2024-10-03T19:36:01","slug":"waschmaschinenregal-grau-87x55x905-cm-eisen","status":"publish","type":"product","link":"https:\/\/de-prime.com\/index.php\/product\/waschmaschinenregal-grau-87x55x905-cm-eisen\/","title":{"rendered":"Waschmaschinenregal Grau 87x55x90,5 cm Eisen"},"content":{"rendered":"<p>Dieses Waschmaschinenregal bietet definitiv eine perfekte L\u00f6sung, um zus\u00e4tzlichen Stauraum in einem \u00fcberf\u00fcllten Bad oder einer \u00fcberf\u00fcllten Waschk\u00fcche zu schaffen. Robuste Struktur: Der Eisenrahmen sorgt f\u00fcr Robustheit und Stabilit\u00e4t.Platzsparend: Das Regal nutzt den freien Platz \u00fcber und neben der Waschmaschine optimal aus und schafft mehrere zus\u00e4tzliche Ablagefl\u00e4chen, auf denen Waschmittel, Waschpulver, Shampoo, Badegel usw. aufbewahrt werden k\u00f6nnen.Auff\u00e4lliges Design: Das aus Eisen und Vliesstoff gefertigte Waschmaschinenregal zeichnet sich durch ein schlichtes und dennoch stilvolles Design aus, das sich leicht in die Badeinrichtung integrieren l\u00e4sst. Achtung:Um das Umkippen zu verhindern, muss dieses Produkt mit der mitgelieferten Wandhalterung gesichert werden.<\/p>\n<ul>\n<li>Farbe: Grau<\/li>\n<li>Material: Eisen, Vliesstoff (100 % Polyester) <\/li>\n<li>Abmessungen: 87 x 55 x 90,5 cm (L x B x H) <\/li>\n<li>Rohrdurchmesser: 16 mm<\/li>\n<li>Zusammenbau erforderlich: Ja<\/li>\n<li>Legal Documents:\n<p><span>Weitere Informationen, wie Sie Ihre M\u00f6bel vor dem Umkippen sch\u00fctzen k\u00f6nnen; finden Sie <a title=\"https:\/\/bit.ly\/34j3g16\" href=\"https:\/\/bit.ly\/34j3g16\" target=\"_blank\" rel=\"noopener\">hier<\/a><\/span><\/p>\n<\/li>\n<\/ul>\n","protected":false},"excerpt":{"rendered":"<ul>\n<li>Farbe: Grau<\/li>\n<li>Material: Eisen, Vliesstoff (100 % Polyester) <\/li>\n<li>Abmessungen: 87 x 55 x 90,5 cm (L x B x H) <\/li>\n<li>Rohrdurchmesser: 16 mm<\/li>\n<li>Zusammenbau erforderlich: Ja<\/li>\n<li>Legal Documents:\n<p><span>Weitere Informationen, wie Sie Ihre M\u00f6bel vor dem Umkippen sch\u00fctzen k\u00f6nnen; finden Sie <a title=\"https:\/\/bit.ly\/34j3g16\" href=\"https:\/\/bit.ly\/34j3g16\" target=\"_blank\" rel=\"noopener\">hier<\/a><\/span><\/p>\n<\/li>\n<\/ul>\n","protected":false},"featured_media":10000058405,"comment_status":"closed","ping_status":"closed","template":"","meta":[],"product_brand":[],"product_cat":[7057,7091,7048],"product_tag":[],"class_list":{"0":"post-58405","1":"product","2":"type-product","3":"status-publish","4":"has-post-thumbnail","6":"product_cat-badzubehoer","7":"product_cat-handtuchhalter","8":"product_cat-heim-garten","10":"first","11":"instock","12":"taxable","13":"shipping-taxable","14":"purchasable","15":"product-type-simple","16":"add-to-wishlist-after_add_to_cart"},"jetpack_sharing_enabled":true,"_links":{"self":[{"href":"https:\/\/de-prime.com\/index.php\/wp-json\/wp\/v2\/product\/58405","targetHints":{"allow":["GET"]}}],"collection":[{"href":"https:\/\/de-prime.com\/index.php\/wp-json\/wp\/v2\/product"}],"about":[{"href":"https:\/\/de-prime.com\/index.php\/wp-json\/wp\/v2\/types\/product"}],"replies":[{"embeddable":true,"href":"https:\/\/de-prime.com\/index.php\/wp-json\/wp\/v2\/comments?post=58405"}],"wp:featuredmedia":[{"embeddable":true,"href":"https:\/\/de-prime.com\/index.php\/wp-json\/"}],"wp:attachment":[{"href":"https:\/\/de-prime.com\/index.php\/wp-json\/wp\/v2\/media?parent=58405"}],"wp:term":[{"taxonomy":"product_brand","embeddable":true,"href":"https:\/\/de-prime.com\/index.php\/wp-json\/wp\/v2\/product_brand?post=58405"},{"taxonomy":"product_cat","embeddable":true,"href":"https:\/\/de-prime.com\/index.php\/wp-json\/wp\/v2\/product_cat?post=58405"},{"taxonomy":"product_tag","embeddable":true,"href":"https:\/\/de-prime.com\/index.php\/wp-json\/wp\/v2\/product_tag?post=58405"}],"curies":[{"name":"wp","href":"https:\/\/api.w.org\/{rel}","templated":true}]}}