{"id":58387,"date":"2024-10-03T21:16:36","date_gmt":"2024-10-03T19:16:36","guid":{"rendered":"https:\/\/de-prime.com\/?p=58387"},"modified":"2024-10-03T21:35:29","modified_gmt":"2024-10-03T19:35:29","slug":"handtuchstaender-gold-48x24x785-cm-eisen","status":"publish","type":"product","link":"https:\/\/de-prime.com\/index.php\/product\/handtuchstaender-gold-48x24x785-cm-eisen\/","title":{"rendered":"Handtuchst\u00e4nder Gold 48x24x78,5 cm Eisen"},"content":{"rendered":"<p>Optimiere den Platz in deinem Badezimmer und verleihe ihm einen stilvollen Look mit diesem freistehenden Handtuchhalter! Erstklassiges Material: Der Eisenrahmen sorgt f\u00fcr Robustheit und Stabilit\u00e4t.Meister der Aufbewahrung: Der Handtuchst\u00e4nder mit 2 Ebenen bietet reichlich Platz zum Aufh\u00e4ngen von Handt\u00fcchern und sorgt so f\u00fcr Ordnung in deinem Badezimmer.Multifunktional: Das Badezimmerst\u00e4nder kann auch als Trockenregal, Zubeh\u00f6r-Organisator usw. verwendet werden.<\/p>\n<ul>\n<li>Farbe: Golden<\/li>\n<li>Material: Eisen<\/li>\n<li>Abmessungen: 48 x 24 x 78,5 cm (B x T x H)<\/li>\n<li>Zusammenbau erforderlich: Ja<\/li>\n<\/ul>\n","protected":false},"excerpt":{"rendered":"<ul>\n<li>Farbe: Golden<\/li>\n<li>Material: Eisen<\/li>\n<li>Abmessungen: 48 x 24 x 78,5 cm (B x T x H)<\/li>\n<li>Zusammenbau erforderlich: Ja<\/li>\n<\/ul>\n","protected":false},"featured_media":10000058387,"comment_status":"closed","ping_status":"closed","template":"","meta":[],"product_brand":[],"product_cat":[7057,7091,7048],"product_tag":[],"class_list":{"0":"post-58387","1":"product","2":"type-product","3":"status-publish","4":"has-post-thumbnail","6":"product_cat-badzubehoer","7":"product_cat-handtuchhalter","8":"product_cat-heim-garten","10":"first","11":"instock","12":"taxable","13":"shipping-taxable","14":"purchasable","15":"product-type-simple","16":"add-to-wishlist-after_add_to_cart"},"jetpack_sharing_enabled":true,"_links":{"self":[{"href":"https:\/\/de-prime.com\/index.php\/wp-json\/wp\/v2\/product\/58387","targetHints":{"allow":["GET"]}}],"collection":[{"href":"https:\/\/de-prime.com\/index.php\/wp-json\/wp\/v2\/product"}],"about":[{"href":"https:\/\/de-prime.com\/index.php\/wp-json\/wp\/v2\/types\/product"}],"replies":[{"embeddable":true,"href":"https:\/\/de-prime.com\/index.php\/wp-json\/wp\/v2\/comments?post=58387"}],"wp:featuredmedia":[{"embeddable":true,"href":"https:\/\/de-prime.com\/index.php\/wp-json\/"}],"wp:attachment":[{"href":"https:\/\/de-prime.com\/index.php\/wp-json\/wp\/v2\/media?parent=58387"}],"wp:term":[{"taxonomy":"product_brand","embeddable":true,"href":"https:\/\/de-prime.com\/index.php\/wp-json\/wp\/v2\/product_brand?post=58387"},{"taxonomy":"product_cat","embeddable":true,"href":"https:\/\/de-prime.com\/index.php\/wp-json\/wp\/v2\/product_cat?post=58387"},{"taxonomy":"product_tag","embeddable":true,"href":"https:\/\/de-prime.com\/index.php\/wp-json\/wp\/v2\/product_tag?post=58387"}],"curies":[{"name":"wp","href":"https:\/\/api.w.org\/{rel}","templated":true}]}}