{"id":58385,"date":"2024-10-03T21:16:41","date_gmt":"2024-10-03T19:16:41","guid":{"rendered":"https:\/\/de-prime.com\/?p=58385"},"modified":"2024-10-03T21:35:26","modified_gmt":"2024-10-03T19:35:26","slug":"handtuchhalter-freistehend-schwarz-48x24x785-cm-eisen","status":"publish","type":"product","link":"https:\/\/de-prime.com\/index.php\/product\/handtuchhalter-freistehend-schwarz-48x24x785-cm-eisen\/","title":{"rendered":"Handtuchhalter Freistehend Schwarz 48x24x78,5 cm Eisen"},"content":{"rendered":"<p>Diese Handtuchstange wird in deinem Badezimmer eine praktische Erg\u00e4nzung und eine dekorative Bereicherung sein. Der freistehende Handtuchhalter ist aus solidem Eisen gefertigt, das ihn stabil und langlebig macht. Die Handtuchstangen auf 2 H\u00f6hen bieten ausreichend Platz zum Aufh\u00e4ngen von Handt\u00fcchern. So kannst du dein Badezimmer aufger\u00e4umter gestalten. Au\u00dferdem kann der Handtuchst\u00e4nder auch zum Trocknen von T\u00fcchern, Waschlappen oder anderen Sachen verwendet werden.<\/p>\n<ul>\n<li>Farbe: Schwarz<\/li>\n<li>Material: Eisen<\/li>\n<li>Abmessungen: 48 x 24 x 78,5 cm (B x T x H)<\/li>\n<li>Zusammenbau erforderlich: Ja<\/li>\n<\/ul>\n","protected":false},"excerpt":{"rendered":"<ul>\n<li>Farbe: Schwarz<\/li>\n<li>Material: Eisen<\/li>\n<li>Abmessungen: 48 x 24 x 78,5 cm (B x T x H)<\/li>\n<li>Zusammenbau erforderlich: Ja<\/li>\n<\/ul>\n","protected":false},"featured_media":10000058385,"comment_status":"closed","ping_status":"closed","template":"","meta":[],"product_brand":[],"product_cat":[7057,7091,7048],"product_tag":[],"class_list":{"0":"post-58385","1":"product","2":"type-product","3":"status-publish","4":"has-post-thumbnail","6":"product_cat-badzubehoer","7":"product_cat-handtuchhalter","8":"product_cat-heim-garten","10":"first","11":"instock","12":"taxable","13":"shipping-taxable","14":"purchasable","15":"product-type-simple","16":"add-to-wishlist-after_add_to_cart"},"jetpack_sharing_enabled":true,"_links":{"self":[{"href":"https:\/\/de-prime.com\/index.php\/wp-json\/wp\/v2\/product\/58385","targetHints":{"allow":["GET"]}}],"collection":[{"href":"https:\/\/de-prime.com\/index.php\/wp-json\/wp\/v2\/product"}],"about":[{"href":"https:\/\/de-prime.com\/index.php\/wp-json\/wp\/v2\/types\/product"}],"replies":[{"embeddable":true,"href":"https:\/\/de-prime.com\/index.php\/wp-json\/wp\/v2\/comments?post=58385"}],"wp:featuredmedia":[{"embeddable":true,"href":"https:\/\/de-prime.com\/index.php\/wp-json\/"}],"wp:attachment":[{"href":"https:\/\/de-prime.com\/index.php\/wp-json\/wp\/v2\/media?parent=58385"}],"wp:term":[{"taxonomy":"product_brand","embeddable":true,"href":"https:\/\/de-prime.com\/index.php\/wp-json\/wp\/v2\/product_brand?post=58385"},{"taxonomy":"product_cat","embeddable":true,"href":"https:\/\/de-prime.com\/index.php\/wp-json\/wp\/v2\/product_cat?post=58385"},{"taxonomy":"product_tag","embeddable":true,"href":"https:\/\/de-prime.com\/index.php\/wp-json\/wp\/v2\/product_tag?post=58385"}],"curies":[{"name":"wp","href":"https:\/\/api.w.org\/{rel}","templated":true}]}}