{"id":58378,"date":"2024-10-03T21:17:00","date_gmt":"2024-10-03T19:17:00","guid":{"rendered":"https:\/\/de-prime.com\/?p=58378"},"modified":"2024-10-03T21:35:10","modified_gmt":"2024-10-03T19:35:10","slug":"handtuchstaender-schwarz-60x10x116-cm-stahl","status":"publish","type":"product","link":"https:\/\/de-prime.com\/index.php\/product\/handtuchstaender-schwarz-60x10x116-cm-stahl\/","title":{"rendered":"Handtuchst\u00e4nder Schwarz 60x10x116 cm Stahl"},"content":{"rendered":"<p>Dieser Handtuchhalter ist sowohl eine praktische als auch dekorative Erg\u00e4nzung zu Ihrem Badezimmer. Der Handtuchhalter besteht aus robustem Stahl, wodurch er stabil und langlebig ist. Das Wandregal bietet ausreichend Platz f\u00fcr Handt\u00fccher, um Ihr Badezimmer \u00fcbersichtlich zu halten.<\/p>\n<ul>\n<li>Farbe: Schwarz <\/li>\n<li>Material: Stahl<\/li>\n<li>Abmessungen: 60 x 10 x 116 cm (B x T x H)<\/li>\n<li>Zusammenbau erforderlich: Ja<\/li>\n<\/ul>\n","protected":false},"excerpt":{"rendered":"<ul>\n<li>Farbe: Schwarz <\/li>\n<li>Material: Stahl<\/li>\n<li>Abmessungen: 60 x 10 x 116 cm (B x T x H)<\/li>\n<li>Zusammenbau erforderlich: Ja<\/li>\n<\/ul>\n","protected":false},"featured_media":10000058378,"comment_status":"closed","ping_status":"closed","template":"","meta":[],"product_brand":[],"product_cat":[7057,7091,7048],"product_tag":[],"class_list":{"0":"post-58378","1":"product","2":"type-product","3":"status-publish","4":"has-post-thumbnail","6":"product_cat-badzubehoer","7":"product_cat-handtuchhalter","8":"product_cat-heim-garten","10":"first","11":"instock","12":"taxable","13":"shipping-taxable","14":"purchasable","15":"product-type-simple","16":"add-to-wishlist-after_add_to_cart"},"jetpack_sharing_enabled":true,"_links":{"self":[{"href":"https:\/\/de-prime.com\/index.php\/wp-json\/wp\/v2\/product\/58378","targetHints":{"allow":["GET"]}}],"collection":[{"href":"https:\/\/de-prime.com\/index.php\/wp-json\/wp\/v2\/product"}],"about":[{"href":"https:\/\/de-prime.com\/index.php\/wp-json\/wp\/v2\/types\/product"}],"replies":[{"embeddable":true,"href":"https:\/\/de-prime.com\/index.php\/wp-json\/wp\/v2\/comments?post=58378"}],"wp:featuredmedia":[{"embeddable":true,"href":"https:\/\/de-prime.com\/index.php\/wp-json\/"}],"wp:attachment":[{"href":"https:\/\/de-prime.com\/index.php\/wp-json\/wp\/v2\/media?parent=58378"}],"wp:term":[{"taxonomy":"product_brand","embeddable":true,"href":"https:\/\/de-prime.com\/index.php\/wp-json\/wp\/v2\/product_brand?post=58378"},{"taxonomy":"product_cat","embeddable":true,"href":"https:\/\/de-prime.com\/index.php\/wp-json\/wp\/v2\/product_cat?post=58378"},{"taxonomy":"product_tag","embeddable":true,"href":"https:\/\/de-prime.com\/index.php\/wp-json\/wp\/v2\/product_tag?post=58378"}],"curies":[{"name":"wp","href":"https:\/\/api.w.org\/{rel}","templated":true}]}}