{"id":58373,"date":"2024-10-03T21:17:12","date_gmt":"2024-10-03T19:17:12","guid":{"rendered":"https:\/\/de-prime.com\/?p=58373"},"modified":"2024-10-03T21:35:01","modified_gmt":"2024-10-03T19:35:01","slug":"handtuchstaender-schwarz-125x125x60-cm-eisen","status":"publish","type":"product","link":"https:\/\/de-prime.com\/index.php\/product\/handtuchstaender-schwarz-125x125x60-cm-eisen\/","title":{"rendered":"Handtuchst\u00e4nder Schwarz 12,5&#215;12,5&#215;60 cm Eisen"},"content":{"rendered":"<p>Dieser Handtuchst\u00e4nder ist eine praktische sowie dekorative Erg\u00e4nzung f\u00fcr Ihr Bad. Der Handtuchhalter besteht aus robustem Eisen, wodurch er stabil und langlebig ist. Das Wandregal bietet ausreichend Platz f\u00fcr Handt\u00fccher, um Ihr Badezimmer \u00fcbersichtlich zu halten.<\/p>\n<ul>\n<li>Farbe: Schwarz <\/li>\n<li>Material: Eisen<\/li>\n<li>Abmessungen: 12,5 x 12,5 x 60 cm (B x T x H)<\/li>\n<li>Zusammenbau erforderlich: Ja<\/li>\n<\/ul>\n","protected":false},"excerpt":{"rendered":"<ul>\n<li>Farbe: Schwarz <\/li>\n<li>Material: Eisen<\/li>\n<li>Abmessungen: 12,5 x 12,5 x 60 cm (B x T x H)<\/li>\n<li>Zusammenbau erforderlich: Ja<\/li>\n<\/ul>\n","protected":false},"featured_media":10000058373,"comment_status":"closed","ping_status":"closed","template":"","meta":[],"product_brand":[],"product_cat":[7057,7091,7048],"product_tag":[],"class_list":{"0":"post-58373","1":"product","2":"type-product","3":"status-publish","4":"has-post-thumbnail","6":"product_cat-badzubehoer","7":"product_cat-handtuchhalter","8":"product_cat-heim-garten","10":"first","11":"instock","12":"taxable","13":"shipping-taxable","14":"purchasable","15":"product-type-simple","16":"add-to-wishlist-after_add_to_cart"},"jetpack_sharing_enabled":true,"_links":{"self":[{"href":"https:\/\/de-prime.com\/index.php\/wp-json\/wp\/v2\/product\/58373","targetHints":{"allow":["GET"]}}],"collection":[{"href":"https:\/\/de-prime.com\/index.php\/wp-json\/wp\/v2\/product"}],"about":[{"href":"https:\/\/de-prime.com\/index.php\/wp-json\/wp\/v2\/types\/product"}],"replies":[{"embeddable":true,"href":"https:\/\/de-prime.com\/index.php\/wp-json\/wp\/v2\/comments?post=58373"}],"wp:featuredmedia":[{"embeddable":true,"href":"https:\/\/de-prime.com\/index.php\/wp-json\/"}],"wp:attachment":[{"href":"https:\/\/de-prime.com\/index.php\/wp-json\/wp\/v2\/media?parent=58373"}],"wp:term":[{"taxonomy":"product_brand","embeddable":true,"href":"https:\/\/de-prime.com\/index.php\/wp-json\/wp\/v2\/product_brand?post=58373"},{"taxonomy":"product_cat","embeddable":true,"href":"https:\/\/de-prime.com\/index.php\/wp-json\/wp\/v2\/product_cat?post=58373"},{"taxonomy":"product_tag","embeddable":true,"href":"https:\/\/de-prime.com\/index.php\/wp-json\/wp\/v2\/product_tag?post=58373"}],"curies":[{"name":"wp","href":"https:\/\/api.w.org\/{rel}","templated":true}]}}