{"id":58370,"date":"2024-10-03T21:17:16","date_gmt":"2024-10-03T19:17:16","guid":{"rendered":"https:\/\/de-prime.com\/?p=58370"},"modified":"2024-10-03T21:34:58","modified_gmt":"2024-10-03T19:34:58","slug":"handtuchregal-zur-wandmontage-35x20x35-cm-teak-massivholz","status":"publish","type":"product","link":"https:\/\/de-prime.com\/index.php\/product\/handtuchregal-zur-wandmontage-35x20x35-cm-teak-massivholz\/","title":{"rendered":"Handtuchregal zur Wandmontage 35\u00d720\u00d735 cm Teak Massivholz"},"content":{"rendered":"<p>Dieser an der Wand montierbare Handtuchhalter im kolonialen und zugleich rustikalen Stil ist ein zeitloses Accessoire f\u00fcr Ihr Badezimmer. Das Handtuchregal besteht aus Teak-Massivholz in einem nat\u00fcrlichen Finish, wodurch es sehr stark und pflegeleicht ist. Dieser Handtuchhalter aus Holz hat ein offenes Regal auf der R\u00fcckseite, sodass Sie nicht nur Ihre Handt\u00fccher hier aufbewahren k\u00f6nnen, sondern auch ausreichend Platz f\u00fcr Kosmetika, Zahnpasta, Shampoos usw. haben.<\/p>\n<ul>\n<li>Material: Massives Teakholz mit nat\u00fcrlichem \u00d6l behandelt<\/li>\n<li>Abmessungen: 35 x 20 x 35 cm (B x T x H)<\/li>\n<li>Zur Wandmontage<\/li>\n<li>Mit Ablagefl\u00e4che<\/li>\n<\/ul>\n","protected":false},"excerpt":{"rendered":"<ul>\n<li>Material: Massives Teakholz mit nat\u00fcrlichem \u00d6l behandelt<\/li>\n<li>Abmessungen: 35 x 20 x 35 cm (B x T x H)<\/li>\n<li>Zur Wandmontage<\/li>\n<li>Mit Ablagefl\u00e4che<\/li>\n<\/ul>\n","protected":false},"featured_media":10000058370,"comment_status":"closed","ping_status":"closed","template":"","meta":[],"product_brand":[],"product_cat":[7057,7091,7048],"product_tag":[],"class_list":{"0":"post-58370","1":"product","2":"type-product","3":"status-publish","4":"has-post-thumbnail","6":"product_cat-badzubehoer","7":"product_cat-handtuchhalter","8":"product_cat-heim-garten","10":"first","11":"instock","12":"taxable","13":"shipping-taxable","14":"purchasable","15":"product-type-simple","16":"add-to-wishlist-after_add_to_cart"},"jetpack_sharing_enabled":true,"_links":{"self":[{"href":"https:\/\/de-prime.com\/index.php\/wp-json\/wp\/v2\/product\/58370","targetHints":{"allow":["GET"]}}],"collection":[{"href":"https:\/\/de-prime.com\/index.php\/wp-json\/wp\/v2\/product"}],"about":[{"href":"https:\/\/de-prime.com\/index.php\/wp-json\/wp\/v2\/types\/product"}],"replies":[{"embeddable":true,"href":"https:\/\/de-prime.com\/index.php\/wp-json\/wp\/v2\/comments?post=58370"}],"wp:featuredmedia":[{"embeddable":true,"href":"https:\/\/de-prime.com\/index.php\/wp-json\/"}],"wp:attachment":[{"href":"https:\/\/de-prime.com\/index.php\/wp-json\/wp\/v2\/media?parent=58370"}],"wp:term":[{"taxonomy":"product_brand","embeddable":true,"href":"https:\/\/de-prime.com\/index.php\/wp-json\/wp\/v2\/product_brand?post=58370"},{"taxonomy":"product_cat","embeddable":true,"href":"https:\/\/de-prime.com\/index.php\/wp-json\/wp\/v2\/product_cat?post=58370"},{"taxonomy":"product_tag","embeddable":true,"href":"https:\/\/de-prime.com\/index.php\/wp-json\/wp\/v2\/product_tag?post=58370"}],"curies":[{"name":"wp","href":"https:\/\/api.w.org\/{rel}","templated":true}]}}