{"id":58366,"date":"2024-10-03T21:17:27","date_gmt":"2024-10-03T19:17:27","guid":{"rendered":"https:\/\/de-prime.com\/?p=58366"},"modified":"2024-10-03T21:34:52","modified_gmt":"2024-10-03T19:34:52","slug":"toilettenregal-3-ablagen-silbern-53x28x169-cm","status":"publish","type":"product","link":"https:\/\/de-prime.com\/index.php\/product\/toilettenregal-3-ablagen-silbern-53x28x169-cm\/","title":{"rendered":"Toilettenregal 3 Ablagen Silbern 53x28x169 cm"},"content":{"rendered":"<p>Das WC-Regal mit 3 Ablagen ist auf jeden Fall die perfekte L\u00f6sung, um zus\u00e4tzlichen Platz im \u00fcberf\u00fcllten Badezimmer zu schaffen. Aus hochwertigem Edelstahl-Rahmen gefertigt, ist das Badregal \u00e4u\u00dferst langlebig und stabil. Das Regal nutzt den freien Platz \u00fcber der Toilette optimal aus und schafft zus\u00e4tzliche Ablagefl\u00e4che, auf der Waschmittel, Waschpulver, Shampoo, Badegel, Seifen usw. aufbewahrt werden k\u00f6nnen. Mit diesem Regal sorgst du f\u00fcr Ordnung in deinem \u00fcberf\u00fcllten Badezimmer oder in deiner Waschk\u00fcche. Das Badregal l\u00e4sst sich mithilfe der ausf\u00fchrlichen Anleitung im Lieferumfang einfach zusammenbauen.<\/p>\n<ul>\n<li>Farbe: Silbern<\/li>\n<li>Material: Edelstahl, Kunststoff, Vliesstoff<\/li>\n<li>Abmessungen: 53 x 28 x 169 cm (L x B x H)<\/li>\n<li>Mit 3 Ablagen<\/li>\n<li>Rohrdurchmesser: 16 mm<\/li>\n<li>Max. Belastbarkeit (gesamt): 5 kg<\/li>\n<li>Max. Tragf\u00e4higkeit der Ablage (jeweils): 2,5 kg<\/li>\n<\/ul>\n","protected":false},"excerpt":{"rendered":"<ul>\n<li>Farbe: Silbern<\/li>\n<li>Material: Edelstahl, Kunststoff, Vliesstoff<\/li>\n<li>Abmessungen: 53 x 28 x 169 cm (L x B x H)<\/li>\n<li>Mit 3 Ablagen<\/li>\n<li>Rohrdurchmesser: 16 mm<\/li>\n<li>Max. Belastbarkeit (gesamt): 5 kg<\/li>\n<li>Max. Tragf\u00e4higkeit der Ablage (jeweils): 2,5 kg<\/li>\n<\/ul>\n","protected":false},"featured_media":10000058366,"comment_status":"closed","ping_status":"closed","template":"","meta":[],"product_brand":[],"product_cat":[7057,7091,7048],"product_tag":[],"class_list":{"0":"post-58366","1":"product","2":"type-product","3":"status-publish","4":"has-post-thumbnail","6":"product_cat-badzubehoer","7":"product_cat-handtuchhalter","8":"product_cat-heim-garten","10":"first","11":"instock","12":"taxable","13":"shipping-taxable","14":"purchasable","15":"product-type-simple","16":"add-to-wishlist-after_add_to_cart"},"jetpack_sharing_enabled":true,"_links":{"self":[{"href":"https:\/\/de-prime.com\/index.php\/wp-json\/wp\/v2\/product\/58366","targetHints":{"allow":["GET"]}}],"collection":[{"href":"https:\/\/de-prime.com\/index.php\/wp-json\/wp\/v2\/product"}],"about":[{"href":"https:\/\/de-prime.com\/index.php\/wp-json\/wp\/v2\/types\/product"}],"replies":[{"embeddable":true,"href":"https:\/\/de-prime.com\/index.php\/wp-json\/wp\/v2\/comments?post=58366"}],"wp:featuredmedia":[{"embeddable":true,"href":"https:\/\/de-prime.com\/index.php\/wp-json\/"}],"wp:attachment":[{"href":"https:\/\/de-prime.com\/index.php\/wp-json\/wp\/v2\/media?parent=58366"}],"wp:term":[{"taxonomy":"product_brand","embeddable":true,"href":"https:\/\/de-prime.com\/index.php\/wp-json\/wp\/v2\/product_brand?post=58366"},{"taxonomy":"product_cat","embeddable":true,"href":"https:\/\/de-prime.com\/index.php\/wp-json\/wp\/v2\/product_cat?post=58366"},{"taxonomy":"product_tag","embeddable":true,"href":"https:\/\/de-prime.com\/index.php\/wp-json\/wp\/v2\/product_tag?post=58366"}],"curies":[{"name":"wp","href":"https:\/\/api.w.org\/{rel}","templated":true}]}}