{"id":58363,"date":"2024-10-03T21:17:34","date_gmt":"2024-10-03T19:17:34","guid":{"rendered":"https:\/\/de-prime.com\/?p=58363"},"modified":"2024-10-03T21:34:48","modified_gmt":"2024-10-03T19:34:48","slug":"toilettenregal-schwarz-60x33x174-cm","status":"publish","type":"product","link":"https:\/\/de-prime.com\/index.php\/product\/toilettenregal-schwarz-60x33x174-cm\/","title":{"rendered":"Toilettenregal Schwarz 60x33x174 cm"},"content":{"rendered":"<p>Das Toilettenregal ist eine praktische und dekorative Erg\u00e4nzung f\u00fcr dein Badezimmer. Es schafft zus\u00e4tzlichen Stauraum und hilft, das Bad aufger\u00e4umt zu halten. Das Regal f\u00fcr die Toilette ist aus einem robusten Stahlrahmen gefertigt, der f\u00fcr Stabilit\u00e4t und Langlebigkeit sorgt. Das Badregal bietet reichlich Platz f\u00fcr die Aufbewahrung verschiedener Badutensilien. Das sch\u00f6ne Blumendesign verleiht deinem Badezimmer einen Hauch von elegantem Charme. Das Regal kann auch f\u00fcr Waschmaschinen verwendet werden. Es ist einfach zu montieren. Achtung: Um ein Umkippen zu vermeiden, sollte dieses Produkt mit der mitgelieferten Wandhalterung gesichert werden.<\/p>\n<ul>\n<li>Farbe: Schwarz<\/li>\n<li>Material: Stahl<\/li>\n<li>Abmessungen: 60 x 33 x 174 cm (B x T x H)<\/li>\n<li>Regal-Breite: 56 cm<\/li>\n<li>3 F\u00e4cher<\/li>\n<li>Mit wundersch\u00f6nem Blumendesign<\/li>\n<li>Kann auch als Waschmaschinenregal verwendet werden<\/li>\n<li>Legal Documents:\n<p><span>Weitere Informationen, wie Sie Ihre M\u00f6bel vor dem Umkippen sch\u00fctzen k\u00f6nnen; finden Sie <a title=\"https:\/\/bit.ly\/34j3g16\" href=\"https:\/\/bit.ly\/34j3g16\" target=\"_blank\" rel=\"noopener\">hier<\/a><\/span><\/p>\n<\/li>\n<\/ul>\n","protected":false},"excerpt":{"rendered":"<ul>\n<li>Farbe: Schwarz<\/li>\n<li>Material: Stahl<\/li>\n<li>Abmessungen: 60 x 33 x 174 cm (B x T x H)<\/li>\n<li>Regal-Breite: 56 cm<\/li>\n<li>3 F\u00e4cher<\/li>\n<li>Mit wundersch\u00f6nem Blumendesign<\/li>\n<li>Kann auch als Waschmaschinenregal verwendet werden<\/li>\n<li>Legal Documents:\n<p><span>Weitere Informationen, wie Sie Ihre M\u00f6bel vor dem Umkippen sch\u00fctzen k\u00f6nnen; finden Sie <a title=\"https:\/\/bit.ly\/34j3g16\" href=\"https:\/\/bit.ly\/34j3g16\" target=\"_blank\" rel=\"noopener\">hier<\/a><\/span><\/p>\n<\/li>\n<\/ul>\n","protected":false},"featured_media":10000058363,"comment_status":"closed","ping_status":"closed","template":"","meta":[],"product_brand":[],"product_cat":[7057,7091,7048],"product_tag":[],"class_list":{"0":"post-58363","1":"product","2":"type-product","3":"status-publish","4":"has-post-thumbnail","6":"product_cat-badzubehoer","7":"product_cat-handtuchhalter","8":"product_cat-heim-garten","10":"first","11":"instock","12":"taxable","13":"shipping-taxable","14":"purchasable","15":"product-type-simple","16":"add-to-wishlist-after_add_to_cart"},"jetpack_sharing_enabled":true,"_links":{"self":[{"href":"https:\/\/de-prime.com\/index.php\/wp-json\/wp\/v2\/product\/58363","targetHints":{"allow":["GET"]}}],"collection":[{"href":"https:\/\/de-prime.com\/index.php\/wp-json\/wp\/v2\/product"}],"about":[{"href":"https:\/\/de-prime.com\/index.php\/wp-json\/wp\/v2\/types\/product"}],"replies":[{"embeddable":true,"href":"https:\/\/de-prime.com\/index.php\/wp-json\/wp\/v2\/comments?post=58363"}],"wp:featuredmedia":[{"embeddable":true,"href":"https:\/\/de-prime.com\/index.php\/wp-json\/"}],"wp:attachment":[{"href":"https:\/\/de-prime.com\/index.php\/wp-json\/wp\/v2\/media?parent=58363"}],"wp:term":[{"taxonomy":"product_brand","embeddable":true,"href":"https:\/\/de-prime.com\/index.php\/wp-json\/wp\/v2\/product_brand?post=58363"},{"taxonomy":"product_cat","embeddable":true,"href":"https:\/\/de-prime.com\/index.php\/wp-json\/wp\/v2\/product_cat?post=58363"},{"taxonomy":"product_tag","embeddable":true,"href":"https:\/\/de-prime.com\/index.php\/wp-json\/wp\/v2\/product_tag?post=58363"}],"curies":[{"name":"wp","href":"https:\/\/api.w.org\/{rel}","templated":true}]}}