{"id":58360,"date":"2024-10-03T21:17:40","date_gmt":"2024-10-03T19:17:40","guid":{"rendered":"https:\/\/de-prime.com\/?p=58360"},"modified":"2024-10-03T21:34:43","modified_gmt":"2024-10-03T19:34:43","slug":"handtuchhalter-47x280-cm-aluminium","status":"publish","type":"product","link":"https:\/\/de-prime.com\/index.php\/product\/handtuchhalter-47x280-cm-aluminium\/","title":{"rendered":"Handtuchhalter 47&#215;280 cm Aluminium"},"content":{"rendered":"<p>Willst du deine Handt\u00fccher zum Trocknen aufh\u00e4ngen, ohne deine Badezimmerw\u00e4nde mit L\u00f6chern zu ruinieren? Dann ist dieser Handtuchhalter die perfekte L\u00f6sung! Korrosionsbest\u00e4ndiges Material: Aluminium ist ein leichtes und starkes Metall. Es ist dank einer selbstsch\u00fctzenden Oxidschicht korrosionsbest\u00e4ndig. Dieser Handtuchst\u00e4nder aus Aluminium ist so gebaut, dass er jahrelang h\u00e4lt.Platzsparend: Der Handtuchhalter ist eine gro\u00dfartige L\u00f6sung f\u00fcr die Aufbewahrung von Handt\u00fcchern in einem kleineren Bad. Mit 3 stabilen Handtuchstangen ausgestattet, hilft der freistehende Handtuchst\u00e4nder, den vertikalen Raum optimal zu nutzen. So k\u00f6nnen Handt\u00fccher, Waschlappen und mehr aufgeh\u00e4ngt werden, ohne viel Platz einzunehmen.Flexibles Design: Die Handtuchstangen sind verstellbar und der Handtuchhalter H\u00f6he kann auf bis zu 2,8 Meter erweitert werden, um deinen unterschiedlichen Bed\u00fcrfnissen gerecht zu werden.Vielseitig einsetzbar: Dieser Handtuchhalter h\u00e4lt nicht nur dein Handtuch, sondern eignet sich auch zum Aufh\u00e4ngen von Schmuck.<\/p>\n<ul>\n<li>Farbe: Silbern<\/li>\n<li>Material: Aluminium<\/li>\n<li>Gr\u00f6\u00dfe: 47 x 280 cm (B x H)<\/li>\n<li>Durchmesser der Handtuchstangen (je): 18 mm<\/li>\n<li>Ausziehbar bis zu einer maximalen H\u00f6he von 2,8 m<\/li>\n<li>Zusammenbau erforderlich: Ja<\/li>\n<\/ul>\n","protected":false},"excerpt":{"rendered":"<ul>\n<li>Farbe: Silbern<\/li>\n<li>Material: Aluminium<\/li>\n<li>Gr\u00f6\u00dfe: 47 x 280 cm (B x H)<\/li>\n<li>Durchmesser der Handtuchstangen (je): 18 mm<\/li>\n<li>Ausziehbar bis zu einer maximalen H\u00f6he von 2,8 m<\/li>\n<li>Zusammenbau erforderlich: Ja<\/li>\n<\/ul>\n","protected":false},"featured_media":10000058360,"comment_status":"closed","ping_status":"closed","template":"","meta":[],"product_brand":[],"product_cat":[7057,7091,7048],"product_tag":[],"class_list":{"0":"post-58360","1":"product","2":"type-product","3":"status-publish","4":"has-post-thumbnail","6":"product_cat-badzubehoer","7":"product_cat-handtuchhalter","8":"product_cat-heim-garten","10":"first","11":"instock","12":"taxable","13":"shipping-taxable","14":"purchasable","15":"product-type-simple","16":"add-to-wishlist-after_add_to_cart"},"jetpack_sharing_enabled":true,"_links":{"self":[{"href":"https:\/\/de-prime.com\/index.php\/wp-json\/wp\/v2\/product\/58360","targetHints":{"allow":["GET"]}}],"collection":[{"href":"https:\/\/de-prime.com\/index.php\/wp-json\/wp\/v2\/product"}],"about":[{"href":"https:\/\/de-prime.com\/index.php\/wp-json\/wp\/v2\/types\/product"}],"replies":[{"embeddable":true,"href":"https:\/\/de-prime.com\/index.php\/wp-json\/wp\/v2\/comments?post=58360"}],"wp:featuredmedia":[{"embeddable":true,"href":"https:\/\/de-prime.com\/index.php\/wp-json\/"}],"wp:attachment":[{"href":"https:\/\/de-prime.com\/index.php\/wp-json\/wp\/v2\/media?parent=58360"}],"wp:term":[{"taxonomy":"product_brand","embeddable":true,"href":"https:\/\/de-prime.com\/index.php\/wp-json\/wp\/v2\/product_brand?post=58360"},{"taxonomy":"product_cat","embeddable":true,"href":"https:\/\/de-prime.com\/index.php\/wp-json\/wp\/v2\/product_cat?post=58360"},{"taxonomy":"product_tag","embeddable":true,"href":"https:\/\/de-prime.com\/index.php\/wp-json\/wp\/v2\/product_tag?post=58360"}],"curies":[{"name":"wp","href":"https:\/\/api.w.org\/{rel}","templated":true}]}}