{"id":58356,"date":"2024-10-03T21:16:35","date_gmt":"2024-10-03T19:16:35","guid":{"rendered":"https:\/\/de-prime.com\/?p=58356"},"modified":"2024-10-03T21:35:30","modified_gmt":"2024-10-03T19:35:30","slug":"ridder-haltegriff-premium-30-cm-aluminium-chrom-und-schwarz","status":"publish","type":"product","link":"https:\/\/de-prime.com\/index.php\/product\/ridder-haltegriff-premium-30-cm-aluminium-chrom-und-schwarz\/","title":{"rendered":"RIDDER Haltegriff Premium 30 cm Aluminium Chrom und Schwarz"},"content":{"rendered":"<p>Dieser Premium Haltegriff von RIDDER hilft dir beim selbstst\u00e4ndigen Ein- und Aussteigen aus der Badewanne oder Dusche. Er erm\u00f6glicht einen perfekten Halt mit maximaler Sicherheit in rutschigen Situationen. Sicherheit in deinem Badezimmer: Dieser Sicherheitsgriff sorgt f\u00fcr einen sicheren und entspannten Aufenthalt in deinem Badezimmer. Er verf\u00fcgt \u00fcber eine ergonomische Grifffl\u00e4che und eine integrierte Anti-Rutsch-Leiste aus schwarzem Kautschuk, die zus\u00e4tzliche Sicherheit bietet.Belastbarkeit von maximal 110 kg: Der RIDDER Haltegriff ist auf eine maximale Belastbarkeit von 110 kg gepr\u00fcft. Er kann horizontal, vertikal oder diagonal angebracht werden, um am gew\u00fcnschten Ort zus\u00e4tzlichen Halt zu bieten.Inklusive Montagematerial: Diese Sicherheitshaltegriff l\u00e4sst sich mit dem mitgelieferten Montagematerial und anhand von der Montageanleitung einfach an der Wand befestigen. Hinweis: Das mitgelieferte Montagematerial ist f\u00fcr die Befestigung an M20-Vollziegel oder armiertem Beton geeignet. Bei anderen Wandtypen sollst du dich an einen Fachmann f\u00fcr Montage- und Befestigungstechnik wenden.<\/p>\n<ul>\n<li>Farbe: Chrom und Schwarz<\/li>\n<li>Material: Aluminium und Gummi<\/li>\n<li>Abmessungen: 32 x 7,5 x 7,1 cm (L x B x H)<\/li>\n<li>Durchmesser der Wandhalterung (pro St\u00fcck): ca. 7,5 cm<\/li>\n<li>Perfekter Halt und maximale Sicherheit<\/li>\n<li>Die L\u00e4nge kann individuell gek\u00fcrzt werden<\/li>\n<li>Wandhalterungen k\u00f6nnen um ca. +\/- 3 cm verschoben werden<\/li>\n<li>Max. Belastbarkeit: bis zu 110 kg<\/li>\n<li>Ergonomisch geformte Grifffl\u00e4che<\/li>\n<li>Integrierte schwarze Anti-Rutsch-Leiste aus Kautschuk<\/li>\n<li>Reinigung mit handels\u00fcblichen Reinigungs- und Desinfektionsmitteln<\/li>\n<li>Inklusive Montagematerial<\/li>\n<li>Hinweis: Das beigef\u00fcgte Montagematerial ist f\u00fcr die Befestigung an W\u00e4nden aus M20-Vollziegeln oder armiertem Beton geeignet<\/li>\n<\/ul>\n","protected":false},"excerpt":{"rendered":"<ul>\n<li>Farbe: Chrom und Schwarz<\/li>\n<li>Material: Aluminium und Gummi<\/li>\n<li>Abmessungen: 32 x 7,5 x 7,1 cm (L x B x H)<\/li>\n<li>Durchmesser der Wandhalterung (pro St\u00fcck): ca. 7,5 cm<\/li>\n<li>Perfekter Halt und maximale Sicherheit<\/li>\n<li>Die L\u00e4nge kann individuell gek\u00fcrzt werden<\/li>\n<li>Wandhalterungen k\u00f6nnen um ca. +\/- 3 cm verschoben werden<\/li>\n<li>Max. Belastbarkeit: bis zu 110 kg<\/li>\n<li>Ergonomisch geformte Grifffl\u00e4che<\/li>\n<li>Integrierte schwarze Anti-Rutsch-Leiste aus Kautschuk<\/li>\n<li>Reinigung mit handels\u00fcblichen Reinigungs- und Desinfektionsmitteln<\/li>\n<li>Inklusive Montagematerial<\/li>\n<li>Hinweis: Das beigef\u00fcgte Montagematerial ist f\u00fcr die Befestigung an W\u00e4nden aus M20-Vollziegeln oder armiertem Beton geeignet<\/li>\n<\/ul>\n","protected":false},"featured_media":10000058356,"comment_status":"closed","ping_status":"closed","template":"","meta":[],"product_brand":[],"product_cat":[7057,7090,7048],"product_tag":[],"class_list":{"0":"post-58356","1":"product","2":"type-product","3":"status-publish","4":"has-post-thumbnail","6":"product_cat-badzubehoer","7":"product_cat-haltegriffe","8":"product_cat-heim-garten","10":"first","11":"outofstock","12":"taxable","13":"shipping-taxable","14":"purchasable","15":"product-type-simple","16":"add-to-wishlist-after_add_to_cart"},"jetpack_sharing_enabled":true,"_links":{"self":[{"href":"https:\/\/de-prime.com\/index.php\/wp-json\/wp\/v2\/product\/58356","targetHints":{"allow":["GET"]}}],"collection":[{"href":"https:\/\/de-prime.com\/index.php\/wp-json\/wp\/v2\/product"}],"about":[{"href":"https:\/\/de-prime.com\/index.php\/wp-json\/wp\/v2\/types\/product"}],"replies":[{"embeddable":true,"href":"https:\/\/de-prime.com\/index.php\/wp-json\/wp\/v2\/comments?post=58356"}],"wp:featuredmedia":[{"embeddable":true,"href":"https:\/\/de-prime.com\/index.php\/wp-json\/"}],"wp:attachment":[{"href":"https:\/\/de-prime.com\/index.php\/wp-json\/wp\/v2\/media?parent=58356"}],"wp:term":[{"taxonomy":"product_brand","embeddable":true,"href":"https:\/\/de-prime.com\/index.php\/wp-json\/wp\/v2\/product_brand?post=58356"},{"taxonomy":"product_cat","embeddable":true,"href":"https:\/\/de-prime.com\/index.php\/wp-json\/wp\/v2\/product_cat?post=58356"},{"taxonomy":"product_tag","embeddable":true,"href":"https:\/\/de-prime.com\/index.php\/wp-json\/wp\/v2\/product_tag?post=58356"}],"curies":[{"name":"wp","href":"https:\/\/api.w.org\/{rel}","templated":true}]}}