{"id":58353,"date":"2024-10-03T21:16:47","date_gmt":"2024-10-03T19:16:47","guid":{"rendered":"https:\/\/de-prime.com\/?p=58353"},"modified":"2024-10-03T21:35:22","modified_gmt":"2024-10-03T19:35:22","slug":"ridder-haltegriff-mit-saugnaepfen-premium-125-cm-80-kg-a0243301","status":"publish","type":"product","link":"https:\/\/de-prime.com\/index.php\/product\/ridder-haltegriff-mit-saugnaepfen-premium-125-cm-80-kg-a0243301\/","title":{"rendered":"RIDDER Haltegriff mit Saugn\u00e4pfen Premium 12,5 cm 80 kg A0243301"},"content":{"rendered":"<p>Mit diesem praktischen Premium Haltegriff mit Saugn\u00e4pfen von RIDDER kannst du dein Badezimmer unabh\u00e4ngig und sicher nutzen. Der abnehmbare Sauggriff besteht aus hochfestem Kunststoff (ABS) und zwei starken Saugn\u00e4pfen aus synthetischem Gummi. Die Saugn\u00e4pfe erm\u00f6glichen eine einfache Montage des Haltegriffs auf jeder glatten Oberfl\u00e4che ohne Bohren, was den Einsatz in verschiedenen Bereichen, z.B. in der Badewanne oder neben der Toilette, erleichtert. Der leicht anzubringende und zu reinigende Saughaltegriff ist dank seiner kompakten Form auch ideal f\u00fcr unterwegs und passt dank seiner neutralwei\u00dfen Farbe in jedes Badezimmer.<\/p>\n<ul>\n<li>Farbe: Wei\u00df<\/li>\n<li>Material: ABS und TPE (thermoplastische Elastomere)<\/li>\n<li>L\u00e4nge: 33 cm<\/li>\n<li>Saugnapf-Durchmesser: 12,5 cm<\/li>\n<li>Mit 2 gro\u00dfen Gummi-Saugn\u00e4pfen<\/li>\n<li>Max. Tragf\u00e4higkeit: 120 kg<\/li>\n<li>Nur f\u00fcr den tempor\u00e4ren Gebrauch \u2013 vor jedem Gebrauch testen!<\/li>\n<\/ul>\n","protected":false},"excerpt":{"rendered":"<ul>\n<li>Farbe: Wei\u00df<\/li>\n<li>Material: ABS und TPE (thermoplastische Elastomere)<\/li>\n<li>L\u00e4nge: 33 cm<\/li>\n<li>Saugnapf-Durchmesser: 12,5 cm<\/li>\n<li>Mit 2 gro\u00dfen Gummi-Saugn\u00e4pfen<\/li>\n<li>Max. Tragf\u00e4higkeit: 120 kg<\/li>\n<li>Nur f\u00fcr den tempor\u00e4ren Gebrauch \u2013 vor jedem Gebrauch testen!<\/li>\n<\/ul>\n","protected":false},"featured_media":10000058353,"comment_status":"closed","ping_status":"closed","template":"","meta":[],"product_brand":[],"product_cat":[7057,7090,7048],"product_tag":[],"class_list":{"0":"post-58353","1":"product","2":"type-product","3":"status-publish","4":"has-post-thumbnail","6":"product_cat-badzubehoer","7":"product_cat-haltegriffe","8":"product_cat-heim-garten","10":"first","11":"instock","12":"taxable","13":"shipping-taxable","14":"purchasable","15":"product-type-simple","16":"add-to-wishlist-after_add_to_cart"},"jetpack_sharing_enabled":true,"_links":{"self":[{"href":"https:\/\/de-prime.com\/index.php\/wp-json\/wp\/v2\/product\/58353","targetHints":{"allow":["GET"]}}],"collection":[{"href":"https:\/\/de-prime.com\/index.php\/wp-json\/wp\/v2\/product"}],"about":[{"href":"https:\/\/de-prime.com\/index.php\/wp-json\/wp\/v2\/types\/product"}],"replies":[{"embeddable":true,"href":"https:\/\/de-prime.com\/index.php\/wp-json\/wp\/v2\/comments?post=58353"}],"wp:featuredmedia":[{"embeddable":true,"href":"https:\/\/de-prime.com\/index.php\/wp-json\/"}],"wp:attachment":[{"href":"https:\/\/de-prime.com\/index.php\/wp-json\/wp\/v2\/media?parent=58353"}],"wp:term":[{"taxonomy":"product_brand","embeddable":true,"href":"https:\/\/de-prime.com\/index.php\/wp-json\/wp\/v2\/product_brand?post=58353"},{"taxonomy":"product_cat","embeddable":true,"href":"https:\/\/de-prime.com\/index.php\/wp-json\/wp\/v2\/product_cat?post=58353"},{"taxonomy":"product_tag","embeddable":true,"href":"https:\/\/de-prime.com\/index.php\/wp-json\/wp\/v2\/product_tag?post=58353"}],"curies":[{"name":"wp","href":"https:\/\/api.w.org\/{rel}","templated":true}]}}