{"id":58349,"date":"2024-10-03T21:16:58","date_gmt":"2024-10-03T19:16:58","guid":{"rendered":"https:\/\/de-prime.com\/?p=58349"},"modified":"2024-10-03T21:35:12","modified_gmt":"2024-10-03T19:35:12","slug":"ridder-wc-aufstehhilfe-weiss-150-kg-a0110101","status":"publish","type":"product","link":"https:\/\/de-prime.com\/index.php\/product\/ridder-wc-aufstehhilfe-weiss-150-kg-a0110101\/","title":{"rendered":"RIDDER WC-Aufstehhilfe Wei\u00df 150 kg A0110101"},"content":{"rendered":"<p>Nutze deine Toilette weiterhin unabh\u00e4ngig und sicher mit dieser WC-Aufstehhilfe von RIDDER! Das Toilettenst\u00fctzgestell muss nicht an die Wand geschraubt werden und ist mit Gummif\u00fc\u00dfen ausgestattet, die einen sicheren Stand gew\u00e4hrleisten und Sch\u00e4den am Fu\u00dfboden verhindern. Die robuste WC-St\u00fctze ist aus pulverbeschichtetem Stahl gefertigt und verf\u00fcgt \u00fcber einen praktischen Ablagekorb f\u00fcr Zeitschriften oder andere Gegenst\u00e4nde, die man in Reichweite haben m\u00f6chte. Dieser Korb ist ebenfalls aus pulverbeschichtetem Edelstahl gefertigt und kann auf der linken oder rechten Seite der WC-Aufstehhilfe angebracht werden. Die Griffe sind ergonomisch gestaltet, um das Hinsetzen und Aufstehen so einfach wie m\u00f6glich zu machen. Sie sind mit weichen und bequemen Griffpolstern ausgestattet.<\/p>\n<ul>\n<li>Farbe: Wei\u00df<\/li>\n<li>Material: Stahl, EVA-Schaumstoff<\/li>\n<li>Abmessungen: 66 x 49 x 79,5 cm (L x B x H)<\/li>\n<li>Abstand zwischen den Griffen: ca. 54 cm<\/li>\n<li>Mit praktischem, abnehmbarem Ablagekorb (Gr\u00f6\u00dfe: ca. 8 x 23 x 24 cm)<\/li>\n<li>Mit komfortablen, pflegeleichten Weichschaum-Griffpolstern<\/li>\n<li>Maximales Benutzergewicht: 150 kg<\/li>\n<\/ul>\n","protected":false},"excerpt":{"rendered":"<ul>\n<li>Farbe: Wei\u00df<\/li>\n<li>Material: Stahl, EVA-Schaumstoff<\/li>\n<li>Abmessungen: 66 x 49 x 79,5 cm (L x B x H)<\/li>\n<li>Abstand zwischen den Griffen: ca. 54 cm<\/li>\n<li>Mit praktischem, abnehmbarem Ablagekorb (Gr\u00f6\u00dfe: ca. 8 x 23 x 24 cm)<\/li>\n<li>Mit komfortablen, pflegeleichten Weichschaum-Griffpolstern<\/li>\n<li>Maximales Benutzergewicht: 150 kg<\/li>\n<\/ul>\n","protected":false},"featured_media":10000058349,"comment_status":"closed","ping_status":"closed","template":"","meta":[],"product_brand":[],"product_cat":[7057,7090,7048],"product_tag":[],"class_list":{"0":"post-58349","1":"product","2":"type-product","3":"status-publish","4":"has-post-thumbnail","6":"product_cat-badzubehoer","7":"product_cat-haltegriffe","8":"product_cat-heim-garten","10":"first","11":"outofstock","12":"taxable","13":"shipping-taxable","14":"purchasable","15":"product-type-simple","16":"add-to-wishlist-after_add_to_cart"},"jetpack_sharing_enabled":true,"_links":{"self":[{"href":"https:\/\/de-prime.com\/index.php\/wp-json\/wp\/v2\/product\/58349","targetHints":{"allow":["GET"]}}],"collection":[{"href":"https:\/\/de-prime.com\/index.php\/wp-json\/wp\/v2\/product"}],"about":[{"href":"https:\/\/de-prime.com\/index.php\/wp-json\/wp\/v2\/types\/product"}],"replies":[{"embeddable":true,"href":"https:\/\/de-prime.com\/index.php\/wp-json\/wp\/v2\/comments?post=58349"}],"wp:featuredmedia":[{"embeddable":true,"href":"https:\/\/de-prime.com\/index.php\/wp-json\/"}],"wp:attachment":[{"href":"https:\/\/de-prime.com\/index.php\/wp-json\/wp\/v2\/media?parent=58349"}],"wp:term":[{"taxonomy":"product_brand","embeddable":true,"href":"https:\/\/de-prime.com\/index.php\/wp-json\/wp\/v2\/product_brand?post=58349"},{"taxonomy":"product_cat","embeddable":true,"href":"https:\/\/de-prime.com\/index.php\/wp-json\/wp\/v2\/product_cat?post=58349"},{"taxonomy":"product_tag","embeddable":true,"href":"https:\/\/de-prime.com\/index.php\/wp-json\/wp\/v2\/product_tag?post=58349"}],"curies":[{"name":"wp","href":"https:\/\/api.w.org\/{rel}","templated":true}]}}