{"id":58344,"date":"2024-10-03T21:17:15","date_gmt":"2024-10-03T19:17:15","guid":{"rendered":"https:\/\/de-prime.com\/?p=58344"},"modified":"2024-10-03T21:34:59","modified_gmt":"2024-10-03T19:34:59","slug":"ridder-haltegriff-30-cm-edelstahl-gebuerstet-a00130051","status":"publish","type":"product","link":"https:\/\/de-prime.com\/index.php\/product\/ridder-haltegriff-30-cm-edelstahl-gebuerstet-a00130051\/","title":{"rendered":"RIDDER Haltegriff 30 cm Edelstahl Geb\u00fcrstet A00130051"},"content":{"rendered":"<p>Der RIDDER Haltegriff verleiht Ihnen einen zuverl\u00e4ssigen und sicheren Halt in der Badewanne oder Dusche. Die bew\u00e4hrte Belastbarkeit bis 110 kg und der \u00e4u\u00dferst sichere Halt durch die ergonomisch geformte und rutschhemmende Grifffl\u00e4che gew\u00e4hrleisten einen stets sicheren Halt beim Ein- und Ausstieg &#8211; auch mit nassen H\u00e4nden. Der geb\u00fcrstete Edelstahl sorgt daf\u00fcr, dass es kein unsch\u00f6nes Verkratzen und Rosten am Griff gibt. Die rostfreien Edelstahlschrauben sind nach der Montage dank passenden Deckel nicht mehr sichtbar und sorgen so f\u00fcr elegantes Aussehen. Die Lieferung umfasst den Haltegriff, Montagematerial und Montageanleitung.<\/p>\n<ul>\n<li>Farbe: Silber<\/li>\n<li>Material: Geb\u00fcrsteter Edelstahl <\/li>\n<li>Griffl\u00e4nge: ca. 30 cm<\/li>\n<li>Stangendurchmesser: 3,2 cm<\/li>\n<li>Maximale Belastbarkeit: 110 kg<\/li>\n<li>Verdeckte Edelstahlschrauben<\/li>\n<li>Hygienisch und einfach zu reinigen<\/li>\n<\/ul>\n","protected":false},"excerpt":{"rendered":"<ul>\n<li>Farbe: Silber<\/li>\n<li>Material: Geb\u00fcrsteter Edelstahl <\/li>\n<li>Griffl\u00e4nge: ca. 30 cm<\/li>\n<li>Stangendurchmesser: 3,2 cm<\/li>\n<li>Maximale Belastbarkeit: 110 kg<\/li>\n<li>Verdeckte Edelstahlschrauben<\/li>\n<li>Hygienisch und einfach zu reinigen<\/li>\n<\/ul>\n","protected":false},"featured_media":10000058344,"comment_status":"closed","ping_status":"closed","template":"","meta":[],"product_brand":[],"product_cat":[7057,7090,7048],"product_tag":[],"class_list":{"0":"post-58344","1":"product","2":"type-product","3":"status-publish","4":"has-post-thumbnail","6":"product_cat-badzubehoer","7":"product_cat-haltegriffe","8":"product_cat-heim-garten","10":"first","11":"outofstock","12":"taxable","13":"shipping-taxable","14":"purchasable","15":"product-type-simple","16":"add-to-wishlist-after_add_to_cart"},"jetpack_sharing_enabled":true,"_links":{"self":[{"href":"https:\/\/de-prime.com\/index.php\/wp-json\/wp\/v2\/product\/58344","targetHints":{"allow":["GET"]}}],"collection":[{"href":"https:\/\/de-prime.com\/index.php\/wp-json\/wp\/v2\/product"}],"about":[{"href":"https:\/\/de-prime.com\/index.php\/wp-json\/wp\/v2\/types\/product"}],"replies":[{"embeddable":true,"href":"https:\/\/de-prime.com\/index.php\/wp-json\/wp\/v2\/comments?post=58344"}],"wp:featuredmedia":[{"embeddable":true,"href":"https:\/\/de-prime.com\/index.php\/wp-json\/"}],"wp:attachment":[{"href":"https:\/\/de-prime.com\/index.php\/wp-json\/wp\/v2\/media?parent=58344"}],"wp:term":[{"taxonomy":"product_brand","embeddable":true,"href":"https:\/\/de-prime.com\/index.php\/wp-json\/wp\/v2\/product_brand?post=58344"},{"taxonomy":"product_cat","embeddable":true,"href":"https:\/\/de-prime.com\/index.php\/wp-json\/wp\/v2\/product_cat?post=58344"},{"taxonomy":"product_tag","embeddable":true,"href":"https:\/\/de-prime.com\/index.php\/wp-json\/wp\/v2\/product_tag?post=58344"}],"curies":[{"name":"wp","href":"https:\/\/api.w.org\/{rel}","templated":true}]}}