{"id":58342,"date":"2024-10-04T11:23:50","date_gmt":"2024-10-04T09:23:50","guid":{"rendered":"https:\/\/de-prime.com\/?p=58342"},"modified":"2024-10-04T11:23:50","modified_gmt":"2024-10-04T09:23:50","slug":"metaltex-gemueseschneider-rotomac","status":"publish","type":"product","link":"https:\/\/de-prime.com\/index.php\/product\/metaltex-gemueseschneider-rotomac\/","title":{"rendered":"Metaltex Gem\u00fcseschneider Rotomac"},"content":{"rendered":"<p>Der revolution\u00e4re Metaltex Rotomac Gem\u00fcseschneider mit scharfen, beweglichen Klingen ist ein preisgekr\u00f6ntes Utensil f\u00fcr die Zubereitung von Speisen. Er schneidet Gem\u00fcse, Obst und Kr\u00e4uter in Sekunden von grob bis fein. Der revolution\u00e4re Gem\u00fcseschneider ist einfach zu bedienen und erm\u00f6glicht die schnelle Zubereitung von Suppen, Saucen, Tapenaden, Pestos und vielem mehr. Rotomac funktioniert wie eine Mini-K\u00fcchenmaschine und ist vollst\u00e4ndig handbetrieben, also ben\u00f6tigt er keine Batterien oder Strom. Legen Sie Gem\u00fcse, Obst oder Kr\u00e4uter in den Beh\u00e4lter, schlie\u00dfen Sie den Deckel und verwenden Sie die manuelle Zugschnur mit Griff. Je \u00f6fter an der Schnur gezogen wird, desto feiner wird Ihr Gem\u00fcse gehackt. Dank der patentierten Schweizer Technologie drehen sich die superscharfen Klingen alle unabh\u00e4ngig voneinander, sodass sie selbst das h\u00e4rteste Gem\u00fcse kontinuierlich zerkleinern k\u00f6nnen, ohne stecken zu bleiben oder sich zu verklemmen. Der Gem\u00fcseschneider ist sp\u00fclmaschinenfest, wobei der Deckel mit einem feuchten Tuch gereinigt werden kann. Mit seinem kompakten Design ben\u00f6tigt der Rotomac wenig Stauraum.<\/p>\n<ul>\n<li>Farbe: Wei\u00df<\/li>\n<li>Material: Edelstahl, PP (Polypropylen)<\/li>\n<li>Abmessungen: 11 x 11,5 cm (Durchmesser x H)<\/li>\n<li>Funktioniert ohne Strom oder Batterie<\/li>\n<li>Scharfe, bewegliche Klingen<\/li>\n<li>Schneidet schnell von grob bis fein<\/li>\n<li>Einfach zu bedienen und zu reinigen<\/li>\n<\/ul>\n","protected":false},"excerpt":{"rendered":"<ul>\n<li>Farbe: Wei\u00df<\/li>\n<li>Material: Edelstahl, PP (Polypropylen)<\/li>\n<li>Abmessungen: 11 x 11,5 cm (Durchmesser x H)<\/li>\n<li>Funktioniert ohne Strom oder Batterie<\/li>\n<li>Scharfe, bewegliche Klingen<\/li>\n<li>Schneidet schnell von grob bis fein<\/li>\n<li>Einfach zu bedienen und zu reinigen<\/li>\n<\/ul>\n","protected":false},"featured_media":10000058342,"comment_status":"closed","ping_status":"closed","template":"","meta":[],"product_brand":[],"product_cat":[7089,7048,7051,7052],"product_tag":[],"class_list":{"0":"post-58342","1":"product","2":"type-product","3":"status-publish","4":"has-post-thumbnail","6":"product_cat-hackmuehlen-fleischwoelfe","7":"product_cat-heim-garten","8":"product_cat-kueche-esszimmer","9":"product_cat-kuechengeraete","11":"first","12":"outofstock","13":"taxable","14":"shipping-taxable","15":"purchasable","16":"product-type-simple","17":"add-to-wishlist-after_add_to_cart"},"jetpack_sharing_enabled":true,"_links":{"self":[{"href":"https:\/\/de-prime.com\/index.php\/wp-json\/wp\/v2\/product\/58342","targetHints":{"allow":["GET"]}}],"collection":[{"href":"https:\/\/de-prime.com\/index.php\/wp-json\/wp\/v2\/product"}],"about":[{"href":"https:\/\/de-prime.com\/index.php\/wp-json\/wp\/v2\/types\/product"}],"replies":[{"embeddable":true,"href":"https:\/\/de-prime.com\/index.php\/wp-json\/wp\/v2\/comments?post=58342"}],"wp:featuredmedia":[{"embeddable":true,"href":"https:\/\/de-prime.com\/index.php\/wp-json\/"}],"wp:attachment":[{"href":"https:\/\/de-prime.com\/index.php\/wp-json\/wp\/v2\/media?parent=58342"}],"wp:term":[{"taxonomy":"product_brand","embeddable":true,"href":"https:\/\/de-prime.com\/index.php\/wp-json\/wp\/v2\/product_brand?post=58342"},{"taxonomy":"product_cat","embeddable":true,"href":"https:\/\/de-prime.com\/index.php\/wp-json\/wp\/v2\/product_cat?post=58342"},{"taxonomy":"product_tag","embeddable":true,"href":"https:\/\/de-prime.com\/index.php\/wp-json\/wp\/v2\/product_tag?post=58342"}],"curies":[{"name":"wp","href":"https:\/\/api.w.org\/{rel}","templated":true}]}}