{"id":58332,"date":"2024-10-03T21:16:19","date_gmt":"2024-10-03T19:16:19","guid":{"rendered":"https:\/\/de-prime.com\/?p=58332"},"modified":"2024-10-03T21:35:41","modified_gmt":"2024-10-03T19:35:41","slug":"raeucherofen-mit-tisch-verzinkter-stahl","status":"publish","type":"product","link":"https:\/\/de-prime.com\/index.php\/product\/raeucherofen-mit-tisch-verzinkter-stahl\/","title":{"rendered":"R\u00e4ucherofen mit Tisch Verzinkter Stahl"},"content":{"rendered":"<p>Mit diesem multifunktionalen R\u00e4ucherofen mit Tisch kannst du ein Festmahl zubereiten und eine gem\u00fctliche Zeit im Freien mit deiner Familie genie\u00dfen! Langlebiges Material: Stahl ist ein au\u00dfergew\u00f6hnlich hartes und starkes Material. Er bietet Robustheit und Stabilit\u00e4t. Die Verzinkung bietet einen besseren Schutz gegen Rost und ist f\u00fcr Produkte geeignet, die im Freien verwendet werden.Viel Platz zum R\u00e4uchern: Der Outdoor-Smoker bietet viel Platz zum R\u00e4uchern von Fleisch, Fisch, W\u00fcrstchen und mehr. Die mitgelieferten S-f\u00f6rmigen Haken und Roste erleichtern die Zubereitung der Speisen.Mit Thermometer: Der R\u00e4ucherofen ist mit einem Thermometer ausgestattet, um die Kammertemperatur zu \u00fcberpr\u00fcfen. Dank des Glasfensters kannst du zudem das Grillgut im Inneren im Auge behalten, um die besten Grillergebnisse zu erzielen.Verstellbar: Du kannst die H\u00f6he der Beine \u00fcber die schwarzen Endkappen verstellen, was die Stabilit\u00e4t des Arbeitstisches selbst auf unebenem Untergrund gew\u00e4hrleistet.Ablagefl\u00e4che: Der Tisch besitzt 2 offene Ablagen, auf denen du Mehl, Zucker, R\u00fchrsch\u00fcsseln, Schneidebretter und andere Grillutensilien gut organisiert und in Reichweite aufbewahren kannst. Die robuste Tischplatte bietet einen guten Halt, sodass sich der Zubereitungstisch auch f\u00fcr deinen R\u00e4ucherofen eignet. Achtung:Der Grill darf nicht in geschlossenen und\/oder bewohnbaren Bereichen wie H\u00e4usern, Zelten, Wohnwagen, Wohnmobilen und Booten verwendet werden. Ansonsten besteht die Gefahr einer Kohlenmonoxidvergiftung, die zum Tod f\u00fchren kann.<\/p>\n<ul>\n<li><strong>R\u00e4ucherofen:<\/strong><\/li>\n<li>Material: Verzinkter Stahl, Glas<\/li>\n<li>Abmessungen: 44,5 x 29 x 110 cm (B x T x H)<\/li>\n<li>Gr\u00f6\u00dfe des Glasfensters: 19,5 x 41,5 cm (L x B)<\/li>\n<li>Feuerschale, Rost und Aschewanne sind verzinkt<\/li>\n<li>Schublade mit Griff<\/li>\n<li>F\u00fcr den Au\u00dfenbereich geeignet<\/li>\n<li><strong>Tisch f\u00fcr R\u00e4ucherofen:<\/strong><\/li>\n<li>Material: Verzinkter Stahl<\/li>\n<li>Abmessungen: 40 x 28 x 44,5 cm (L x B x H)<\/li>\n<li>Zusammenbau erforderlich: Ja<\/li>\n<p><strong>Lieferung umfasst:<\/strong><\/p>\n<li>1 x R\u00e4ucherofen<\/li>\n<li>1 x Tisch f\u00fcr R\u00e4ucherofen<\/li>\n<li>12 x Haken in S-Form<\/li>\n<li>3 x Rost<\/li>\n<li>1 kg Holzsp\u00e4ne<\/li>\n<\/ul>\n","protected":false},"excerpt":{"rendered":"<ul>\n<li><strong>R\u00e4ucherofen:<\/strong><\/li>\n<li>Material: Verzinkter Stahl, Glas<\/li>\n<li>Abmessungen: 44,5 x 29 x 110 cm (B x T x H)<\/li>\n<li>Gr\u00f6\u00dfe des Glasfensters: 19,5 x 41,5 cm (L x B)<\/li>\n<li>Feuerschale, Rost und Aschewanne sind verzinkt<\/li>\n<li>Schublade mit Griff<\/li>\n<li>F\u00fcr den Au\u00dfenbereich geeignet<\/li>\n<li><strong>Tisch f\u00fcr R\u00e4ucherofen:<\/strong><\/li>\n<li>Material: Verzinkter Stahl<\/li>\n<li>Abmessungen: 40 x 28 x 44,5 cm (L x B x H)<\/li>\n<li>Zusammenbau erforderlich: Ja<\/li>\n<p><strong>Lieferung umfasst:<\/strong><\/p>\n<li>1 x R\u00e4ucherofen<\/li>\n<li>1 x Tisch f\u00fcr R\u00e4ucherofen<\/li>\n<li>12 x Haken in S-Form<\/li>\n<li>3 x Rost<\/li>\n<li>1 kg Holzsp\u00e4ne<\/li>\n<\/ul>\n","protected":false},"featured_media":10000058332,"comment_status":"closed","ping_status":"closed","template":"","meta":[],"product_brand":[],"product_cat":[7087,7048,7051,7052],"product_tag":[],"class_list":{"0":"post-58332","1":"product","2":"type-product","3":"status-publish","4":"has-post-thumbnail","6":"product_cat-grills","7":"product_cat-heim-garten","8":"product_cat-kueche-esszimmer","9":"product_cat-kuechengeraete","11":"first","12":"outofstock","13":"taxable","14":"shipping-taxable","15":"purchasable","16":"product-type-simple","17":"add-to-wishlist-after_add_to_cart"},"jetpack_sharing_enabled":true,"_links":{"self":[{"href":"https:\/\/de-prime.com\/index.php\/wp-json\/wp\/v2\/product\/58332","targetHints":{"allow":["GET"]}}],"collection":[{"href":"https:\/\/de-prime.com\/index.php\/wp-json\/wp\/v2\/product"}],"about":[{"href":"https:\/\/de-prime.com\/index.php\/wp-json\/wp\/v2\/types\/product"}],"replies":[{"embeddable":true,"href":"https:\/\/de-prime.com\/index.php\/wp-json\/wp\/v2\/comments?post=58332"}],"wp:featuredmedia":[{"embeddable":true,"href":"https:\/\/de-prime.com\/index.php\/wp-json\/"}],"wp:attachment":[{"href":"https:\/\/de-prime.com\/index.php\/wp-json\/wp\/v2\/media?parent=58332"}],"wp:term":[{"taxonomy":"product_brand","embeddable":true,"href":"https:\/\/de-prime.com\/index.php\/wp-json\/wp\/v2\/product_brand?post=58332"},{"taxonomy":"product_cat","embeddable":true,"href":"https:\/\/de-prime.com\/index.php\/wp-json\/wp\/v2\/product_cat?post=58332"},{"taxonomy":"product_tag","embeddable":true,"href":"https:\/\/de-prime.com\/index.php\/wp-json\/wp\/v2\/product_tag?post=58332"}],"curies":[{"name":"wp","href":"https:\/\/api.w.org\/{rel}","templated":true}]}}