{"id":58328,"date":"2024-10-03T21:16:34","date_gmt":"2024-10-03T19:16:34","guid":{"rendered":"https:\/\/de-prime.com\/?p=58328"},"modified":"2024-10-03T21:35:31","modified_gmt":"2024-10-03T19:35:31","slug":"2-in-1-kamado-grill-smoker-keramik-56-cm-schwarz","status":"publish","type":"product","link":"https:\/\/de-prime.com\/index.php\/product\/2-in-1-kamado-grill-smoker-keramik-56-cm-schwarz\/","title":{"rendered":"2-in-1 Kamado-Grill Smoker Keramik 56 cm Schwarz"},"content":{"rendered":"<p>Dieser Kamado Keramikgrill verwendet Kohle oder Holz als Brennstoff und hat einen gro\u00dfen Grillrost mit 26,5 cm Durchmesser. Der Mini-Kamado ist perfekt zum Grillen, Backen, R\u00e4uchern, Kochen oder einfach nur zum Warmhalten von Speisen. Der Keramikgrill verf\u00fcgt \u00fcber einen sehr robusten Klappdeckel mit Entl\u00fcftung und eingebautem Thermometer. Dank der geschichteten Bel\u00fcftung k\u00f6nnen Sie sowohl den Luftstrom als auch die Temperatur problemlos regulieren. Die hochwertige Keramik mit der glasierten, narbigen Au\u00dfenseite ist langlebig und \u00e4sthetisch ansprechend. Der Holzkohlegrill sorgt f\u00fcr einen einzigartigen Garprozess, der dem Essen mehr Geschmack verleiht und es gleichzeitig au\u00dfergew\u00f6hnlich zart h\u00e4lt! Die pulverbeschichteten Stahlf\u00fc\u00dfe verleihen dem Grill zus\u00e4tzliche Stabilit\u00e4t. Dieser Kamado-Grill ist ideal, um eine Vielzahl von Speisen wie Burger, Fisch und Rippchen zuzubereiten und bietet Ihnen und Ihren Freunden wirklich gro\u00dfen Grillspa\u00df!<\/p>\n<ul>\n<li>Farbe: Schwarz <\/li>\n<li>Material: Keramik mit glasierter Au\u00dfenseite voller Vertiefungen, pulverbeschichteter Stahl<\/li>\n<li>Gesamth\u00f6he: 56 cm<\/li>\n<li>Au\u00dfendurchmesser: 31 cm<\/li>\n<li>Durchmesser Edelstahl-Grillrost: 26,5 cm<\/li>\n<li>Einbau-Thermometer, mit Temperatur-Anzeige von 0 \u00b0C bis 450 \u00b0C<\/li>\n<li>Federbelastetes Scharnier<\/li>\n<li>Edelstahl L\u00fcftung<\/li>\n<\/ul>\n","protected":false},"excerpt":{"rendered":"<ul>\n<li>Farbe: Schwarz <\/li>\n<li>Material: Keramik mit glasierter Au\u00dfenseite voller Vertiefungen, pulverbeschichteter Stahl<\/li>\n<li>Gesamth\u00f6he: 56 cm<\/li>\n<li>Au\u00dfendurchmesser: 31 cm<\/li>\n<li>Durchmesser Edelstahl-Grillrost: 26,5 cm<\/li>\n<li>Einbau-Thermometer, mit Temperatur-Anzeige von 0 \u00b0C bis 450 \u00b0C<\/li>\n<li>Federbelastetes Scharnier<\/li>\n<li>Edelstahl L\u00fcftung<\/li>\n<\/ul>\n","protected":false},"featured_media":10000058328,"comment_status":"closed","ping_status":"closed","template":"","meta":[],"product_brand":[],"product_cat":[7087,7048,7051,7052],"product_tag":[],"class_list":{"0":"post-58328","1":"product","2":"type-product","3":"status-publish","4":"has-post-thumbnail","6":"product_cat-grills","7":"product_cat-heim-garten","8":"product_cat-kueche-esszimmer","9":"product_cat-kuechengeraete","11":"first","12":"instock","13":"taxable","14":"shipping-taxable","15":"purchasable","16":"product-type-simple","17":"add-to-wishlist-after_add_to_cart"},"jetpack_sharing_enabled":true,"_links":{"self":[{"href":"https:\/\/de-prime.com\/index.php\/wp-json\/wp\/v2\/product\/58328","targetHints":{"allow":["GET"]}}],"collection":[{"href":"https:\/\/de-prime.com\/index.php\/wp-json\/wp\/v2\/product"}],"about":[{"href":"https:\/\/de-prime.com\/index.php\/wp-json\/wp\/v2\/types\/product"}],"replies":[{"embeddable":true,"href":"https:\/\/de-prime.com\/index.php\/wp-json\/wp\/v2\/comments?post=58328"}],"wp:featuredmedia":[{"embeddable":true,"href":"https:\/\/de-prime.com\/index.php\/wp-json\/"}],"wp:attachment":[{"href":"https:\/\/de-prime.com\/index.php\/wp-json\/wp\/v2\/media?parent=58328"}],"wp:term":[{"taxonomy":"product_brand","embeddable":true,"href":"https:\/\/de-prime.com\/index.php\/wp-json\/wp\/v2\/product_brand?post=58328"},{"taxonomy":"product_cat","embeddable":true,"href":"https:\/\/de-prime.com\/index.php\/wp-json\/wp\/v2\/product_cat?post=58328"},{"taxonomy":"product_tag","embeddable":true,"href":"https:\/\/de-prime.com\/index.php\/wp-json\/wp\/v2\/product_tag?post=58328"}],"curies":[{"name":"wp","href":"https:\/\/api.w.org\/{rel}","templated":true}]}}