{"id":58326,"date":"2024-10-03T21:16:43","date_gmt":"2024-10-03T19:16:43","guid":{"rendered":"https:\/\/de-prime.com\/?p=58326"},"modified":"2024-10-03T21:35:24","modified_gmt":"2024-10-03T19:35:24","slug":"grill-mit-2-grillrosten-schwarz-80x95x90-cm-stahl","status":"publish","type":"product","link":"https:\/\/de-prime.com\/index.php\/product\/grill-mit-2-grillrosten-schwarz-80x95x90-cm-stahl\/","title":{"rendered":"Grill mit 2 Grillrosten Schwarz 80x95x90 cm Stahl"},"content":{"rendered":"<p>Haben Sie viele hungrigen M\u00e4uler zu stopfen? Holen Sie sich jetzt diesen robusten Holzkohlegrill! Mit seiner gro\u00dfen Grillfl\u00e4che k\u00f6nnen Sie Freunde und Familie mit diesem Grill gut versorgen! Die Stahlkonstruktion macht es robust auf allen Oberfl\u00e4chen. Der Grill ist schwarz beschichtet, was ihn vor Witterungseinfl\u00fcssen sch\u00fctzt und ihm ein elegantes Aussehen verleiht. Dank der Tonnenform hat der Grill eine perfekte W\u00e4rmezirkulation. Er ist au\u00dferdem mit einem verchromten Warmhalterost ausgestattet, um das Essen warm zu halten, w\u00e4hrend Sie die n\u00e4chste Runde grillen. Der abnehmbare Aschenbeh\u00e4lter erleichtert die Reinigung. ACHTUNG: Dieser BBQ-Grill ist nur f\u00fcr den Au\u00dfenbereich geeignet.ACHTUNG: Der Grill wird w\u00e4hrend des Gebrauchs sehr hei\u00df. Bewegen Sie es NICHT w\u00e4hrend des Gebrauchs!<\/p>\n<ul>\n<li>Farbe: Schwarz <\/li>\n<li>Material: Stahl<\/li>\n<li>Gesamtma\u00dfe (mit geschlossenem Deckel): 80 x 73 x 90 cm (B x T x H)<\/li>\n<li>Gesamtma\u00dfe (mit ge\u00f6ffnetem Deckel): 80 x 95 x 90 cm (B x T x H)<\/li>\n<li>Gr\u00f6\u00dfe der Bratfl\u00e4che: 72 x 35,5 cm (L x B)<\/li>\n<li>Warmhalterost-Gr\u00f6\u00dfe: 68 x 13 cm (L x B)<\/li>\n<li>Grillh\u00f6he (vom Boden): 70 cm<\/li>\n<li>Inklusive zwei Bel\u00fcftungs\u00f6ffnungen am Deckel und an der Feuerschale<\/li>\n<li>Zusammenbau erforderlich: Ja<\/li>\n<\/ul>\n","protected":false},"excerpt":{"rendered":"<ul>\n<li>Farbe: Schwarz <\/li>\n<li>Material: Stahl<\/li>\n<li>Gesamtma\u00dfe (mit geschlossenem Deckel): 80 x 73 x 90 cm (B x T x H)<\/li>\n<li>Gesamtma\u00dfe (mit ge\u00f6ffnetem Deckel): 80 x 95 x 90 cm (B x T x H)<\/li>\n<li>Gr\u00f6\u00dfe der Bratfl\u00e4che: 72 x 35,5 cm (L x B)<\/li>\n<li>Warmhalterost-Gr\u00f6\u00dfe: 68 x 13 cm (L x B)<\/li>\n<li>Grillh\u00f6he (vom Boden): 70 cm<\/li>\n<li>Inklusive zwei Bel\u00fcftungs\u00f6ffnungen am Deckel und an der Feuerschale<\/li>\n<li>Zusammenbau erforderlich: Ja<\/li>\n<\/ul>\n","protected":false},"featured_media":10000058326,"comment_status":"closed","ping_status":"closed","template":"","meta":[],"product_brand":[],"product_cat":[7087,7048,7051,7052],"product_tag":[],"class_list":{"0":"post-58326","1":"product","2":"type-product","3":"status-publish","4":"has-post-thumbnail","6":"product_cat-grills","7":"product_cat-heim-garten","8":"product_cat-kueche-esszimmer","9":"product_cat-kuechengeraete","11":"first","12":"instock","13":"taxable","14":"shipping-taxable","15":"purchasable","16":"product-type-simple","17":"add-to-wishlist-after_add_to_cart"},"jetpack_sharing_enabled":true,"_links":{"self":[{"href":"https:\/\/de-prime.com\/index.php\/wp-json\/wp\/v2\/product\/58326","targetHints":{"allow":["GET"]}}],"collection":[{"href":"https:\/\/de-prime.com\/index.php\/wp-json\/wp\/v2\/product"}],"about":[{"href":"https:\/\/de-prime.com\/index.php\/wp-json\/wp\/v2\/types\/product"}],"replies":[{"embeddable":true,"href":"https:\/\/de-prime.com\/index.php\/wp-json\/wp\/v2\/comments?post=58326"}],"wp:featuredmedia":[{"embeddable":true,"href":"https:\/\/de-prime.com\/index.php\/wp-json\/"}],"wp:attachment":[{"href":"https:\/\/de-prime.com\/index.php\/wp-json\/wp\/v2\/media?parent=58326"}],"wp:term":[{"taxonomy":"product_brand","embeddable":true,"href":"https:\/\/de-prime.com\/index.php\/wp-json\/wp\/v2\/product_brand?post=58326"},{"taxonomy":"product_cat","embeddable":true,"href":"https:\/\/de-prime.com\/index.php\/wp-json\/wp\/v2\/product_cat?post=58326"},{"taxonomy":"product_tag","embeddable":true,"href":"https:\/\/de-prime.com\/index.php\/wp-json\/wp\/v2\/product_tag?post=58326"}],"curies":[{"name":"wp","href":"https:\/\/api.w.org\/{rel}","templated":true}]}}