{"id":58324,"date":"2024-10-03T21:16:51","date_gmt":"2024-10-03T19:16:51","guid":{"rendered":"https:\/\/de-prime.com\/?p=58324"},"modified":"2024-10-03T21:35:18","modified_gmt":"2024-10-03T19:35:18","slug":"gasgrill-41-flammen-silbern-edelstahl","status":"publish","type":"product","link":"https:\/\/de-prime.com\/index.php\/product\/gasgrill-41-flammen-silbern-edelstahl\/","title":{"rendered":"Gasgrill 4+1 Flammen Silbern Edelstahl"},"content":{"rendered":"<p>Dieser Gasgrill verf\u00fcgt \u00fcber 4 gro\u00dfe Kochzonen und 1 Seitenbrenner, was ihn zu einer idealen Wahl f\u00fcr ein Festmahl im Freien mit Familie und Freunden macht. Er verwandelt dich in einen echten Grillmeister und deinen Hinterhof in eine zweite K\u00fcche! Der Gasgrill zeichnet sich durch ein stilvolles und praktisches Design aus. Er verf\u00fcgt \u00fcber eine gro\u00dfe Grillfl\u00e4che und eine robuste Haube mit eingebautem Thermometer, das die Grilltemperatur genau anzeigt. Die seitliche Ablage bietet zus\u00e4tzlichen Platz f\u00fcr die Zubereitung von Saucen und Lieblingsbeilagen. Im Lieferumfang ist auch eine abnehmbare Fettauffangwanne enthalten, die sich ganz einfach reinigen l\u00e4sst. Aus strapazierf\u00e4higen Materialien gefertigt, ist der Grill auf eine lange Lebensdauer ausgelegt. Der Unterschrank bietet zus\u00e4tzlichen Stauraum f\u00fcr Kochgeschirr und Utensilien. Dank der 2 robusten Rollen l\u00e4sst sich der Grill auch m\u00fchelos umher verschieben. Im Lieferumfang ist auch eine Grillhaube enthalten, die den Grill vor Regen und Staub sch\u00fctzt. Zum Anschluss des Grills an eine Gasflasche sind ein Gasschlauch und ein Druckregler erforderlich, die nicht im Lieferumfang enthalten sind.<\/p>\n<ul>\n<li>Farbe: Silbern<\/li>\n<li>Material: Edelstahl<\/li>\n<li>Gesamtabmessungen: 121,5 x 55 x 107 cm (L x B x H)<\/li>\n<li>Hauptkochzone: 11,6 kW (39.579,20 BTU = 4 Flammen je 9.894,80 BTU)<\/li>\n<li>Seitenbrenner: 2,3 kW (7847,60 BTU)<\/li>\n<li>Grillfl\u00e4che: 64 x 40 cm<\/li>\n<li>Grillh\u00f6he: 82 cm<\/li>\n<li>Geeignete Gasart: Fl\u00fcssiggas, Butan, Propan<\/li>\n<li>Piezoz\u00fcndung<\/li>\n<li>Integriertes Thermometer zur genauen Anzeige der Grilltemperatur<\/li>\n<li>Abnehmbare Fettauffangwanne, leicht zu reinigen<\/li>\n<li>Mit ger\u00e4umigem Unterschrank f\u00fcr Grillutensilien<\/li>\n<li>Stabile Rollen f\u00fcr Mobilit\u00e4t<\/li>\n<li>Mit Grillhaube zum Schutz vor Regen und Staub<\/li>\n<li>Achtung: NIEMALS Gasflaschen in den Unterschrank oder unter den Grill stellen<\/li>\n<\/ul>\n","protected":false},"excerpt":{"rendered":"<ul>\n<li>Farbe: Silbern<\/li>\n<li>Material: Edelstahl<\/li>\n<li>Gesamtabmessungen: 121,5 x 55 x 107 cm (L x B x H)<\/li>\n<li>Hauptkochzone: 11,6 kW (39.579,20 BTU = 4 Flammen je 9.894,80 BTU)<\/li>\n<li>Seitenbrenner: 2,3 kW (7847,60 BTU)<\/li>\n<li>Grillfl\u00e4che: 64 x 40 cm<\/li>\n<li>Grillh\u00f6he: 82 cm<\/li>\n<li>Geeignete Gasart: Fl\u00fcssiggas, Butan, Propan<\/li>\n<li>Piezoz\u00fcndung<\/li>\n<li>Integriertes Thermometer zur genauen Anzeige der Grilltemperatur<\/li>\n<li>Abnehmbare Fettauffangwanne, leicht zu reinigen<\/li>\n<li>Mit ger\u00e4umigem Unterschrank f\u00fcr Grillutensilien<\/li>\n<li>Stabile Rollen f\u00fcr Mobilit\u00e4t<\/li>\n<li>Mit Grillhaube zum Schutz vor Regen und Staub<\/li>\n<li>Achtung: NIEMALS Gasflaschen in den Unterschrank oder unter den Grill stellen<\/li>\n<\/ul>\n","protected":false},"featured_media":10000058324,"comment_status":"closed","ping_status":"closed","template":"","meta":[],"product_brand":[],"product_cat":[7087,7048,7051,7052],"product_tag":[],"class_list":{"0":"post-58324","1":"product","2":"type-product","3":"status-publish","4":"has-post-thumbnail","6":"product_cat-grills","7":"product_cat-heim-garten","8":"product_cat-kueche-esszimmer","9":"product_cat-kuechengeraete","11":"first","12":"instock","13":"taxable","14":"shipping-taxable","15":"purchasable","16":"product-type-simple","17":"add-to-wishlist-after_add_to_cart"},"jetpack_sharing_enabled":true,"_links":{"self":[{"href":"https:\/\/de-prime.com\/index.php\/wp-json\/wp\/v2\/product\/58324","targetHints":{"allow":["GET"]}}],"collection":[{"href":"https:\/\/de-prime.com\/index.php\/wp-json\/wp\/v2\/product"}],"about":[{"href":"https:\/\/de-prime.com\/index.php\/wp-json\/wp\/v2\/types\/product"}],"replies":[{"embeddable":true,"href":"https:\/\/de-prime.com\/index.php\/wp-json\/wp\/v2\/comments?post=58324"}],"wp:featuredmedia":[{"embeddable":true,"href":"https:\/\/de-prime.com\/index.php\/wp-json\/"}],"wp:attachment":[{"href":"https:\/\/de-prime.com\/index.php\/wp-json\/wp\/v2\/media?parent=58324"}],"wp:term":[{"taxonomy":"product_brand","embeddable":true,"href":"https:\/\/de-prime.com\/index.php\/wp-json\/wp\/v2\/product_brand?post=58324"},{"taxonomy":"product_cat","embeddable":true,"href":"https:\/\/de-prime.com\/index.php\/wp-json\/wp\/v2\/product_cat?post=58324"},{"taxonomy":"product_tag","embeddable":true,"href":"https:\/\/de-prime.com\/index.php\/wp-json\/wp\/v2\/product_tag?post=58324"}],"curies":[{"name":"wp","href":"https:\/\/api.w.org\/{rel}","templated":true}]}}