{"id":58320,"date":"2024-10-03T21:14:07","date_gmt":"2024-10-03T19:14:07","guid":{"rendered":"https:\/\/de-prime.com\/?p=58320"},"modified":"2024-10-03T21:37:18","modified_gmt":"2024-10-03T19:37:18","slug":"grillspiess-mit-motor-stahl-1000-mm","status":"publish","type":"product","link":"https:\/\/de-prime.com\/index.php\/product\/grillspiess-mit-motor-stahl-1000-mm\/","title":{"rendered":"Grillspie\u00df mit Motor Stahl 1000 mm"},"content":{"rendered":"<p>Dieser Grillspie\u00df verleiht Ihren Grillspeisen ein erstaunliches Grillaroma, von goldbraun gebratenem Huhn oder anderem Fleisch bis zu knackigem Gem\u00fcse. Das Rotisserie-Set ist f\u00fcr die Nutzung mit Gas- oder Holzkohlegrills ausgelegt und kann auch \u00fcber offenem Feuer verwendet werden. Der motorbetriebene Spie\u00df dreht sich automatisch und sorgt damit f\u00fcr eine gleichm\u00e4\u00dfige Erw\u00e4rmung von allem, was Sie braten m\u00f6chten. Die Breite zwischen den Gabeln kann so eingestellt werden, um sich an Nahrungsmitteln verschiedener Gr\u00f6\u00dfen und Formen anzupassen und dann mit den Verriegelungsschrauben befestigt werden. Ein Ausgleichsgewicht ist im Lieferumfang enthalten, um, wenn erforderlich, zus\u00e4tzliches Gewicht auf einer Seite anzubringen. Hergestellt aus hochwertigen Materialien, ist der Bratspie\u00df leicht zu reinigen und zu pflegen. Dieses Grill-Set eignet sich nicht nur f\u00fcr Fleischliebhaber, sondern kann auch verwendet werden, um Kartoffeln, Mais, usw. zu kochen. Schaffen Sie ein Fest im Freien f\u00fcr Ihre Familie und Freunde!<\/p>\n<ul>\n<li>Spie\u00df- und Gabelmaterial: verchromter Stahl<\/li>\n<li>Motorgeh\u00e4use-Material: Edelstahl<\/li>\n<li>Gesamtl\u00e4nge: 1170 mm<\/li>\n<li>Spie\u00dfl\u00e4nge (ohne den Griff): 1000 mm<\/li>\n<li>4 Spie\u00df Gabeln mit Fixierschrauben<\/li>\n<li>Motorleistung : 220-240 V, 50\/60 Hz, 4 W<\/li>\n<li>Motor Abmessungen: 93 x 67 x 123 mm (L x B x H)<\/li>\n<li>Kabell\u00e4nge: 1,2 m<\/li>\n<li>Mit einem Ausgleichsgewicht<\/li>\n<li>Mit einem Griff aus Bakelit<\/li>\n<\/ul>\n","protected":false},"excerpt":{"rendered":"<ul>\n<li>Spie\u00df- und Gabelmaterial: verchromter Stahl<\/li>\n<li>Motorgeh\u00e4use-Material: Edelstahl<\/li>\n<li>Gesamtl\u00e4nge: 1170 mm<\/li>\n<li>Spie\u00dfl\u00e4nge (ohne den Griff): 1000 mm<\/li>\n<li>4 Spie\u00df Gabeln mit Fixierschrauben<\/li>\n<li>Motorleistung : 220-240 V, 50\/60 Hz, 4 W<\/li>\n<li>Motor Abmessungen: 93 x 67 x 123 mm (L x B x H)<\/li>\n<li>Kabell\u00e4nge: 1,2 m<\/li>\n<li>Mit einem Ausgleichsgewicht<\/li>\n<li>Mit einem Griff aus Bakelit<\/li>\n<\/ul>\n","protected":false},"featured_media":10000058320,"comment_status":"closed","ping_status":"closed","template":"","meta":[],"product_brand":[],"product_cat":[7088,7048,7051,7052],"product_tag":[],"class_list":{"0":"post-58320","1":"product","2":"type-product","3":"status-publish","4":"has-post-thumbnail","6":"product_cat-grilloefen-mini-backoefen","7":"product_cat-heim-garten","8":"product_cat-kueche-esszimmer","9":"product_cat-kuechengeraete","11":"first","12":"instock","13":"taxable","14":"shipping-taxable","15":"purchasable","16":"product-type-simple","17":"add-to-wishlist-after_add_to_cart"},"jetpack_sharing_enabled":true,"_links":{"self":[{"href":"https:\/\/de-prime.com\/index.php\/wp-json\/wp\/v2\/product\/58320","targetHints":{"allow":["GET"]}}],"collection":[{"href":"https:\/\/de-prime.com\/index.php\/wp-json\/wp\/v2\/product"}],"about":[{"href":"https:\/\/de-prime.com\/index.php\/wp-json\/wp\/v2\/types\/product"}],"replies":[{"embeddable":true,"href":"https:\/\/de-prime.com\/index.php\/wp-json\/wp\/v2\/comments?post=58320"}],"wp:featuredmedia":[{"embeddable":true,"href":"https:\/\/de-prime.com\/index.php\/wp-json\/"}],"wp:attachment":[{"href":"https:\/\/de-prime.com\/index.php\/wp-json\/wp\/v2\/media?parent=58320"}],"wp:term":[{"taxonomy":"product_brand","embeddable":true,"href":"https:\/\/de-prime.com\/index.php\/wp-json\/wp\/v2\/product_brand?post=58320"},{"taxonomy":"product_cat","embeddable":true,"href":"https:\/\/de-prime.com\/index.php\/wp-json\/wp\/v2\/product_cat?post=58320"},{"taxonomy":"product_tag","embeddable":true,"href":"https:\/\/de-prime.com\/index.php\/wp-json\/wp\/v2\/product_tag?post=58320"}],"curies":[{"name":"wp","href":"https:\/\/api.w.org\/{rel}","templated":true}]}}