{"id":58314,"date":"2024-10-03T21:13:29","date_gmt":"2024-10-03T19:13:29","guid":{"rendered":"https:\/\/de-prime.com\/?p=58314"},"modified":"2024-10-03T21:37:47","modified_gmt":"2024-10-03T19:37:47","slug":"holzkohlegrill-mit-standfuss-edelstahl","status":"publish","type":"product","link":"https:\/\/de-prime.com\/index.php\/product\/holzkohlegrill-mit-standfuss-edelstahl\/","title":{"rendered":"Holzkohlegrill mit Standfu\u00df Edelstahl"},"content":{"rendered":"<p>Dieser klassische Holzkohlegrill mit Sockel ist ideal zum Grillen und R\u00f6sten bei Partys im Garten. Der aus hochwertigem Edelstahl mit polierter Oberfl\u00e4che gefertigte Grillrost verf\u00fcgt \u00fcber eine robuste und langlebige Bauweise. Mit einem verchromten Grillrost und einem Warmhalterost bietet dieser BBQ-Grill ausreichend Platz f\u00fcr die Zubereitung von Speisen. Sie k\u00f6nnen die H\u00f6he des Grillrostes leicht verstellen, um die W\u00e4rme der Holzkohle optimal zu nutzen. Die Windschutzscheibe schirmt den Wind ab, um die W\u00e4rme besser zu speichern und das Grillen zu beschleunigen. Die Entl\u00fcftungs\u00f6ffnung erm\u00f6glicht es Ihnen, den Luftstrom frei auf die Holzkohle einzustellen, w\u00e4hrend der Aschesammler die Reinigung erleichtert. Dank der kompakten Bauweise l\u00e4sst sich der Gartengrill leicht transportieren.<\/p>\n<ul>\n<li>Material: Edelstahl<\/li>\n<li>Abmessungen: 39 x 68 cm (Durchmesser x H)<\/li>\n<li>Grillrostdurchmesser: 35 cm<\/li>\n<li>Gr\u00f6\u00dfe des Warmhalterosts: 35 x 15 cm (L x B)<\/li>\n<li>Grillh\u00f6he: 58 &#8211; 66,5 cm<\/li>\n<li>Durchmesser des verzinkten Holzkohlegitters: 30 cm<\/li>\n<li>Abmessungen der Feuerschale: 39 x 11,5 cm (Durchmesser x H)<\/li>\n<li>Durchmesser des Standbeins: 10 cm<\/li>\n<li>Durchmesser des Sockels: 36,5 cm<\/li>\n<li>Verchromte Grill- und Warmhalteroste<\/li>\n<li>Mit Windschutzscheibe<\/li>\n<li>Zusammenbau erforderlich: Ja<\/li>\n<\/ul>\n","protected":false},"excerpt":{"rendered":"<ul>\n<li>Material: Edelstahl<\/li>\n<li>Abmessungen: 39 x 68 cm (Durchmesser x H)<\/li>\n<li>Grillrostdurchmesser: 35 cm<\/li>\n<li>Gr\u00f6\u00dfe des Warmhalterosts: 35 x 15 cm (L x B)<\/li>\n<li>Grillh\u00f6he: 58 &#8211; 66,5 cm<\/li>\n<li>Durchmesser des verzinkten Holzkohlegitters: 30 cm<\/li>\n<li>Abmessungen der Feuerschale: 39 x 11,5 cm (Durchmesser x H)<\/li>\n<li>Durchmesser des Standbeins: 10 cm<\/li>\n<li>Durchmesser des Sockels: 36,5 cm<\/li>\n<li>Verchromte Grill- und Warmhalteroste<\/li>\n<li>Mit Windschutzscheibe<\/li>\n<li>Zusammenbau erforderlich: Ja<\/li>\n<\/ul>\n","protected":false},"featured_media":10000058314,"comment_status":"closed","ping_status":"closed","template":"","meta":[],"product_brand":[],"product_cat":[7087,7048,7051,7052],"product_tag":[],"class_list":{"0":"post-58314","1":"product","2":"type-product","3":"status-publish","4":"has-post-thumbnail","6":"product_cat-grills","7":"product_cat-heim-garten","8":"product_cat-kueche-esszimmer","9":"product_cat-kuechengeraete","11":"first","12":"outofstock","13":"taxable","14":"shipping-taxable","15":"purchasable","16":"product-type-simple","17":"add-to-wishlist-after_add_to_cart"},"jetpack_sharing_enabled":true,"_links":{"self":[{"href":"https:\/\/de-prime.com\/index.php\/wp-json\/wp\/v2\/product\/58314","targetHints":{"allow":["GET"]}}],"collection":[{"href":"https:\/\/de-prime.com\/index.php\/wp-json\/wp\/v2\/product"}],"about":[{"href":"https:\/\/de-prime.com\/index.php\/wp-json\/wp\/v2\/types\/product"}],"replies":[{"embeddable":true,"href":"https:\/\/de-prime.com\/index.php\/wp-json\/wp\/v2\/comments?post=58314"}],"wp:featuredmedia":[{"embeddable":true,"href":"https:\/\/de-prime.com\/index.php\/wp-json\/"}],"wp:attachment":[{"href":"https:\/\/de-prime.com\/index.php\/wp-json\/wp\/v2\/media?parent=58314"}],"wp:term":[{"taxonomy":"product_brand","embeddable":true,"href":"https:\/\/de-prime.com\/index.php\/wp-json\/wp\/v2\/product_brand?post=58314"},{"taxonomy":"product_cat","embeddable":true,"href":"https:\/\/de-prime.com\/index.php\/wp-json\/wp\/v2\/product_cat?post=58314"},{"taxonomy":"product_tag","embeddable":true,"href":"https:\/\/de-prime.com\/index.php\/wp-json\/wp\/v2\/product_tag?post=58314"}],"curies":[{"name":"wp","href":"https:\/\/api.w.org\/{rel}","templated":true}]}}