{"id":58307,"date":"2024-10-03T21:13:42","date_gmt":"2024-10-03T19:13:42","guid":{"rendered":"https:\/\/de-prime.com\/?p=58307"},"modified":"2024-10-03T21:37:37","modified_gmt":"2024-10-03T19:37:37","slug":"3-in-1-holzkohlegrill-raeucherofen-40x80-cm","status":"publish","type":"product","link":"https:\/\/de-prime.com\/index.php\/product\/3-in-1-holzkohlegrill-raeucherofen-40x80-cm\/","title":{"rendered":"3-in-1 Holzkohlegrill R\u00e4ucherofen 40\u00d780 cm"},"content":{"rendered":"<p>Mit diesem 3-in-1-Holzkohle-R\u00e4ucher-Grill k\u00f6nnen Sie grillen, kochen und r\u00e4uchern. Der R\u00e4uchergrill ist ideal f\u00fcr Veranstaltungen im Freien wie Partys, Lagerfeuer, Grillabende oder Camping. Bei abgenommenem Deckel k\u00f6nnen Sie Fleisch, Fisch und Gem\u00fcse auf dem Bratrost grillen. Bei geschlossenem Deckel k\u00f6nnen Sie Fisch r\u00e4uchern oder Gefl\u00fcgel, Steaks usw. braten. Die im Lieferumfang enthalte Wasserschale h\u00e4lt die Temperatur konstant, damit das Grillgut perfekt ge\u00e4uchert wird. Sie kann aber auch zum D\u00fcnsten von Gem\u00fcse verwendet werden. Ein Thermostat am Deckel zeigt Ihnen die Innentemperatur an, die einfach durch die Seitent\u00fcren und den Deckel geregelt werden kann. Der Holzkohlenrost h\u00e4lt die Holzkohle hoch, damit die Luft effizienter zirkulieren kann. Die F\u00fc\u00dfe in dreieckiger Anordnung tragen zur Stabilit\u00e4t bei. Nach Gebrauch kann der Grill f\u00fcr einen einfachen Transport und eine einfache Lagerung in seine Einzelteile zerlegt werden. Bitte beachten Sie:Verwenden Sie den Holzkohlegrill unbedingt auf einer ebenen, stabilen Oberfl\u00e4che. Verwenden Sie den Grill nicht in einem geschlossenen und \/ oder bewohnbaren Raum, z. B. in H\u00e4usern, Zelten, Wohnwagen, Wohnmobilen oder Booten. Denn dann besteht die Gefahr von Kohlenmonoxidvergiftungen.<\/p>\n<ul>\n<li>Farbe: Schwarz <\/li>\n<li>Material: Stahl<\/li>\n<li>Ma\u00dfe: 40 x 80 cm (Durchmesser x H)<\/li>\n<li>2 x Rost: Durchmesser 37 cm<\/li>\n<li>Grillh\u00f6he: 58 cm<\/li>\n<li>Mit Thermometer<\/li>\n<li>Mit L\u00fcftungsschieber<\/li>\n<li>3-in-1: R\u00e4uchern \/ Grillen \/ Kochen<\/li>\n<li>Holzkohlerost<\/li>\n<li>Aschekasten<\/li>\n<li>Tr\u00e4nkebecken<\/li>\n<li>Zusammenbau erforderlich: Ja<\/li>\n<\/ul>\n","protected":false},"excerpt":{"rendered":"<ul>\n<li>Farbe: Schwarz <\/li>\n<li>Material: Stahl<\/li>\n<li>Ma\u00dfe: 40 x 80 cm (Durchmesser x H)<\/li>\n<li>2 x Rost: Durchmesser 37 cm<\/li>\n<li>Grillh\u00f6he: 58 cm<\/li>\n<li>Mit Thermometer<\/li>\n<li>Mit L\u00fcftungsschieber<\/li>\n<li>3-in-1: R\u00e4uchern \/ Grillen \/ Kochen<\/li>\n<li>Holzkohlerost<\/li>\n<li>Aschekasten<\/li>\n<li>Tr\u00e4nkebecken<\/li>\n<li>Zusammenbau erforderlich: Ja<\/li>\n<\/ul>\n","protected":false},"featured_media":10000058307,"comment_status":"closed","ping_status":"closed","template":"","meta":[],"product_brand":[],"product_cat":[7087,7048,7051,7052],"product_tag":[],"class_list":{"0":"post-58307","1":"product","2":"type-product","3":"status-publish","4":"has-post-thumbnail","6":"product_cat-grills","7":"product_cat-heim-garten","8":"product_cat-kueche-esszimmer","9":"product_cat-kuechengeraete","11":"first","12":"instock","13":"taxable","14":"shipping-taxable","15":"purchasable","16":"product-type-simple","17":"add-to-wishlist-after_add_to_cart"},"jetpack_sharing_enabled":true,"_links":{"self":[{"href":"https:\/\/de-prime.com\/index.php\/wp-json\/wp\/v2\/product\/58307","targetHints":{"allow":["GET"]}}],"collection":[{"href":"https:\/\/de-prime.com\/index.php\/wp-json\/wp\/v2\/product"}],"about":[{"href":"https:\/\/de-prime.com\/index.php\/wp-json\/wp\/v2\/types\/product"}],"replies":[{"embeddable":true,"href":"https:\/\/de-prime.com\/index.php\/wp-json\/wp\/v2\/comments?post=58307"}],"wp:featuredmedia":[{"embeddable":true,"href":"https:\/\/de-prime.com\/index.php\/wp-json\/"}],"wp:attachment":[{"href":"https:\/\/de-prime.com\/index.php\/wp-json\/wp\/v2\/media?parent=58307"}],"wp:term":[{"taxonomy":"product_brand","embeddable":true,"href":"https:\/\/de-prime.com\/index.php\/wp-json\/wp\/v2\/product_brand?post=58307"},{"taxonomy":"product_cat","embeddable":true,"href":"https:\/\/de-prime.com\/index.php\/wp-json\/wp\/v2\/product_cat?post=58307"},{"taxonomy":"product_tag","embeddable":true,"href":"https:\/\/de-prime.com\/index.php\/wp-json\/wp\/v2\/product_tag?post=58307"}],"curies":[{"name":"wp","href":"https:\/\/api.w.org\/{rel}","templated":true}]}}