{"id":58305,"date":"2024-10-03T21:13:44","date_gmt":"2024-10-03T19:13:44","guid":{"rendered":"https:\/\/de-prime.com\/?p=58305"},"modified":"2024-10-03T21:37:36","modified_gmt":"2024-10-03T19:37:36","slug":"tragbarer-camping-grill-stahl-60x225x33-cm","status":"publish","type":"product","link":"https:\/\/de-prime.com\/index.php\/product\/tragbarer-camping-grill-stahl-60x225x33-cm\/","title":{"rendered":"Tragbarer Camping-Grill Stahl 60\u00d722,5\u00d733 cm"},"content":{"rendered":"<p>Genie\u00dfen Sie ein Festmahl im Freien mit diesem zusammenklappbaren Holzkohlegrill! Der Outdoor-Grill ist ideal f\u00fcr Reisende, Wanderer und Naturliebhaber. Dieser praktische Kohlegrill kann sowohl als Tischgrill als auch als freistehender Grill (auf dem Boden) verwendet werden. Mit nur wenigen Handgriffen ist der Camping-Grill in k\u00fcrzester Zeit einfach aufzubauen und einsatzbereit. Die seitlichen L\u00fcftungs\u00f6ffnungen erm\u00f6glichen eine Luftzufuhr f\u00fcr ein besseres Grillergebnis. Dieser Grill ist aus Stahl gefertigt, der mit elektrophoretischer Beschichtung versehen worden ist; somit ist der Grill korrosions- und temperaturbest\u00e4ndig. Die Ascheauffangschale und der Grillrost sind abnehmbar und somit leicht zu reinigen. Mit diesem tragbaren Grill ist die Veranstaltung spontaner Grillpartys im Freien einfacher als je zuvor. Ob im Park oder auf dem Campingplatz, der tragbare Grill ist aufgrund seines zusammenklappbaren Designs und seines geringen Gewichts eine ideale Wahl, um \u00fcberall mitgenommen zu werden. Dieser Camping-Grill schafft eine angenehme Atmosph\u00e4re, wenn Sie und Ihre Freunde den einladenden Geruch von Grillgut und die W\u00e4rme der knisternden Holzkohle genie\u00dfen. Bitte beachten Sie: Verwenden Sie den Holzkohlegrill unbedingt auf einer ebenen, stabilen Oberfl\u00e4che. Verwenden Sie den Grill nicht in einem geschlossenen und \/ oder bewohnbaren Raum, z. B. in H\u00e4usern, Zelten, Wohnwagen, Wohnmobilen oder Booten. Denn dann besteht die Gefahr von Kohlenmonoxidvergiftungen.<\/p>\n<ul>\n<li>Farbe: Schwarz <\/li>\n<li>Material: Stahl (mit elektrophoretischer Beschichtung)<\/li>\n<li>Abmessungen: 60 x 22,5 x 33 cm<\/li>\n<li>Gr\u00f6\u00dfe des Bratrostes: 57 x 19 cm<\/li>\n<li>Abnehmbarer Rost und Ascheauffangschale<\/li>\n<li>Klappbar, einfach aufzustellen<\/li>\n<li>Kann auf dem Boden und Tisch verwendet werden<\/li>\n<li>Zusammenbau erforderlich: Ja<\/li>\n<\/ul>\n","protected":false},"excerpt":{"rendered":"<ul>\n<li>Farbe: Schwarz <\/li>\n<li>Material: Stahl (mit elektrophoretischer Beschichtung)<\/li>\n<li>Abmessungen: 60 x 22,5 x 33 cm<\/li>\n<li>Gr\u00f6\u00dfe des Bratrostes: 57 x 19 cm<\/li>\n<li>Abnehmbarer Rost und Ascheauffangschale<\/li>\n<li>Klappbar, einfach aufzustellen<\/li>\n<li>Kann auf dem Boden und Tisch verwendet werden<\/li>\n<li>Zusammenbau erforderlich: Ja<\/li>\n<\/ul>\n","protected":false},"featured_media":10000058305,"comment_status":"closed","ping_status":"closed","template":"","meta":[],"product_brand":[],"product_cat":[7087,7048,7051,7052],"product_tag":[],"class_list":{"0":"post-58305","1":"product","2":"type-product","3":"status-publish","4":"has-post-thumbnail","6":"product_cat-grills","7":"product_cat-heim-garten","8":"product_cat-kueche-esszimmer","9":"product_cat-kuechengeraete","11":"first","12":"instock","13":"taxable","14":"shipping-taxable","15":"purchasable","16":"product-type-simple","17":"add-to-wishlist-after_add_to_cart"},"jetpack_sharing_enabled":true,"_links":{"self":[{"href":"https:\/\/de-prime.com\/index.php\/wp-json\/wp\/v2\/product\/58305","targetHints":{"allow":["GET"]}}],"collection":[{"href":"https:\/\/de-prime.com\/index.php\/wp-json\/wp\/v2\/product"}],"about":[{"href":"https:\/\/de-prime.com\/index.php\/wp-json\/wp\/v2\/types\/product"}],"replies":[{"embeddable":true,"href":"https:\/\/de-prime.com\/index.php\/wp-json\/wp\/v2\/comments?post=58305"}],"wp:featuredmedia":[{"embeddable":true,"href":"https:\/\/de-prime.com\/index.php\/wp-json\/"}],"wp:attachment":[{"href":"https:\/\/de-prime.com\/index.php\/wp-json\/wp\/v2\/media?parent=58305"}],"wp:term":[{"taxonomy":"product_brand","embeddable":true,"href":"https:\/\/de-prime.com\/index.php\/wp-json\/wp\/v2\/product_brand?post=58305"},{"taxonomy":"product_cat","embeddable":true,"href":"https:\/\/de-prime.com\/index.php\/wp-json\/wp\/v2\/product_cat?post=58305"},{"taxonomy":"product_tag","embeddable":true,"href":"https:\/\/de-prime.com\/index.php\/wp-json\/wp\/v2\/product_tag?post=58305"}],"curies":[{"name":"wp","href":"https:\/\/api.w.org\/{rel}","templated":true}]}}