{"id":58283,"date":"2024-10-03T21:14:26","date_gmt":"2024-10-03T19:14:26","guid":{"rendered":"https:\/\/de-prime.com\/?p=58283"},"modified":"2024-10-03T21:37:02","modified_gmt":"2024-10-03T19:37:02","slug":"holzkohlegrill-mit-unterer-ablage-schwarz","status":"publish","type":"product","link":"https:\/\/de-prime.com\/index.php\/product\/holzkohlegrill-mit-unterer-ablage-schwarz\/","title":{"rendered":"Holzkohlegrill mit Unterer Ablage Schwarz"},"content":{"rendered":"<p>Unser robuster Holzkohlegrill eignet sich bestens f\u00fcr ein Festmahl mit Familie und Freunden im Freien. Er wird Ihr Outdoor-Kocherlebnis zum Brutzeln bringen und Ihren Hinterhof effektiv in eine zweite K\u00fcche verwandeln! Mit Holzkohle als Brennstoff eignet sich dieser Grill bestens zum Grillen, Kochen und R\u00e4uchern. Sie k\u00f6nnen die Temperatur in der Kammer mit dem integrierten Thermometer auf der Haube \u00fcberwachen. Dank des pulverbeschichteten Stahlgeh\u00e4uses weist unser Grill ein elegantes und stilvolles Design aus und ist auch sehr langlebig. Zudem ist er mit 2 emaillierten Grillrosten und einer robusten Haube ausgestattet. Zwei klappbare Beistelltische bieten zus\u00e4tzlichen Platz zum Zubereiten von So\u00dfen und Lieblingsbeilagen. Mit 2 Rollen versehen, l\u00e4sst sich dieser Grill ganz einfach umher verschieben. Dieser Grill wird sich ganz sicher als unverzichtbar f\u00fcr Ihre Freizeitaktivit\u00e4ten erweisen!<\/p>\n<ul>\n<li>Farbe: Schwarz <\/li>\n<li>Material: pulverbeschichteter Stahl<\/li>\n<li>Gesamtabmessungen: 97 x 57 x 99 cm (B x T x H)<\/li>\n<li>Gr\u00f6\u00dfe Grillfl\u00e4che: 43 x 23 cm (L x B)<\/li>\n<li>H\u00f6he der Grillfl\u00e4che vom Boden: 82 cm<\/li>\n<li>H\u00f6henverstellbare Holzkohlenschale<\/li>\n<li>Mit eingebautem Thermometer<\/li>\n<li>Warmhalterost inbegriffen<\/li>\n<li>Mit Flaschen\u00f6ffner<\/li>\n<li>Mit Ablagefach<\/li>\n<li>Klappbare Beistelltische<\/li>\n<li>Mit 2 stabilen Rollen f\u00fcr Mobilit\u00e4t<\/li>\n<\/ul>\n","protected":false},"excerpt":{"rendered":"<ul>\n<li>Farbe: Schwarz <\/li>\n<li>Material: pulverbeschichteter Stahl<\/li>\n<li>Gesamtabmessungen: 97 x 57 x 99 cm (B x T x H)<\/li>\n<li>Gr\u00f6\u00dfe Grillfl\u00e4che: 43 x 23 cm (L x B)<\/li>\n<li>H\u00f6he der Grillfl\u00e4che vom Boden: 82 cm<\/li>\n<li>H\u00f6henverstellbare Holzkohlenschale<\/li>\n<li>Mit eingebautem Thermometer<\/li>\n<li>Warmhalterost inbegriffen<\/li>\n<li>Mit Flaschen\u00f6ffner<\/li>\n<li>Mit Ablagefach<\/li>\n<li>Klappbare Beistelltische<\/li>\n<li>Mit 2 stabilen Rollen f\u00fcr Mobilit\u00e4t<\/li>\n<\/ul>\n","protected":false},"featured_media":10000058283,"comment_status":"closed","ping_status":"closed","template":"","meta":[],"product_brand":[],"product_cat":[7087,7048,7051,7052],"product_tag":[],"class_list":{"0":"post-58283","1":"product","2":"type-product","3":"status-publish","4":"has-post-thumbnail","6":"product_cat-grills","7":"product_cat-heim-garten","8":"product_cat-kueche-esszimmer","9":"product_cat-kuechengeraete","11":"first","12":"instock","13":"taxable","14":"shipping-taxable","15":"purchasable","16":"product-type-simple","17":"add-to-wishlist-after_add_to_cart"},"jetpack_sharing_enabled":true,"_links":{"self":[{"href":"https:\/\/de-prime.com\/index.php\/wp-json\/wp\/v2\/product\/58283","targetHints":{"allow":["GET"]}}],"collection":[{"href":"https:\/\/de-prime.com\/index.php\/wp-json\/wp\/v2\/product"}],"about":[{"href":"https:\/\/de-prime.com\/index.php\/wp-json\/wp\/v2\/types\/product"}],"replies":[{"embeddable":true,"href":"https:\/\/de-prime.com\/index.php\/wp-json\/wp\/v2\/comments?post=58283"}],"wp:featuredmedia":[{"embeddable":true,"href":"https:\/\/de-prime.com\/index.php\/wp-json\/"}],"wp:attachment":[{"href":"https:\/\/de-prime.com\/index.php\/wp-json\/wp\/v2\/media?parent=58283"}],"wp:term":[{"taxonomy":"product_brand","embeddable":true,"href":"https:\/\/de-prime.com\/index.php\/wp-json\/wp\/v2\/product_brand?post=58283"},{"taxonomy":"product_cat","embeddable":true,"href":"https:\/\/de-prime.com\/index.php\/wp-json\/wp\/v2\/product_cat?post=58283"},{"taxonomy":"product_tag","embeddable":true,"href":"https:\/\/de-prime.com\/index.php\/wp-json\/wp\/v2\/product_tag?post=58283"}],"curies":[{"name":"wp","href":"https:\/\/api.w.org\/{rel}","templated":true}]}}