{"id":58279,"date":"2024-10-03T21:14:33","date_gmt":"2024-10-03T19:14:33","guid":{"rendered":"https:\/\/de-prime.com\/?p=58279"},"modified":"2024-10-03T21:36:56","modified_gmt":"2024-10-03T19:36:56","slug":"progarden-smoker-grill-schwarz","status":"publish","type":"product","link":"https:\/\/de-prime.com\/index.php\/product\/progarden-smoker-grill-schwarz\/","title":{"rendered":"ProGarden Smoker-Grill Schwarz"},"content":{"rendered":"<p>Das Grillen auf diesem Grill-Smoker von ProGarden mit Holz oder Holzkohle ist perfekt f\u00fcr alle Fleischliebhaber, die Abwechslung m\u00f6gen. Der multifunktionale Grill bietet unz\u00e4hlige M\u00f6glichkeiten, durch wechselnde Brennstoffe wie Holz, Hackschnitzel, Holzkohle oder Briketts, Temperaturen und Kr\u00e4uter verschiedene individuelle Geschm\u00e4cker zu erreichen. Dieser Grill verf\u00fcgt \u00fcber einen regelbaren Thermostat, der auf bis zu 350 \u00b0C eingestellt werden kann, sodass er pr\u00e4zise und schnell grillen und r\u00e4uchern kann. Das tonnenf\u00f6rmige Design f\u00f6rdert den Kamineffekt f\u00fcr eine schnelle Erw\u00e4rmung. Dieser BBQ-Grill ist mit geschlossener Bauweise f\u00fcr den ganzj\u00e4hrigen Einsatz geeignet. Mit seinen R\u00e4dern l\u00e4sst er sich auch leicht in Ihrem Garten bewegen. Sie k\u00f6nnen die Grillzeit genie\u00dfen, wo immer Sie m\u00f6chten. Bereiten Sie k\u00f6stliches R\u00e4ucherfleisch und klassische amerikanische BBQ-Gerichte zu und genie\u00dfen Sie mit diesem Barbecue-Smoker einen warmen und gem\u00fctlichen Abend mit Ihrer Familie und Freunden.<\/p>\n<ul>\n<li>Farbe: Schwarz <\/li>\n<li>Material: Stahl<\/li>\n<li>Gesamtma\u00dfe: 30 x 61 x 95 cm (T x L x H)<\/li>\n<li>Seitenkammer: 30 x 30 x 85 cm (T x L x H)<\/li>\n<li>Geh\u00e4usest\u00e4rke: 0,8 mm<\/li>\n<li>Deckelst\u00e4rke: 0,7 mm<\/li>\n<li>Grillrost: 290 x 295 x 3,8 mm (L x B x T), Stahl verchromt<\/li>\n<li>2 x Rost 280 x 200 x 3,8 mm (L x B x T), Stahl verzinkt<\/li>\n<li>3 x Geh\u00e4use: 305 x 615 x 0,8 mm (D x L x T), Stahl<\/li>\n<li>Beindurchmesser: 32 mm<\/li>\n<li>Grillh\u00f6he Hauptkammer: 79 cm<\/li>\n<li>Grillh\u00f6he Seitenkammer: 69 cm<\/li>\n<li>Gewicht: 13,5 kg<\/li>\n<li>Mit Handgriffen<\/li>\n<li>Mit \u00d6lfass-Design<\/li>\n<li>Leicht zu bewegen mit R\u00e4dern<\/li>\n<li>Einstellbarer Thermostat: bis zu 350 \u00b0C<\/li>\n<li>Zusammenbau erforderlich: Ja<\/li>\n<\/ul>\n","protected":false},"excerpt":{"rendered":"<ul>\n<li>Farbe: Schwarz <\/li>\n<li>Material: Stahl<\/li>\n<li>Gesamtma\u00dfe: 30 x 61 x 95 cm (T x L x H)<\/li>\n<li>Seitenkammer: 30 x 30 x 85 cm (T x L x H)<\/li>\n<li>Geh\u00e4usest\u00e4rke: 0,8 mm<\/li>\n<li>Deckelst\u00e4rke: 0,7 mm<\/li>\n<li>Grillrost: 290 x 295 x 3,8 mm (L x B x T), Stahl verchromt<\/li>\n<li>2 x Rost 280 x 200 x 3,8 mm (L x B x T), Stahl verzinkt<\/li>\n<li>3 x Geh\u00e4use: 305 x 615 x 0,8 mm (D x L x T), Stahl<\/li>\n<li>Beindurchmesser: 32 mm<\/li>\n<li>Grillh\u00f6he Hauptkammer: 79 cm<\/li>\n<li>Grillh\u00f6he Seitenkammer: 69 cm<\/li>\n<li>Gewicht: 13,5 kg<\/li>\n<li>Mit Handgriffen<\/li>\n<li>Mit \u00d6lfass-Design<\/li>\n<li>Leicht zu bewegen mit R\u00e4dern<\/li>\n<li>Einstellbarer Thermostat: bis zu 350 \u00b0C<\/li>\n<li>Zusammenbau erforderlich: Ja<\/li>\n<\/ul>\n","protected":false},"featured_media":10000058279,"comment_status":"closed","ping_status":"closed","template":"","meta":[],"product_brand":[],"product_cat":[7087,7048,7051,7052],"product_tag":[],"class_list":{"0":"post-58279","1":"product","2":"type-product","3":"status-publish","4":"has-post-thumbnail","6":"product_cat-grills","7":"product_cat-heim-garten","8":"product_cat-kueche-esszimmer","9":"product_cat-kuechengeraete","11":"first","12":"outofstock","13":"taxable","14":"shipping-taxable","15":"purchasable","16":"product-type-simple","17":"add-to-wishlist-after_add_to_cart"},"jetpack_sharing_enabled":true,"_links":{"self":[{"href":"https:\/\/de-prime.com\/index.php\/wp-json\/wp\/v2\/product\/58279","targetHints":{"allow":["GET"]}}],"collection":[{"href":"https:\/\/de-prime.com\/index.php\/wp-json\/wp\/v2\/product"}],"about":[{"href":"https:\/\/de-prime.com\/index.php\/wp-json\/wp\/v2\/types\/product"}],"replies":[{"embeddable":true,"href":"https:\/\/de-prime.com\/index.php\/wp-json\/wp\/v2\/comments?post=58279"}],"wp:featuredmedia":[{"embeddable":true,"href":"https:\/\/de-prime.com\/index.php\/wp-json\/"}],"wp:attachment":[{"href":"https:\/\/de-prime.com\/index.php\/wp-json\/wp\/v2\/media?parent=58279"}],"wp:term":[{"taxonomy":"product_brand","embeddable":true,"href":"https:\/\/de-prime.com\/index.php\/wp-json\/wp\/v2\/product_brand?post=58279"},{"taxonomy":"product_cat","embeddable":true,"href":"https:\/\/de-prime.com\/index.php\/wp-json\/wp\/v2\/product_cat?post=58279"},{"taxonomy":"product_tag","embeddable":true,"href":"https:\/\/de-prime.com\/index.php\/wp-json\/wp\/v2\/product_tag?post=58279"}],"curies":[{"name":"wp","href":"https:\/\/api.w.org\/{rel}","templated":true}]}}