{"id":58275,"date":"2024-10-03T21:14:40","date_gmt":"2024-10-03T19:14:40","guid":{"rendered":"https:\/\/de-prime.com\/?p=58275"},"modified":"2024-10-03T21:36:51","modified_gmt":"2024-10-03T19:36:51","slug":"gasgrill-21-flammen-schwarz-und-silbern","status":"publish","type":"product","link":"https:\/\/de-prime.com\/index.php\/product\/gasgrill-21-flammen-schwarz-und-silbern\/","title":{"rendered":"Gasgrill 2+1 Flammen Schwarz und Silbern"},"content":{"rendered":"<p>Unser luxuri\u00f6ser Grill verf\u00fcgt \u00fcber 2 gro\u00dfe Kochzonen und 1 seitliche Kochstelle, was ihn zu einer idealen Wahl f\u00fcr eine Festmahl im Freien mit Familie und Freunden macht. Er verwandelt dich in einen echten Grillmeister und deinen Hinterhof in eine zweite K\u00fcche! Dank des pulverbeschichteten Stahlgeh\u00e4uses mit Teilen aus Edelstahl weist unser Grill ein elegantes und stilvolles Design auf. Er verf\u00fcgt \u00fcber eine gro\u00dfe Grillfl\u00e4che und eine robuste Haube mit eingebautem Thermometer, das die Grilltemperatur genau anzeigt. Die seitliche Ablage bietet zus\u00e4tzlichen Platz f\u00fcr die Zubereitung von Saucen und Lieblingsbeilagen. Aus hochwertigen Materialien gefertigt, ist dieser Grill auf eine lange Lebensdauer ausgelegt. Der ger\u00e4umige Unterschrank, der aus Stahl mit Pulverbeschichtung in Mattschwarz besteht, bietet reichlich Stauraum f\u00fcr deine Grillutensilien. Dieser erstklassige Grill wird sich als unverzichtbar bei deinen Aktivit\u00e4ten im Freien erweisen!<\/p>\n<ul>\n<li>Farbe: Schwarz und Silbern<\/li>\n<li>Material: Teile aus Edelstahl und Geh\u00e4use aus pulverbeschichtetem Stahl<\/li>\n<li>Gesamtabmessungen: 116,5 x 59 x 117 cm (B x T x H)<\/li>\n<li>Gr\u00f6\u00dfe des Grillrostes: 50 x 46,5 cm (L x B)<\/li>\n<li>H\u00f6he der Grillfl\u00e4che vom Boden: 86 cm<\/li>\n<li>Leistung der Hauptkochzonen: 3,5 kW (pro Flamme) (12.000 BTU\/h)<\/li>\n<li>Leistung der seitlichen Kochzone: 3,2 kW (11.000 BTU\/h)<\/li>\n<li>Warmhalterost: 45 x 14,3 cm (L x B)<\/li>\n<li>2 Grillroste mit schwarzer Emaille-Beschichtung<\/li>\n<li>Auffangwanne aus verzinktem Stahl<\/li>\n<li>Flammenb\u00e4ndiger mit Aluminium-Beschichtung<\/li>\n<li>Warmhalterost mit Porzellanemaillierung<\/li>\n<li>2 Hauptkochzonen und 1 seitliche Kochzone mit verchromten Bedienkn\u00f6pfen aus Acrylnitril-Butadien-Styrol (ABS)<\/li>\n<li>Doppelwand-Haube mit einem integrierten Thermometer und Griff in U-Form<\/li>\n<li>Geeignet f\u00fcr Butan-, Propan- und Fl\u00fcssiggas<\/li>\n<li>Mit 4 stabilen Rollen f\u00fcr Mobilit\u00e4t (2 mit Bremse und 2 ohne)<\/li>\n<\/ul>\n","protected":false},"excerpt":{"rendered":"<ul>\n<li>Farbe: Schwarz und Silbern<\/li>\n<li>Material: Teile aus Edelstahl und Geh\u00e4use aus pulverbeschichtetem Stahl<\/li>\n<li>Gesamtabmessungen: 116,5 x 59 x 117 cm (B x T x H)<\/li>\n<li>Gr\u00f6\u00dfe des Grillrostes: 50 x 46,5 cm (L x B)<\/li>\n<li>H\u00f6he der Grillfl\u00e4che vom Boden: 86 cm<\/li>\n<li>Leistung der Hauptkochzonen: 3,5 kW (pro Flamme) (12.000 BTU\/h)<\/li>\n<li>Leistung der seitlichen Kochzone: 3,2 kW (11.000 BTU\/h)<\/li>\n<li>Warmhalterost: 45 x 14,3 cm (L x B)<\/li>\n<li>2 Grillroste mit schwarzer Emaille-Beschichtung<\/li>\n<li>Auffangwanne aus verzinktem Stahl<\/li>\n<li>Flammenb\u00e4ndiger mit Aluminium-Beschichtung<\/li>\n<li>Warmhalterost mit Porzellanemaillierung<\/li>\n<li>2 Hauptkochzonen und 1 seitliche Kochzone mit verchromten Bedienkn\u00f6pfen aus Acrylnitril-Butadien-Styrol (ABS)<\/li>\n<li>Doppelwand-Haube mit einem integrierten Thermometer und Griff in U-Form<\/li>\n<li>Geeignet f\u00fcr Butan-, Propan- und Fl\u00fcssiggas<\/li>\n<li>Mit 4 stabilen Rollen f\u00fcr Mobilit\u00e4t (2 mit Bremse und 2 ohne)<\/li>\n<\/ul>\n","protected":false},"featured_media":10000058275,"comment_status":"closed","ping_status":"closed","template":"","meta":[],"product_brand":[],"product_cat":[7087,7048,7051,7052],"product_tag":[],"class_list":{"0":"post-58275","1":"product","2":"type-product","3":"status-publish","4":"has-post-thumbnail","6":"product_cat-grills","7":"product_cat-heim-garten","8":"product_cat-kueche-esszimmer","9":"product_cat-kuechengeraete","11":"first","12":"instock","13":"taxable","14":"shipping-taxable","15":"purchasable","16":"product-type-simple","17":"add-to-wishlist-after_add_to_cart"},"jetpack_sharing_enabled":true,"_links":{"self":[{"href":"https:\/\/de-prime.com\/index.php\/wp-json\/wp\/v2\/product\/58275","targetHints":{"allow":["GET"]}}],"collection":[{"href":"https:\/\/de-prime.com\/index.php\/wp-json\/wp\/v2\/product"}],"about":[{"href":"https:\/\/de-prime.com\/index.php\/wp-json\/wp\/v2\/types\/product"}],"replies":[{"embeddable":true,"href":"https:\/\/de-prime.com\/index.php\/wp-json\/wp\/v2\/comments?post=58275"}],"wp:featuredmedia":[{"embeddable":true,"href":"https:\/\/de-prime.com\/index.php\/wp-json\/"}],"wp:attachment":[{"href":"https:\/\/de-prime.com\/index.php\/wp-json\/wp\/v2\/media?parent=58275"}],"wp:term":[{"taxonomy":"product_brand","embeddable":true,"href":"https:\/\/de-prime.com\/index.php\/wp-json\/wp\/v2\/product_brand?post=58275"},{"taxonomy":"product_cat","embeddable":true,"href":"https:\/\/de-prime.com\/index.php\/wp-json\/wp\/v2\/product_cat?post=58275"},{"taxonomy":"product_tag","embeddable":true,"href":"https:\/\/de-prime.com\/index.php\/wp-json\/wp\/v2\/product_tag?post=58275"}],"curies":[{"name":"wp","href":"https:\/\/api.w.org\/{rel}","templated":true}]}}