{"id":58273,"date":"2024-10-03T21:14:46","date_gmt":"2024-10-03T19:14:46","guid":{"rendered":"https:\/\/de-prime.com\/?p=58273"},"modified":"2024-10-03T21:36:45","modified_gmt":"2024-10-03T19:36:45","slug":"kamado-grill-bbq-smoker-keramik-81-cm","status":"publish","type":"product","link":"https:\/\/de-prime.com\/index.php\/product\/kamado-grill-bbq-smoker-keramik-81-cm\/","title":{"rendered":"Kamado Grill BBQ Smoker Keramik 81 cm"},"content":{"rendered":"<p>Dieser Kamado Keramikgrill, der mit Kohle oder Holz funktioniert, verf\u00fcgt \u00fcber einen gro\u00dfen Grillrost mit einem Durchmesser von 33 cm. Dieser Kamado Grill ist zum Grillen, Backen, R\u00e4uchern und Kochen, Garen und Warmhalten geeignet.Der Keramik-Grill hat ein sehr robustes Deckelscharnier mit einer Entl\u00fcftungs\u00f6ffnung und einem eingebauten Thermometer. Dank der doppelschichtigen Luftklappe, k\u00f6nnen Sie die Luftzufuhr und die Temperatur leicht kontrollieren. Die zwei zusammenklappbaren Seitenablagen bieten Ihnen genug Platz, damit Sie die Grill-Werkzeuge und das Kochzubeh\u00f6r immer zur Hand haben. Die hochwertige Keramik mit glasierter Oberfl\u00e4che ist nicht nur langlebig und \u00e4sthetisch ansprechend, sondern bietet auch einen einzigartigen Kochprozess, bei dem Ihren Speisen einen Hauch von Aroma verliehen wird und diese dabei unvergleichlich zart und saftig bleiben. Die F\u00fc\u00dfe aus Edelstahl sorgen f\u00fcr extra Stabilit\u00e4t des Grills. Unser Kamado Grill eignet sich ideal zum Kochen von Burgern, Fisch und Rippchen und wird Ihnen und Ihren Freunden sicherlich gro\u00dfen Grillspa\u00df bieten!<\/p>\n<ul>\n<li>Farbe: Schwarz<\/li>\n<li>Material: Keramiksch\u00fcssel mit glasierter Oberfl\u00e4che<\/li>\n<li>Gesamth\u00f6he: 81 cm<\/li>\n<li>Au\u00dfendurchmesser: 38 cm<\/li>\n<li>Durchmesser der Edelstahl-Grillplatte: 33 cm<\/li>\n<li>Mit 2 klappbaren Seitenablagen aus Holz<\/li>\n<li>Integriertes Thermometer mit einem Temperaturbereich zwischen 10 \u00b0C und 400 \u00b0C<\/li>\n<li>Federbelastetes Scharnier<\/li>\n<li>Luftklappe aus Edelstahl<\/li>\n<\/ul>\n","protected":false},"excerpt":{"rendered":"<ul>\n<li>Farbe: Schwarz<\/li>\n<li>Material: Keramiksch\u00fcssel mit glasierter Oberfl\u00e4che<\/li>\n<li>Gesamth\u00f6he: 81 cm<\/li>\n<li>Au\u00dfendurchmesser: 38 cm<\/li>\n<li>Durchmesser der Edelstahl-Grillplatte: 33 cm<\/li>\n<li>Mit 2 klappbaren Seitenablagen aus Holz<\/li>\n<li>Integriertes Thermometer mit einem Temperaturbereich zwischen 10 \u00b0C und 400 \u00b0C<\/li>\n<li>Federbelastetes Scharnier<\/li>\n<li>Luftklappe aus Edelstahl<\/li>\n<\/ul>\n","protected":false},"featured_media":10000058273,"comment_status":"closed","ping_status":"closed","template":"","meta":[],"product_brand":[],"product_cat":[7087,7048,7051,7052],"product_tag":[],"class_list":{"0":"post-58273","1":"product","2":"type-product","3":"status-publish","4":"has-post-thumbnail","6":"product_cat-grills","7":"product_cat-heim-garten","8":"product_cat-kueche-esszimmer","9":"product_cat-kuechengeraete","11":"first","12":"instock","13":"taxable","14":"shipping-taxable","15":"purchasable","16":"product-type-simple","17":"add-to-wishlist-after_add_to_cart"},"jetpack_sharing_enabled":true,"_links":{"self":[{"href":"https:\/\/de-prime.com\/index.php\/wp-json\/wp\/v2\/product\/58273","targetHints":{"allow":["GET"]}}],"collection":[{"href":"https:\/\/de-prime.com\/index.php\/wp-json\/wp\/v2\/product"}],"about":[{"href":"https:\/\/de-prime.com\/index.php\/wp-json\/wp\/v2\/types\/product"}],"replies":[{"embeddable":true,"href":"https:\/\/de-prime.com\/index.php\/wp-json\/wp\/v2\/comments?post=58273"}],"wp:featuredmedia":[{"embeddable":true,"href":"https:\/\/de-prime.com\/index.php\/wp-json\/"}],"wp:attachment":[{"href":"https:\/\/de-prime.com\/index.php\/wp-json\/wp\/v2\/media?parent=58273"}],"wp:term":[{"taxonomy":"product_brand","embeddable":true,"href":"https:\/\/de-prime.com\/index.php\/wp-json\/wp\/v2\/product_brand?post=58273"},{"taxonomy":"product_cat","embeddable":true,"href":"https:\/\/de-prime.com\/index.php\/wp-json\/wp\/v2\/product_cat?post=58273"},{"taxonomy":"product_tag","embeddable":true,"href":"https:\/\/de-prime.com\/index.php\/wp-json\/wp\/v2\/product_tag?post=58273"}],"curies":[{"name":"wp","href":"https:\/\/api.w.org\/{rel}","templated":true}]}}