{"id":58267,"date":"2024-10-03T21:14:58","date_gmt":"2024-10-03T19:14:58","guid":{"rendered":"https:\/\/de-prime.com\/?p=58267"},"modified":"2024-10-03T21:36:35","modified_gmt":"2024-10-03T19:36:35","slug":"bbq-grill-saeulengrill-standgrill-kohlegrill-barbeque-quadratisch","status":"publish","type":"product","link":"https:\/\/de-prime.com\/index.php\/product\/bbq-grill-saeulengrill-standgrill-kohlegrill-barbeque-quadratisch\/","title":{"rendered":"BBQ Grill S\u00e4ulengrill Standgrill Kohlegrill Barbeque Quadratisch"},"content":{"rendered":"<p>Dieser klassische Holzkohlegrill, der aus robustem und haltbarem Stahl hergestellt ist, hat eine hochwertige Konstruktion. Er verf\u00fcgt \u00fcber mehrere Funktionen, wie Grillen, Rauchen, Backen usw., macht es ideal f\u00fcr Picknicks, Partys, Camping und so weiter. Dieser Standgrill hat eine 75 x 28 cm Grillplatte, bietet dabei einen relativ gro\u00dfen Raum f\u00fcr Ihre Nahrungsmittel, wodurch es ideal f\u00fcr mehrere Menschen zur gleichen Zeit wird.<\/p>\n<ul>\n<li>Material: Stahl<\/li>\n<li>Gesamtma\u00dfe: 75 x 47 x 76 cm (L x B x H)<\/li>\n<li>Ma\u00dfe der Grillplatte: 75 x 28 cm<\/li>\n<\/ul>\n","protected":false},"excerpt":{"rendered":"<ul>\n<li>Material: Stahl<\/li>\n<li>Gesamtma\u00dfe: 75 x 47 x 76 cm (L x B x H)<\/li>\n<li>Ma\u00dfe der Grillplatte: 75 x 28 cm<\/li>\n<\/ul>\n","protected":false},"featured_media":10000058267,"comment_status":"closed","ping_status":"closed","template":"","meta":[],"product_brand":[],"product_cat":[7087,7048,7051,7052],"product_tag":[],"class_list":{"0":"post-58267","1":"product","2":"type-product","3":"status-publish","4":"has-post-thumbnail","6":"product_cat-grills","7":"product_cat-heim-garten","8":"product_cat-kueche-esszimmer","9":"product_cat-kuechengeraete","11":"first","12":"instock","13":"taxable","14":"shipping-taxable","15":"purchasable","16":"product-type-simple","17":"add-to-wishlist-after_add_to_cart"},"jetpack_sharing_enabled":true,"_links":{"self":[{"href":"https:\/\/de-prime.com\/index.php\/wp-json\/wp\/v2\/product\/58267","targetHints":{"allow":["GET"]}}],"collection":[{"href":"https:\/\/de-prime.com\/index.php\/wp-json\/wp\/v2\/product"}],"about":[{"href":"https:\/\/de-prime.com\/index.php\/wp-json\/wp\/v2\/types\/product"}],"replies":[{"embeddable":true,"href":"https:\/\/de-prime.com\/index.php\/wp-json\/wp\/v2\/comments?post=58267"}],"wp:featuredmedia":[{"embeddable":true,"href":"https:\/\/de-prime.com\/index.php\/wp-json\/"}],"wp:attachment":[{"href":"https:\/\/de-prime.com\/index.php\/wp-json\/wp\/v2\/media?parent=58267"}],"wp:term":[{"taxonomy":"product_brand","embeddable":true,"href":"https:\/\/de-prime.com\/index.php\/wp-json\/wp\/v2\/product_brand?post=58267"},{"taxonomy":"product_cat","embeddable":true,"href":"https:\/\/de-prime.com\/index.php\/wp-json\/wp\/v2\/product_cat?post=58267"},{"taxonomy":"product_tag","embeddable":true,"href":"https:\/\/de-prime.com\/index.php\/wp-json\/wp\/v2\/product_tag?post=58267"}],"curies":[{"name":"wp","href":"https:\/\/api.w.org\/{rel}","templated":true}]}}