{"id":58257,"date":"2024-10-03T21:15:25","date_gmt":"2024-10-03T19:15:25","guid":{"rendered":"https:\/\/de-prime.com\/?p=58257"},"modified":"2024-10-03T21:36:17","modified_gmt":"2024-10-03T19:36:17","slug":"gasgrill-mit-5-flammen-schwarz-pulverbeschichteter-stahl","status":"publish","type":"product","link":"https:\/\/de-prime.com\/index.php\/product\/gasgrill-mit-5-flammen-schwarz-pulverbeschichteter-stahl\/","title":{"rendered":"Gasgrill mit 5 Flammen Schwarz Pulverbeschichteter Stahl"},"content":{"rendered":"<p>Dieser Gasgrill ist mit 5 Flammen ausgestattet und eignet sich daher perfekt, um Familie und Freunde mit Grillspeisen zu verw\u00f6hnen. Stabiles und langlebiges Gestell: Stahl ist stark, stabil und langlebig, was ihn zur idealen Wahl f\u00fcr eine Vielzahl von Anwendungen macht, von der M\u00f6belherstellung bis hin zum Bauwesen.Gro\u00dfz\u00fcgige Grillfl\u00e4che: Der Outdoor-Grill verf\u00fcgt \u00fcber eine gro\u00dfz\u00fcgige Grillfl\u00e4che und die seitlichen Ablagen bieten zus\u00e4tzlichen Platz f\u00fcr die Zubereitung von Saucen oder Lieblingsbeilagen.Praktisches Design: Dank der flexiblen R\u00e4der l\u00e4sst sich der Gasgrill leicht transportieren und umstellen. So kannst du \u00fcberall Grillspeisen zubereiten.Zus\u00e4tzlicher Stauraum: Das untere Fach bietet reichlich Platz f\u00fcr die Aufbewahrung von K\u00fcchenutensilien oder Grillwerkzeugen.Piezoz\u00fcndung: Dank des Piezo-Z\u00fcndsystems l\u00e4sst sich der Grill auf Knopfdruck schnell und zuverl\u00e4ssig anz\u00fcnden.Eingebautes Thermometer: Ein genaues Thermometer ist in der Haube des Grills eingebaut und sorgt daf\u00fcr, dass das Grillgut stets perfekt zubereitet wird. Gut zu wissen:Zum Anschluss des Grills an eine Gasflasche sind ein Gasschlauch und ein Druckregler erforderlich, die nicht im Lieferumfang enthalten sind. Achtung:Der Grill wird w\u00e4hrend des Gebrauchs sehr hei\u00df. Bewegen Sie es NICHT w\u00e4hrend des Gebrauchs!Niemals Gasflaschen in das Ablagefach oder unter den Grill stellen.<\/p>\n<ul>\n<li>Farbe: Schwarz<\/li>\n<li>Material: Pulverbeschichteter Stahl, verchromter Stahl, Edelstahl<\/li>\n<li>Gesamtabmessungen: 136,5 x 55,5 x 109 cm (L x B x H)<\/li>\n<li>Leistung: 16 kW<\/li>\n<li>Gr\u00f6\u00dfe der Grillfl\u00e4che: 63 x 40 cm (L x B)<\/li>\n<li>Gr\u00f6\u00dfe der seitlichen Ablagen: 48 x 35,5 cm (L x B)<\/li>\n<li>Grillh\u00f6he: 83 cm<\/li>\n<li>Mit 5 Flammen<\/li>\n<li>Piezoz\u00fcndung<\/li>\n<li>Zusammenbau erforderlich: Ja<\/li>\n<\/ul>\n","protected":false},"excerpt":{"rendered":"<ul>\n<li>Farbe: Schwarz<\/li>\n<li>Material: Pulverbeschichteter Stahl, verchromter Stahl, Edelstahl<\/li>\n<li>Gesamtabmessungen: 136,5 x 55,5 x 109 cm (L x B x H)<\/li>\n<li>Leistung: 16 kW<\/li>\n<li>Gr\u00f6\u00dfe der Grillfl\u00e4che: 63 x 40 cm (L x B)<\/li>\n<li>Gr\u00f6\u00dfe der seitlichen Ablagen: 48 x 35,5 cm (L x B)<\/li>\n<li>Grillh\u00f6he: 83 cm<\/li>\n<li>Mit 5 Flammen<\/li>\n<li>Piezoz\u00fcndung<\/li>\n<li>Zusammenbau erforderlich: Ja<\/li>\n<\/ul>\n","protected":false},"featured_media":10000058257,"comment_status":"closed","ping_status":"closed","template":"","meta":[],"product_brand":[],"product_cat":[7087,7048,7051,7052],"product_tag":[],"class_list":{"0":"post-58257","1":"product","2":"type-product","3":"status-publish","4":"has-post-thumbnail","6":"product_cat-grills","7":"product_cat-heim-garten","8":"product_cat-kueche-esszimmer","9":"product_cat-kuechengeraete","11":"first","12":"instock","13":"taxable","14":"shipping-taxable","15":"purchasable","16":"product-type-simple","17":"add-to-wishlist-after_add_to_cart"},"jetpack_sharing_enabled":true,"_links":{"self":[{"href":"https:\/\/de-prime.com\/index.php\/wp-json\/wp\/v2\/product\/58257","targetHints":{"allow":["GET"]}}],"collection":[{"href":"https:\/\/de-prime.com\/index.php\/wp-json\/wp\/v2\/product"}],"about":[{"href":"https:\/\/de-prime.com\/index.php\/wp-json\/wp\/v2\/types\/product"}],"replies":[{"embeddable":true,"href":"https:\/\/de-prime.com\/index.php\/wp-json\/wp\/v2\/comments?post=58257"}],"wp:featuredmedia":[{"embeddable":true,"href":"https:\/\/de-prime.com\/index.php\/wp-json\/"}],"wp:attachment":[{"href":"https:\/\/de-prime.com\/index.php\/wp-json\/wp\/v2\/media?parent=58257"}],"wp:term":[{"taxonomy":"product_brand","embeddable":true,"href":"https:\/\/de-prime.com\/index.php\/wp-json\/wp\/v2\/product_brand?post=58257"},{"taxonomy":"product_cat","embeddable":true,"href":"https:\/\/de-prime.com\/index.php\/wp-json\/wp\/v2\/product_cat?post=58257"},{"taxonomy":"product_tag","embeddable":true,"href":"https:\/\/de-prime.com\/index.php\/wp-json\/wp\/v2\/product_tag?post=58257"}],"curies":[{"name":"wp","href":"https:\/\/api.w.org\/{rel}","templated":true}]}}