{"id":58252,"date":"2024-10-04T11:16:58","date_gmt":"2024-10-04T09:16:58","guid":{"rendered":"https:\/\/de-prime.com\/?p=58252"},"modified":"2024-10-04T11:16:58","modified_gmt":"2024-10-04T09:16:58","slug":"saucen-spender-edelstahl-3-x-35-l","status":"publish","type":"product","link":"https:\/\/de-prime.com\/index.php\/product\/saucen-spender-edelstahl-3-x-35-l\/","title":{"rendered":"Saucen-Spender Edelstahl 3 x 3,5 L"},"content":{"rendered":"<p>Dieser So\u00dfenspender bietet eine fortschrittliche L\u00f6sung zum Servieren von Saucen bei Buffets, Grillabenden und anderen Veranstaltungen. Der einfach zu verwendende Pumpspender reduziert die Menge an Abfall und sorgt f\u00fcr ein sauberes, ordentliches Servieren von Saucen. Dieser So\u00dfenspender mit Pumpe besteht aus hochwertigem Edelstahl. Alle Teile, die mit Lebensmitteln in Kontakt kommen, bestehen aus 304 Edelstahl und rosten daher nicht schnell und sind ebenfalls leicht zu reinigen. Dar\u00fcber hinaus l\u00e4sst sich in diesem Spender mit einem gro\u00dfen Fassungsverm\u00f6gen von 3 x 3,5 Litern eine ausreichende Menge verschiedener Saucen wie Mayonnaise, Ketchup, Sojasauce usw. aufbewahren. Dieser So\u00dfenspender ist einfach zu montieren.<\/p>\n<ul>\n<li>Material: Edelstahl<\/li>\n<li>Gesamtgr\u00f6\u00dfe Au\u00dfenbeh\u00e4lter: 53 x 18 x 25 cm (B x T x H)<\/li>\n<li>Beh\u00e4ltergr\u00f6\u00dfe: 16 x 17,3 cm (Durchmesser x H)<\/li>\n<li>Gesamth\u00f6he: 37 cm<\/li>\n<li>Fassungsverm\u00f6gen: 3 x 3,5 L<\/li>\n<li>Zusammenbau erforderlich: Ja<\/li>\n<\/ul>\n","protected":false},"excerpt":{"rendered":"<ul>\n<li>Material: Edelstahl<\/li>\n<li>Gesamtgr\u00f6\u00dfe Au\u00dfenbeh\u00e4lter: 53 x 18 x 25 cm (B x T x H)<\/li>\n<li>Beh\u00e4ltergr\u00f6\u00dfe: 16 x 17,3 cm (Durchmesser x H)<\/li>\n<li>Gesamth\u00f6he: 37 cm<\/li>\n<li>Fassungsverm\u00f6gen: 3 x 3,5 L<\/li>\n<li>Zusammenbau erforderlich: Ja<\/li>\n<\/ul>\n","protected":false},"featured_media":10000058252,"comment_status":"closed","ping_status":"closed","template":"","meta":[],"product_brand":[],"product_cat":[7086,7048,7051,7062],"product_tag":[],"class_list":{"0":"post-58252","1":"product","2":"type-product","3":"status-publish","4":"has-post-thumbnail","6":"product_cat-gewuerzspender","7":"product_cat-heim-garten","8":"product_cat-kueche-esszimmer","9":"product_cat-kuechenhelfer-utensilien","11":"first","12":"instock","13":"taxable","14":"shipping-taxable","15":"purchasable","16":"product-type-simple","17":"add-to-wishlist-after_add_to_cart"},"jetpack_sharing_enabled":true,"_links":{"self":[{"href":"https:\/\/de-prime.com\/index.php\/wp-json\/wp\/v2\/product\/58252","targetHints":{"allow":["GET"]}}],"collection":[{"href":"https:\/\/de-prime.com\/index.php\/wp-json\/wp\/v2\/product"}],"about":[{"href":"https:\/\/de-prime.com\/index.php\/wp-json\/wp\/v2\/types\/product"}],"replies":[{"embeddable":true,"href":"https:\/\/de-prime.com\/index.php\/wp-json\/wp\/v2\/comments?post=58252"}],"wp:featuredmedia":[{"embeddable":true,"href":"https:\/\/de-prime.com\/index.php\/wp-json\/"}],"wp:attachment":[{"href":"https:\/\/de-prime.com\/index.php\/wp-json\/wp\/v2\/media?parent=58252"}],"wp:term":[{"taxonomy":"product_brand","embeddable":true,"href":"https:\/\/de-prime.com\/index.php\/wp-json\/wp\/v2\/product_brand?post=58252"},{"taxonomy":"product_cat","embeddable":true,"href":"https:\/\/de-prime.com\/index.php\/wp-json\/wp\/v2\/product_cat?post=58252"},{"taxonomy":"product_tag","embeddable":true,"href":"https:\/\/de-prime.com\/index.php\/wp-json\/wp\/v2\/product_tag?post=58252"}],"curies":[{"name":"wp","href":"https:\/\/api.w.org\/{rel}","templated":true}]}}