{"id":58248,"date":"2024-10-04T11:10:31","date_gmt":"2024-10-04T09:10:31","guid":{"rendered":"https:\/\/de-prime.com\/?p=58248"},"modified":"2024-10-04T11:10:31","modified_gmt":"2024-10-04T09:10:31","slug":"metaltex-gewuerzregal-3-etagen-updown-auf-schienen","status":"publish","type":"product","link":"https:\/\/de-prime.com\/index.php\/product\/metaltex-gewuerzregal-3-etagen-updown-auf-schienen\/","title":{"rendered":"Metaltex Gew\u00fcrzregal 3 Etagen Up&#038;Down auf Schienen"},"content":{"rendered":"<p>Dieses innovative Up&amp;Down Gew\u00fcrzregal mit 3 Ablagen von Metaltex bietet Platz zum Aufbewahren und Organisieren von Gl\u00e4sern, Dosen, Gew\u00fcrzen und Flaschen und erh\u00f6ht gleichzeitig die Sichtbarkeit in deinem K\u00fcchenschrank. Das intelligente und platzsparende Gew\u00fcrzregal weist ein kompaktes Design auf und l\u00e4sst sich auf seinen Schienen auf und ab schieben. Es findet den idealen Platz in deinem K\u00fcchenschrank. Das Gew\u00fcrzregal l\u00e4sst sich an der Unterseite mit Schrauben fixieren (im Lieferumfang enthalten). Der Gew\u00fcrzeinsatz besitzt einen Eisendrahtrahmen mit silberner Beschichtung. Der Rahmen ist mit Polytherm-Beschichtung versehen, die antistatisch, rost- und kratzfest ist und sich zudem leicht reinigen l\u00e4sst. Hinweis: Gew\u00fcrze und Gew\u00fcrzdosen sind nicht im Lieferumfang enthalten.<\/p>\n<ul>\n<li>Farbe: Silber<\/li>\n<li>Material: Beschichtetes Metall<\/li>\n<li>Starke Polytherm-Beschichtung<\/li>\n<li>Abmessungen: 33 x 28 x 21 cm (L x B x H)<\/li>\n<li>Gew\u00fcrzregal mit 3 Ablagen und Auszieh-System mit Schienen<\/li>\n<li>Rostfrei<\/li>\n<li>Leicht zu reinigen<\/li>\n<li>Lieferung umfasst Schrauben<\/li>\n<\/ul>\n","protected":false},"excerpt":{"rendered":"<ul>\n<li>Farbe: Silber<\/li>\n<li>Material: Beschichtetes Metall<\/li>\n<li>Starke Polytherm-Beschichtung<\/li>\n<li>Abmessungen: 33 x 28 x 21 cm (L x B x H)<\/li>\n<li>Gew\u00fcrzregal mit 3 Ablagen und Auszieh-System mit Schienen<\/li>\n<li>Rostfrei<\/li>\n<li>Leicht zu reinigen<\/li>\n<li>Lieferung umfasst Schrauben<\/li>\n<\/ul>\n","protected":false},"featured_media":10000058248,"comment_status":"closed","ping_status":"closed","template":"","meta":[],"product_brand":[],"product_cat":[7085,7048,7051,7062,7063],"product_tag":[],"class_list":{"0":"post-58248","1":"product","2":"type-product","3":"status-publish","4":"has-post-thumbnail","6":"product_cat-gewuerzregale-staender","7":"product_cat-heim-garten","8":"product_cat-kueche-esszimmer","9":"product_cat-kuechenhelfer-utensilien","10":"product_cat-kuechenorganizer","12":"first","13":"outofstock","14":"taxable","15":"shipping-taxable","16":"purchasable","17":"product-type-simple","18":"add-to-wishlist-after_add_to_cart"},"jetpack_sharing_enabled":true,"_links":{"self":[{"href":"https:\/\/de-prime.com\/index.php\/wp-json\/wp\/v2\/product\/58248","targetHints":{"allow":["GET"]}}],"collection":[{"href":"https:\/\/de-prime.com\/index.php\/wp-json\/wp\/v2\/product"}],"about":[{"href":"https:\/\/de-prime.com\/index.php\/wp-json\/wp\/v2\/types\/product"}],"replies":[{"embeddable":true,"href":"https:\/\/de-prime.com\/index.php\/wp-json\/wp\/v2\/comments?post=58248"}],"wp:featuredmedia":[{"embeddable":true,"href":"https:\/\/de-prime.com\/index.php\/wp-json\/"}],"wp:attachment":[{"href":"https:\/\/de-prime.com\/index.php\/wp-json\/wp\/v2\/media?parent=58248"}],"wp:term":[{"taxonomy":"product_brand","embeddable":true,"href":"https:\/\/de-prime.com\/index.php\/wp-json\/wp\/v2\/product_brand?post=58248"},{"taxonomy":"product_cat","embeddable":true,"href":"https:\/\/de-prime.com\/index.php\/wp-json\/wp\/v2\/product_cat?post=58248"},{"taxonomy":"product_tag","embeddable":true,"href":"https:\/\/de-prime.com\/index.php\/wp-json\/wp\/v2\/product_tag?post=58248"}],"curies":[{"name":"wp","href":"https:\/\/api.w.org\/{rel}","templated":true}]}}