{"id":58247,"date":"2024-10-04T11:10:35","date_gmt":"2024-10-04T09:10:35","guid":{"rendered":"https:\/\/de-prime.com\/?p=58247"},"modified":"2024-10-04T11:10:36","modified_gmt":"2024-10-04T09:10:36","slug":"metaltex-gewuerzregal-mit-4-ablagen-x-pand-2-stk-silbern","status":"publish","type":"product","link":"https:\/\/de-prime.com\/index.php\/product\/metaltex-gewuerzregal-mit-4-ablagen-x-pand-2-stk-silbern\/","title":{"rendered":"Metaltex Gew\u00fcrzregal mit 4 Ablagen X-Pand 2 Stk. Silbern"},"content":{"rendered":"<p>Dieses innovative, erweiterbare X-Pand Gew\u00fcrzregal von Metaltex bietet Platz zum Aufbewahren und Organisieren von vielen verschiedenen Arten von Gew\u00fcrzdosen, Gl\u00e4sern, Boxen und anderen kleinen Beh\u00e4ltern und erh\u00f6ht gleichzeitig die Sichtbarkeit in deiner K\u00fcchenschublade. Das Set aus zwei intelligenten, platzsparenden und verstellbaren Gew\u00fcrzregalen weist ein kompaktes Design auf. Die Gew\u00fcrzregale lassen sich ineinander schieben und passen dadurch in die meisten Schubladen. Dieser Gew\u00fcrzeinsatz verf\u00fcgt \u00fcber einen silbernen Metallrahmen. Der Rahmen ist mit Polytherm-Beschichtung versehen, die antistatisch, rost- und kratzfest ist und sich zudem leicht reinigen l\u00e4sst. Hinweis: Gew\u00fcrze und Gew\u00fcrzdosen sind nicht im Lieferumfang enthalten.<\/p>\n<ul>\n<li>Farbe: Silber<\/li>\n<li>Material: Beschichtetes Metall<\/li>\n<li>Starke Polytherm-Beschichtung<\/li>\n<li>Abmessungen: 26\/51 x 47 x 3 cm (L x B x H)<\/li>\n<li>2-teiliges Set aus Gew\u00fcrzeins\u00e4tzen mit 4 Ablagen<\/li>\n<li>Die verstellbaren Regale lassen sich ineinander schieben (um in die meisten Schubladen zu passen)<\/li>\n<li>Rostfrei<\/li>\n<li>Leicht zu reinigen<\/li>\n<\/ul>\n","protected":false},"excerpt":{"rendered":"<ul>\n<li>Farbe: Silber<\/li>\n<li>Material: Beschichtetes Metall<\/li>\n<li>Starke Polytherm-Beschichtung<\/li>\n<li>Abmessungen: 26\/51 x 47 x 3 cm (L x B x H)<\/li>\n<li>2-teiliges Set aus Gew\u00fcrzeins\u00e4tzen mit 4 Ablagen<\/li>\n<li>Die verstellbaren Regale lassen sich ineinander schieben (um in die meisten Schubladen zu passen)<\/li>\n<li>Rostfrei<\/li>\n<li>Leicht zu reinigen<\/li>\n<\/ul>\n","protected":false},"featured_media":10000058247,"comment_status":"closed","ping_status":"closed","template":"","meta":[],"product_brand":[],"product_cat":[7085,7048,7051,7062,7063],"product_tag":[],"class_list":{"0":"post-58247","1":"product","2":"type-product","3":"status-publish","4":"has-post-thumbnail","6":"product_cat-gewuerzregale-staender","7":"product_cat-heim-garten","8":"product_cat-kueche-esszimmer","9":"product_cat-kuechenhelfer-utensilien","10":"product_cat-kuechenorganizer","12":"first","13":"outofstock","14":"taxable","15":"shipping-taxable","16":"purchasable","17":"product-type-simple","18":"add-to-wishlist-after_add_to_cart"},"jetpack_sharing_enabled":true,"_links":{"self":[{"href":"https:\/\/de-prime.com\/index.php\/wp-json\/wp\/v2\/product\/58247","targetHints":{"allow":["GET"]}}],"collection":[{"href":"https:\/\/de-prime.com\/index.php\/wp-json\/wp\/v2\/product"}],"about":[{"href":"https:\/\/de-prime.com\/index.php\/wp-json\/wp\/v2\/types\/product"}],"replies":[{"embeddable":true,"href":"https:\/\/de-prime.com\/index.php\/wp-json\/wp\/v2\/comments?post=58247"}],"wp:featuredmedia":[{"embeddable":true,"href":"https:\/\/de-prime.com\/index.php\/wp-json\/"}],"wp:attachment":[{"href":"https:\/\/de-prime.com\/index.php\/wp-json\/wp\/v2\/media?parent=58247"}],"wp:term":[{"taxonomy":"product_brand","embeddable":true,"href":"https:\/\/de-prime.com\/index.php\/wp-json\/wp\/v2\/product_brand?post=58247"},{"taxonomy":"product_cat","embeddable":true,"href":"https:\/\/de-prime.com\/index.php\/wp-json\/wp\/v2\/product_cat?post=58247"},{"taxonomy":"product_tag","embeddable":true,"href":"https:\/\/de-prime.com\/index.php\/wp-json\/wp\/v2\/product_tag?post=58247"}],"curies":[{"name":"wp","href":"https:\/\/api.w.org\/{rel}","templated":true}]}}