{"id":58246,"date":"2024-10-04T11:10:36","date_gmt":"2024-10-04T09:10:36","guid":{"rendered":"https:\/\/de-prime.com\/?p=58246"},"modified":"2024-10-04T11:10:36","modified_gmt":"2024-10-04T09:10:36","slug":"metaltex-gewuerzregale-3-etagen-2-stk-x-tend-ausziehbar","status":"publish","type":"product","link":"https:\/\/de-prime.com\/index.php\/product\/metaltex-gewuerzregale-3-etagen-2-stk-x-tend-ausziehbar\/","title":{"rendered":"Metaltex Gew\u00fcrzregale 3 Etagen 2 Stk. X-Tend Ausziehbar"},"content":{"rendered":"<p>Dieses innovative X-Tend Gew\u00fcrzregal mit 3 Etagen von Metaltex bietet Platz zum Aufbewahren und Organisieren von Gl\u00e4sern, Dosen, Gew\u00fcrzen und Flaschen und hilft dir, das Gesuchte schneller zu finden. Das Set aus zwei intelligenten und platzsparenden Gew\u00fcrzregalen weist ein kompaktes Design auf. Die Gew\u00fcrzregale lassen sich ineinander schieben, um den Stauraum zu optimieren. Dieses Gew\u00fcrzregal verf\u00fcgt \u00fcber einen silbernen Metallrahmen. Der Rahmen ist mit Polytherm-Beschichtung versehen, die antistatisch, rost- und kratzfest ist und sich zudem leicht reinigen l\u00e4sst. Hinweis: Gew\u00fcrze und Gew\u00fcrzdosen sind nicht im Lieferumfang enthalten.<\/p>\n<ul>\n<li>Farbe: Silber<\/li>\n<li>Material: Beschichtetes Metall<\/li>\n<li>Starke Polytherm-Beschichtung<\/li>\n<li>Abmessungen: 28\/55 x 23 x 13 cm (L x B x H)<\/li>\n<li>Set aus 2 K\u00fcchenregalen mit je 3 Etagen<\/li>\n<li>Die verstellbaren Regale lassen sich ineinander schieben (um den Stauraum zu optimieren)<\/li>\n<li>Rostfrei<\/li>\n<li>Leicht zu reinigen<\/li>\n<\/ul>\n","protected":false},"excerpt":{"rendered":"<ul>\n<li>Farbe: Silber<\/li>\n<li>Material: Beschichtetes Metall<\/li>\n<li>Starke Polytherm-Beschichtung<\/li>\n<li>Abmessungen: 28\/55 x 23 x 13 cm (L x B x H)<\/li>\n<li>Set aus 2 K\u00fcchenregalen mit je 3 Etagen<\/li>\n<li>Die verstellbaren Regale lassen sich ineinander schieben (um den Stauraum zu optimieren)<\/li>\n<li>Rostfrei<\/li>\n<li>Leicht zu reinigen<\/li>\n<\/ul>\n","protected":false},"featured_media":10000058246,"comment_status":"closed","ping_status":"closed","template":"","meta":[],"product_brand":[],"product_cat":[7085,7048,7051,7062,7063],"product_tag":[],"class_list":{"0":"post-58246","1":"product","2":"type-product","3":"status-publish","4":"has-post-thumbnail","6":"product_cat-gewuerzregale-staender","7":"product_cat-heim-garten","8":"product_cat-kueche-esszimmer","9":"product_cat-kuechenhelfer-utensilien","10":"product_cat-kuechenorganizer","12":"first","13":"outofstock","14":"taxable","15":"shipping-taxable","16":"purchasable","17":"product-type-simple","18":"add-to-wishlist-after_add_to_cart"},"jetpack_sharing_enabled":true,"_links":{"self":[{"href":"https:\/\/de-prime.com\/index.php\/wp-json\/wp\/v2\/product\/58246","targetHints":{"allow":["GET"]}}],"collection":[{"href":"https:\/\/de-prime.com\/index.php\/wp-json\/wp\/v2\/product"}],"about":[{"href":"https:\/\/de-prime.com\/index.php\/wp-json\/wp\/v2\/types\/product"}],"replies":[{"embeddable":true,"href":"https:\/\/de-prime.com\/index.php\/wp-json\/wp\/v2\/comments?post=58246"}],"wp:featuredmedia":[{"embeddable":true,"href":"https:\/\/de-prime.com\/index.php\/wp-json\/"}],"wp:attachment":[{"href":"https:\/\/de-prime.com\/index.php\/wp-json\/wp\/v2\/media?parent=58246"}],"wp:term":[{"taxonomy":"product_brand","embeddable":true,"href":"https:\/\/de-prime.com\/index.php\/wp-json\/wp\/v2\/product_brand?post=58246"},{"taxonomy":"product_cat","embeddable":true,"href":"https:\/\/de-prime.com\/index.php\/wp-json\/wp\/v2\/product_cat?post=58246"},{"taxonomy":"product_tag","embeddable":true,"href":"https:\/\/de-prime.com\/index.php\/wp-json\/wp\/v2\/product_tag?post=58246"}],"curies":[{"name":"wp","href":"https:\/\/api.w.org\/{rel}","templated":true}]}}