{"id":58242,"date":"2024-10-04T11:13:07","date_gmt":"2024-10-04T09:13:07","guid":{"rendered":"https:\/\/de-prime.com\/?p=58242"},"modified":"2024-10-04T11:13:07","modified_gmt":"2024-10-04T09:13:07","slug":"metaltex-wand-gewuerzregal-mit-4-etagen-pepito-silbern","status":"publish","type":"product","link":"https:\/\/de-prime.com\/index.php\/product\/metaltex-wand-gewuerzregal-mit-4-etagen-pepito-silbern\/","title":{"rendered":"Metaltex Wand-Gew\u00fcrzregal mit 4 Etagen Pepito Silbern"},"content":{"rendered":"<p>Mit diesem praktischen Pepito Wand-Gew\u00fcrzregal mit 4 Ablagen von Metaltex kannst du deine Gew\u00fcrze, Vorratsdosen, So\u00dfenflaschen usw. \u00fcbersichtlich organisieren und dabei viel Platz auf der K\u00fcchentheke sparen. Das intelligente und platzsparende Gew\u00fcrzregal weist ein kompaktes Design auf. Dieses Gew\u00fcrzregal l\u00e4sst sich mit Schrauben (nicht im Lieferumfang enthalten) an der K\u00fcchenwand befestigen. Der Rahmen ist mit Polytherm-Beschichtung versehen, die antistatisch, rost- und kratzfest ist und sich zudem leicht reinigen l\u00e4sst. Hinweis: Gew\u00fcrze und Gew\u00fcrzdosen sind nicht im Lieferumfang enthalten.<\/p>\n<ul>\n<li>Farbe: Silber<\/li>\n<li>Material: Beschichtetes Metall<\/li>\n<li>Starke Polytherm-Beschichtung<\/li>\n<li>Abmessungen: 36 x 8 x 45 cm (L x B x H)<\/li>\n<li>Wand-Gew\u00fcrzregal mit 4 Etagen<\/li>\n<li>Rostfrei<\/li>\n<li>Leicht zu reinigen<\/li>\n<\/ul>\n","protected":false},"excerpt":{"rendered":"<ul>\n<li>Farbe: Silber<\/li>\n<li>Material: Beschichtetes Metall<\/li>\n<li>Starke Polytherm-Beschichtung<\/li>\n<li>Abmessungen: 36 x 8 x 45 cm (L x B x H)<\/li>\n<li>Wand-Gew\u00fcrzregal mit 4 Etagen<\/li>\n<li>Rostfrei<\/li>\n<li>Leicht zu reinigen<\/li>\n<\/ul>\n","protected":false},"featured_media":10000058242,"comment_status":"closed","ping_status":"closed","template":"","meta":[],"product_brand":[],"product_cat":[7085,7048,7051,7062,7063],"product_tag":[],"class_list":{"0":"post-58242","1":"product","2":"type-product","3":"status-publish","4":"has-post-thumbnail","6":"product_cat-gewuerzregale-staender","7":"product_cat-heim-garten","8":"product_cat-kueche-esszimmer","9":"product_cat-kuechenhelfer-utensilien","10":"product_cat-kuechenorganizer","12":"first","13":"outofstock","14":"taxable","15":"shipping-taxable","16":"purchasable","17":"product-type-simple","18":"add-to-wishlist-after_add_to_cart"},"jetpack_sharing_enabled":true,"_links":{"self":[{"href":"https:\/\/de-prime.com\/index.php\/wp-json\/wp\/v2\/product\/58242","targetHints":{"allow":["GET"]}}],"collection":[{"href":"https:\/\/de-prime.com\/index.php\/wp-json\/wp\/v2\/product"}],"about":[{"href":"https:\/\/de-prime.com\/index.php\/wp-json\/wp\/v2\/types\/product"}],"replies":[{"embeddable":true,"href":"https:\/\/de-prime.com\/index.php\/wp-json\/wp\/v2\/comments?post=58242"}],"wp:featuredmedia":[{"embeddable":true,"href":"https:\/\/de-prime.com\/index.php\/wp-json\/"}],"wp:attachment":[{"href":"https:\/\/de-prime.com\/index.php\/wp-json\/wp\/v2\/media?parent=58242"}],"wp:term":[{"taxonomy":"product_brand","embeddable":true,"href":"https:\/\/de-prime.com\/index.php\/wp-json\/wp\/v2\/product_brand?post=58242"},{"taxonomy":"product_cat","embeddable":true,"href":"https:\/\/de-prime.com\/index.php\/wp-json\/wp\/v2\/product_cat?post=58242"},{"taxonomy":"product_tag","embeddable":true,"href":"https:\/\/de-prime.com\/index.php\/wp-json\/wp\/v2\/product_tag?post=58242"}],"curies":[{"name":"wp","href":"https:\/\/api.w.org\/{rel}","templated":true}]}}