{"id":58237,"date":"2024-10-04T11:13:52","date_gmt":"2024-10-04T09:13:52","guid":{"rendered":"https:\/\/de-prime.com\/?p=58237"},"modified":"2024-10-04T11:13:52","modified_gmt":"2024-10-04T09:13:52","slug":"kuechenregal-transparent-495x35x19-cm-hartglas","status":"publish","type":"product","link":"https:\/\/de-prime.com\/index.php\/product\/kuechenregal-transparent-495x35x19-cm-hartglas\/","title":{"rendered":"K\u00fcchenregal Transparent 49,5x35x19 cm Hartglas"},"content":{"rendered":"<p>Mit diesem K\u00fcchenregal auf 2 Ebenen kann jeder kleine Raum gut genutzt werden. Diese Einheit besteht aus dickem Hartglas und Edelstahl und ist \u00e4u\u00dferst robust und sicher. Es kann als Gew\u00fcrzregal dienen oder als Ablage f\u00fcr kleine Utensilien. Sie k\u00f6nnen es auch im Wohnzimmer oder im B\u00fcro verwenden, um Ihre Sammlerst\u00fccke, Fotorahmen, Topfpflanzen auszustellen, oder im Badezimmer, um das Wesentliche zu organisieren. Dar\u00fcber hinaus ist die glatte Oberfl\u00e4che mit nur einem feuchten Tuch leicht zu reinigen.<\/p>\n<ul>\n<li>Farbe: Transparent<\/li>\n<li>Material: Sicherheitsglas, Edelstahl<\/li>\n<li>Abmessungen (L): 49,5 x 35 x 19 cm (L x B x H)<\/li>\n<li>Abmessungen (S): 35,5 x 25 x 26 cm (L x B x H)<\/li>\n<li>Glasst\u00e4rke: 5 mm<\/li>\n<li>Mit 2 Ablagen<\/li>\n<li>Zusammenbau erforderlich: Ja<\/li>\n<\/ul>\n","protected":false},"excerpt":{"rendered":"<ul>\n<li>Farbe: Transparent<\/li>\n<li>Material: Sicherheitsglas, Edelstahl<\/li>\n<li>Abmessungen (L): 49,5 x 35 x 19 cm (L x B x H)<\/li>\n<li>Abmessungen (S): 35,5 x 25 x 26 cm (L x B x H)<\/li>\n<li>Glasst\u00e4rke: 5 mm<\/li>\n<li>Mit 2 Ablagen<\/li>\n<li>Zusammenbau erforderlich: Ja<\/li>\n<\/ul>\n","protected":false},"featured_media":10000058237,"comment_status":"closed","ping_status":"closed","template":"","meta":[],"product_brand":[],"product_cat":[7085,7048,7051,7062,7063],"product_tag":[],"class_list":{"0":"post-58237","1":"product","2":"type-product","3":"status-publish","4":"has-post-thumbnail","6":"product_cat-gewuerzregale-staender","7":"product_cat-heim-garten","8":"product_cat-kueche-esszimmer","9":"product_cat-kuechenhelfer-utensilien","10":"product_cat-kuechenorganizer","12":"first","13":"instock","14":"taxable","15":"shipping-taxable","16":"purchasable","17":"product-type-simple","18":"add-to-wishlist-after_add_to_cart"},"jetpack_sharing_enabled":true,"_links":{"self":[{"href":"https:\/\/de-prime.com\/index.php\/wp-json\/wp\/v2\/product\/58237","targetHints":{"allow":["GET"]}}],"collection":[{"href":"https:\/\/de-prime.com\/index.php\/wp-json\/wp\/v2\/product"}],"about":[{"href":"https:\/\/de-prime.com\/index.php\/wp-json\/wp\/v2\/types\/product"}],"replies":[{"embeddable":true,"href":"https:\/\/de-prime.com\/index.php\/wp-json\/wp\/v2\/comments?post=58237"}],"wp:featuredmedia":[{"embeddable":true,"href":"https:\/\/de-prime.com\/index.php\/wp-json\/"}],"wp:attachment":[{"href":"https:\/\/de-prime.com\/index.php\/wp-json\/wp\/v2\/media?parent=58237"}],"wp:term":[{"taxonomy":"product_brand","embeddable":true,"href":"https:\/\/de-prime.com\/index.php\/wp-json\/wp\/v2\/product_brand?post=58237"},{"taxonomy":"product_cat","embeddable":true,"href":"https:\/\/de-prime.com\/index.php\/wp-json\/wp\/v2\/product_cat?post=58237"},{"taxonomy":"product_tag","embeddable":true,"href":"https:\/\/de-prime.com\/index.php\/wp-json\/wp\/v2\/product_tag?post=58237"}],"curies":[{"name":"wp","href":"https:\/\/api.w.org\/{rel}","templated":true}]}}