{"id":58233,"date":"2024-10-04T11:18:56","date_gmt":"2024-10-04T09:18:56","guid":{"rendered":"https:\/\/de-prime.com\/?p=58233"},"modified":"2024-10-04T11:18:56","modified_gmt":"2024-10-04T09:18:56","slug":"getraenkespender-2-stk-8050-ml-glas","status":"publish","type":"product","link":"https:\/\/de-prime.com\/index.php\/product\/getraenkespender-2-stk-8050-ml-glas\/","title":{"rendered":"Getr\u00e4nkespender 2 Stk. 8050 ml Glas"},"content":{"rendered":"<p>Sie m\u00f6chten Ihre selbstgemachten Cocktails oder Limonaden auf lustige und authentische Art und Weise pr\u00e4sentieren? Dann sind diese Getr\u00e4nkespender perfekt f\u00fcr Sie! Der Getr\u00e4nkespender fasst 8,05 Liter Fl\u00fcssigkeit. So flie\u00dfen die Getr\u00e4nke noch lange, bevor der Limonadenspender nachgef\u00fcllt werden muss. Er verf\u00fcgt \u00fcber einen luftdichten Deckel, der das Getr\u00e4nk im Inneren frisch h\u00e4lt. Dieser Spender ist aus Glas gefertigt. Die Getr\u00e4nke k\u00f6nnen einfach aus dem ebenfalls luftdichten Zapfhahn gezapft werden, so dass stets frische und durstl\u00f6schende Getr\u00e4nke zur Verf\u00fcgung stehen.<\/p>\n<ul>\n<li>Farbe: Transparent und Silbern<\/li>\n<li>Material: Glas und Metall<\/li>\n<li>Durchmesser oben: 13,5 cm<\/li>\n<li>Durchmesser unten: 20,5 cm<\/li>\n<li>Gesamth\u00f6he: 31,5 cm<\/li>\n<li>Fassungsverm\u00f6gen: 8050 ml (2800 g)<\/li>\n<li><strong>Lieferung enth\u00e4lt:<\/strong><\/li>\n<li>2 x Getr\u00e4nkespender<\/li>\n<\/ul>\n","protected":false},"excerpt":{"rendered":"<ul>\n<li>Farbe: Transparent und Silbern<\/li>\n<li>Material: Glas und Metall<\/li>\n<li>Durchmesser oben: 13,5 cm<\/li>\n<li>Durchmesser unten: 20,5 cm<\/li>\n<li>Gesamth\u00f6he: 31,5 cm<\/li>\n<li>Fassungsverm\u00f6gen: 8050 ml (2800 g)<\/li>\n<li><strong>Lieferung enth\u00e4lt:<\/strong><\/li>\n<li>2 x Getr\u00e4nkespender<\/li>\n<\/ul>\n","protected":false},"featured_media":10000058233,"comment_status":"closed","ping_status":"closed","template":"","meta":[],"product_brand":[],"product_cat":[7084,7048,7051,7062],"product_tag":[],"class_list":{"0":"post-58233","1":"product","2":"type-product","3":"status-publish","4":"has-post-thumbnail","6":"product_cat-getraenkespender","7":"product_cat-heim-garten","8":"product_cat-kueche-esszimmer","9":"product_cat-kuechenhelfer-utensilien","11":"first","12":"instock","13":"taxable","14":"shipping-taxable","15":"purchasable","16":"product-type-simple","17":"add-to-wishlist-after_add_to_cart"},"jetpack_sharing_enabled":true,"_links":{"self":[{"href":"https:\/\/de-prime.com\/index.php\/wp-json\/wp\/v2\/product\/58233","targetHints":{"allow":["GET"]}}],"collection":[{"href":"https:\/\/de-prime.com\/index.php\/wp-json\/wp\/v2\/product"}],"about":[{"href":"https:\/\/de-prime.com\/index.php\/wp-json\/wp\/v2\/types\/product"}],"replies":[{"embeddable":true,"href":"https:\/\/de-prime.com\/index.php\/wp-json\/wp\/v2\/comments?post=58233"}],"wp:featuredmedia":[{"embeddable":true,"href":"https:\/\/de-prime.com\/index.php\/wp-json\/"}],"wp:attachment":[{"href":"https:\/\/de-prime.com\/index.php\/wp-json\/wp\/v2\/media?parent=58233"}],"wp:term":[{"taxonomy":"product_brand","embeddable":true,"href":"https:\/\/de-prime.com\/index.php\/wp-json\/wp\/v2\/product_brand?post=58233"},{"taxonomy":"product_cat","embeddable":true,"href":"https:\/\/de-prime.com\/index.php\/wp-json\/wp\/v2\/product_cat?post=58233"},{"taxonomy":"product_tag","embeddable":true,"href":"https:\/\/de-prime.com\/index.php\/wp-json\/wp\/v2\/product_tag?post=58233"}],"curies":[{"name":"wp","href":"https:\/\/api.w.org\/{rel}","templated":true}]}}