{"id":58231,"date":"2024-10-04T11:19:25","date_gmt":"2024-10-04T09:19:25","guid":{"rendered":"https:\/\/de-prime.com\/?p=58231"},"modified":"2024-10-04T11:19:25","modified_gmt":"2024-10-04T09:19:25","slug":"getraenkespender-2-stk-mit-staender-2-x-4-l-glas","status":"publish","type":"product","link":"https:\/\/de-prime.com\/index.php\/product\/getraenkespender-2-stk-mit-staender-2-x-4-l-glas\/","title":{"rendered":"Getr\u00e4nkespender 2 Stk. mit St\u00e4nder 2 x 4 L Glas"},"content":{"rendered":"<p>Verleihen Sie Ihrem K\u00fcchen- und Barbereich einen Vintage-Charme mit unserem Glas-Getr\u00e4nkespender-Set! Diese Vintage-Wasserkr\u00fcge eignen sich zum Servieren vieler verschiedener Getr\u00e4nke auf Partys und BBQs. Der Spender aus transparentem Glas strahlt einen einfachen und sauberen Look aus und erm\u00f6glicht auch das einfache \u00dcberwachen und Identifizieren der Getr\u00e4nke. Der weite Mund sorgt daf\u00fcr, dass Sie Fr\u00fcchte einfach und schnell hinein- bzw. herausnehmen k\u00f6nnen. Dank des Schraubdeckels bleibt der Glasbeh\u00e4lter gut verschlossen, sodass Ihr Getr\u00e4nk l\u00e4nger frisch bleibt. Dar\u00fcber hinaus macht es der integrierte Wasserhahn Ihren G\u00e4sten leicht, sich auf Ihrer Party selbst zu bedienen. Die Lieferung umfasst 2 Getr\u00e4nkespender und einen St\u00e4nder.<\/p>\n<ul>\n<li>Farbe: Transparent (Getr\u00e4nkespender) + Schwarz (St\u00e4nder)<\/li>\n<li>Material: Glas + Eisen (St\u00e4nder)<\/li>\n<li>Spenderabmessungen: 13 x 26 cm (Durchmesser x H)<\/li>\n<li>St\u00e4nderabmessungen: 33,5 x 16,5 x 16,8 cm (L x B x H)<\/li>\n<li>Fassungsverm\u00f6gen: 2 x 4 L<\/li>\n<li>Mit Kunststoffh\u00e4hnen<\/li>\n<li>Mit Aufklebern zum Beschriften<\/li>\n<li>Die Lieferung umfasst 2 Getr\u00e4nkespender und einen St\u00e4nder<\/li>\n<\/ul>\n","protected":false},"excerpt":{"rendered":"<ul>\n<li>Farbe: Transparent (Getr\u00e4nkespender) + Schwarz (St\u00e4nder)<\/li>\n<li>Material: Glas + Eisen (St\u00e4nder)<\/li>\n<li>Spenderabmessungen: 13 x 26 cm (Durchmesser x H)<\/li>\n<li>St\u00e4nderabmessungen: 33,5 x 16,5 x 16,8 cm (L x B x H)<\/li>\n<li>Fassungsverm\u00f6gen: 2 x 4 L<\/li>\n<li>Mit Kunststoffh\u00e4hnen<\/li>\n<li>Mit Aufklebern zum Beschriften<\/li>\n<li>Die Lieferung umfasst 2 Getr\u00e4nkespender und einen St\u00e4nder<\/li>\n<\/ul>\n","protected":false},"featured_media":10000058231,"comment_status":"closed","ping_status":"closed","template":"","meta":[],"product_brand":[],"product_cat":[7084,7048,7051,7062],"product_tag":[],"class_list":{"0":"post-58231","1":"product","2":"type-product","3":"status-publish","4":"has-post-thumbnail","6":"product_cat-getraenkespender","7":"product_cat-heim-garten","8":"product_cat-kueche-esszimmer","9":"product_cat-kuechenhelfer-utensilien","11":"first","12":"instock","13":"taxable","14":"shipping-taxable","15":"purchasable","16":"product-type-simple","17":"add-to-wishlist-after_add_to_cart"},"jetpack_sharing_enabled":true,"_links":{"self":[{"href":"https:\/\/de-prime.com\/index.php\/wp-json\/wp\/v2\/product\/58231","targetHints":{"allow":["GET"]}}],"collection":[{"href":"https:\/\/de-prime.com\/index.php\/wp-json\/wp\/v2\/product"}],"about":[{"href":"https:\/\/de-prime.com\/index.php\/wp-json\/wp\/v2\/types\/product"}],"replies":[{"embeddable":true,"href":"https:\/\/de-prime.com\/index.php\/wp-json\/wp\/v2\/comments?post=58231"}],"wp:featuredmedia":[{"embeddable":true,"href":"https:\/\/de-prime.com\/index.php\/wp-json\/"}],"wp:attachment":[{"href":"https:\/\/de-prime.com\/index.php\/wp-json\/wp\/v2\/media?parent=58231"}],"wp:term":[{"taxonomy":"product_brand","embeddable":true,"href":"https:\/\/de-prime.com\/index.php\/wp-json\/wp\/v2\/product_brand?post=58231"},{"taxonomy":"product_cat","embeddable":true,"href":"https:\/\/de-prime.com\/index.php\/wp-json\/wp\/v2\/product_cat?post=58231"},{"taxonomy":"product_tag","embeddable":true,"href":"https:\/\/de-prime.com\/index.php\/wp-json\/wp\/v2\/product_tag?post=58231"}],"curies":[{"name":"wp","href":"https:\/\/api.w.org\/{rel}","templated":true}]}}