{"id":58229,"date":"2024-10-04T11:19:26","date_gmt":"2024-10-04T09:19:26","guid":{"rendered":"https:\/\/de-prime.com\/?p=58229"},"modified":"2024-10-04T11:19:27","modified_gmt":"2024-10-04T09:19:27","slug":"getraenkespender-3-fach-edelstahl-3-x-8-liter","status":"publish","type":"product","link":"https:\/\/de-prime.com\/index.php\/product\/getraenkespender-3-fach-edelstahl-3-x-8-liter\/","title":{"rendered":"Getr\u00e4nkespender 3-fach Edelstahl 3 x 8 Liter"},"content":{"rendered":"<p>Dieser Getr\u00e4nkespender ist eine durchdachte L\u00f6sung zum Servieren von gek\u00fchltem Saft oder anderen Getr\u00e4nken bei Buffets, Barbecues und anderen Veranstaltungen. Die drei Getr\u00e4nkebeh\u00e4lter haben je ein Fassungsverm\u00f6gen von 8 Litern. Unter den Zapfhahn passen Gl\u00e4ser oder Becher mit einer maximalen H\u00f6he von 15,5 cm. Der Zylinder in der Mitte jedes Getr\u00e4nkebeh\u00e4lters kann mit Eisw\u00fcrfeln gef\u00fcllt werden und sorgt so f\u00fcr erfrischend-k\u00fchlen Trinkgenuss! Und wenn doch einmal beim Zapfen etwas daneben geht oder versch\u00fcttet wird, f\u00e4ngt es die praktische Abtropfschale auf &#8211; anschlie\u00dfend kann sie ganz einfach entnommen und entleert werden. Der Rahmen dieses 3-fachen Getr\u00e4nkespenders besteht aus Edelstahl, die Getr\u00e4nkebeh\u00e4lter aus Kunststoff &#8211; das sorgt f\u00fcr eine lange Lebensdauer und eine einfache Reinigung.<\/p>\n<ul>\n<li>Material: Edelstahl + Kunststoff<\/li>\n<li>Gesamtma\u00dfe: 86 x 35 x 57 cm (L x B x H)<\/li>\n<li>Ma\u00dfe Standfl\u00e4che: 86 x 35 cm (L x B)<\/li>\n<li>Ma\u00dfe Getr\u00e4nkebeh\u00e4lter (ohne Deckel): 20 x 27 cm (Durchmesser x H)<\/li>\n<li>Fassungsverm\u00f6gen der Getr\u00e4nkebeh\u00e4lter: 3 x 8 Liter<\/li>\n<li>Mit abnehmbaren Deckeln<\/li>\n<li>Edelstahl-Zylinder in der Mitte kann mit Eisw\u00fcrfel zum K\u00fchlen der Getr\u00e4nke gef\u00fcllt werden<\/li>\n<li>Inklusive drei Abtropfschalen<\/li>\n<\/ul>\n","protected":false},"excerpt":{"rendered":"<ul>\n<li>Material: Edelstahl + Kunststoff<\/li>\n<li>Gesamtma\u00dfe: 86 x 35 x 57 cm (L x B x H)<\/li>\n<li>Ma\u00dfe Standfl\u00e4che: 86 x 35 cm (L x B)<\/li>\n<li>Ma\u00dfe Getr\u00e4nkebeh\u00e4lter (ohne Deckel): 20 x 27 cm (Durchmesser x H)<\/li>\n<li>Fassungsverm\u00f6gen der Getr\u00e4nkebeh\u00e4lter: 3 x 8 Liter<\/li>\n<li>Mit abnehmbaren Deckeln<\/li>\n<li>Edelstahl-Zylinder in der Mitte kann mit Eisw\u00fcrfel zum K\u00fchlen der Getr\u00e4nke gef\u00fcllt werden<\/li>\n<li>Inklusive drei Abtropfschalen<\/li>\n<\/ul>\n","protected":false},"featured_media":10000058229,"comment_status":"closed","ping_status":"closed","template":"","meta":[],"product_brand":[],"product_cat":[7084,7048,7051,7062],"product_tag":[],"class_list":{"0":"post-58229","1":"product","2":"type-product","3":"status-publish","4":"has-post-thumbnail","6":"product_cat-getraenkespender","7":"product_cat-heim-garten","8":"product_cat-kueche-esszimmer","9":"product_cat-kuechenhelfer-utensilien","11":"first","12":"instock","13":"taxable","14":"shipping-taxable","15":"purchasable","16":"product-type-simple","17":"add-to-wishlist-after_add_to_cart"},"jetpack_sharing_enabled":true,"_links":{"self":[{"href":"https:\/\/de-prime.com\/index.php\/wp-json\/wp\/v2\/product\/58229","targetHints":{"allow":["GET"]}}],"collection":[{"href":"https:\/\/de-prime.com\/index.php\/wp-json\/wp\/v2\/product"}],"about":[{"href":"https:\/\/de-prime.com\/index.php\/wp-json\/wp\/v2\/types\/product"}],"replies":[{"embeddable":true,"href":"https:\/\/de-prime.com\/index.php\/wp-json\/wp\/v2\/comments?post=58229"}],"wp:featuredmedia":[{"embeddable":true,"href":"https:\/\/de-prime.com\/index.php\/wp-json\/"}],"wp:attachment":[{"href":"https:\/\/de-prime.com\/index.php\/wp-json\/wp\/v2\/media?parent=58229"}],"wp:term":[{"taxonomy":"product_brand","embeddable":true,"href":"https:\/\/de-prime.com\/index.php\/wp-json\/wp\/v2\/product_brand?post=58229"},{"taxonomy":"product_cat","embeddable":true,"href":"https:\/\/de-prime.com\/index.php\/wp-json\/wp\/v2\/product_cat?post=58229"},{"taxonomy":"product_tag","embeddable":true,"href":"https:\/\/de-prime.com\/index.php\/wp-json\/wp\/v2\/product_tag?post=58229"}],"curies":[{"name":"wp","href":"https:\/\/api.w.org\/{rel}","templated":true}]}}