{"id":58225,"date":"2024-10-03T21:13:57","date_gmt":"2024-10-03T19:13:57","guid":{"rendered":"https:\/\/de-prime.com\/?p=58225"},"modified":"2024-10-03T21:37:25","modified_gmt":"2024-10-03T19:37:25","slug":"livoo-fritteuse-3-l-2000-w-grau","status":"publish","type":"product","link":"https:\/\/de-prime.com\/index.php\/product\/livoo-fritteuse-3-l-2000-w-grau\/","title":{"rendered":"Livoo Fritteuse 3 L 2000 W Grau"},"content":{"rendered":"<p>Befriedige deine Gel\u00fcste mit dieser Fritteuse von Livoo! Sie eignet sich perfekt f\u00fcr k\u00f6stliche hausgemachte Fritt\u00fcren wie Pommes Frites, Snacks, Fisch und mehr. Die Frittiermaschine hat ein Fassungsverm\u00f6gen von 3 Litern und ist daher f\u00fcr bis zu 1000 Gramm Pommes geeignet. Die Temperatur l\u00e4sst sich bis zu 190 \u00b0C einstellen. Sie verf\u00fcgt \u00fcber einen herausnehmbaren Innenbeh\u00e4lter aus Edelstahl, der sich einfach reinigen l\u00e4sst. Die elektrische Fritteuse ist zudem mit hitzebest\u00e4ndigen Griffen und \u00dcberhitzungsschutz ausgestattet. Dies sorgt f\u00fcr eine sichere und bequeme Bedienung. Der \u00d6lbeh\u00e4lter kann separat gereinigt werden. Befolge strikt die Reinigungsanweisungen aus der Bedienungsanleitung. Dar\u00fcber hinaus ist sie mit Betriebs- und Heizungskontrollleuchten versehen, um optimale Ergebnisse zu erzielen.<\/p>\n<ul>\n<li>Farbe: Grau<\/li>\n<li>Material: Edelstahl<\/li>\n<li>Abmessungen: 41,5 x 23 x 23 cm (B x T x H)<\/li>\n<li>Leistung: 2000 W<\/li>\n<li>Stromversorgung: 220-240 V~, 50-60 Hz<\/li>\n<li>Fassungsverm\u00f6gen des Innenbeh\u00e4lters: 3 L (1000 g Pommes)<\/li>\n<li>Fritteuse<\/li>\n<li>Einstellbare Temperatur (bis auf 190 \u00b0C)<\/li>\n<li>Herausnehmbarer Innentopf aus Edelstahl<\/li>\n<li>Drahtgitterkorb mit abnehmbarem Griff<\/li>\n<li>Hohe Position des Korbs (zum Entleeren)<\/li>\n<li>\u00dcberhitzungsschutz<\/li>\n<li>Hitzebest\u00e4ndige Griffe<\/li>\n<li>Kabelaufbewahrung<\/li>\n<li>Betriebs- und Heizungskontrollleuchten<\/li>\n<li>4 rutschfeste F\u00fc\u00dfe<\/li>\n<li>Leicht zu reinigen<\/li>\n<\/ul>\n","protected":false},"excerpt":{"rendered":"<ul>\n<li>Farbe: Grau<\/li>\n<li>Material: Edelstahl<\/li>\n<li>Abmessungen: 41,5 x 23 x 23 cm (B x T x H)<\/li>\n<li>Leistung: 2000 W<\/li>\n<li>Stromversorgung: 220-240 V~, 50-60 Hz<\/li>\n<li>Fassungsverm\u00f6gen des Innenbeh\u00e4lters: 3 L (1000 g Pommes)<\/li>\n<li>Fritteuse<\/li>\n<li>Einstellbare Temperatur (bis auf 190 \u00b0C)<\/li>\n<li>Herausnehmbarer Innentopf aus Edelstahl<\/li>\n<li>Drahtgitterkorb mit abnehmbarem Griff<\/li>\n<li>Hohe Position des Korbs (zum Entleeren)<\/li>\n<li>\u00dcberhitzungsschutz<\/li>\n<li>Hitzebest\u00e4ndige Griffe<\/li>\n<li>Kabelaufbewahrung<\/li>\n<li>Betriebs- und Heizungskontrollleuchten<\/li>\n<li>4 rutschfeste F\u00fc\u00dfe<\/li>\n<li>Leicht zu reinigen<\/li>\n<\/ul>\n","protected":false},"featured_media":10000058225,"comment_status":"closed","ping_status":"closed","template":"","meta":[],"product_brand":[],"product_cat":[7082,7048,7051,7052],"product_tag":[],"class_list":{"0":"post-58225","1":"product","2":"type-product","3":"status-publish","4":"has-post-thumbnail","6":"product_cat-fritteusen","7":"product_cat-heim-garten","8":"product_cat-kueche-esszimmer","9":"product_cat-kuechengeraete","11":"first","12":"outofstock","13":"taxable","14":"shipping-taxable","15":"purchasable","16":"product-type-simple","17":"add-to-wishlist-after_add_to_cart"},"jetpack_sharing_enabled":true,"_links":{"self":[{"href":"https:\/\/de-prime.com\/index.php\/wp-json\/wp\/v2\/product\/58225","targetHints":{"allow":["GET"]}}],"collection":[{"href":"https:\/\/de-prime.com\/index.php\/wp-json\/wp\/v2\/product"}],"about":[{"href":"https:\/\/de-prime.com\/index.php\/wp-json\/wp\/v2\/types\/product"}],"replies":[{"embeddable":true,"href":"https:\/\/de-prime.com\/index.php\/wp-json\/wp\/v2\/comments?post=58225"}],"wp:featuredmedia":[{"embeddable":true,"href":"https:\/\/de-prime.com\/index.php\/wp-json\/"}],"wp:attachment":[{"href":"https:\/\/de-prime.com\/index.php\/wp-json\/wp\/v2\/media?parent=58225"}],"wp:term":[{"taxonomy":"product_brand","embeddable":true,"href":"https:\/\/de-prime.com\/index.php\/wp-json\/wp\/v2\/product_brand?post=58225"},{"taxonomy":"product_cat","embeddable":true,"href":"https:\/\/de-prime.com\/index.php\/wp-json\/wp\/v2\/product_cat?post=58225"},{"taxonomy":"product_tag","embeddable":true,"href":"https:\/\/de-prime.com\/index.php\/wp-json\/wp\/v2\/product_tag?post=58225"}],"curies":[{"name":"wp","href":"https:\/\/api.w.org\/{rel}","templated":true}]}}