{"id":58219,"date":"2024-10-04T11:11:26","date_gmt":"2024-10-04T09:11:26","guid":{"rendered":"https:\/\/de-prime.com\/?p=58219"},"modified":"2024-10-04T11:11:26","modified_gmt":"2024-10-04T09:11:26","slug":"led-fluter-abs-5-w-kaltweiss","status":"publish","type":"product","link":"https:\/\/de-prime.com\/index.php\/product\/led-fluter-abs-5-w-kaltweiss\/","title":{"rendered":"LED-Fluter ABS 5 W Kaltwei\u00df"},"content":{"rendered":"<p>Der LED-Strahler bietet eine ideale Arbeitsbeleuchtung an jedem gew\u00fcnschten Ort. Er eignet sich f\u00fcr zu Hause, Autoreparaturen, Camping, Arbeiten an der Elektronik oder Mehrzweckarbeiten usw. Diese Arbeitsleuchte ist dank der LED-Technologie energiesparend. Bei COB sind mehrere LED-Chips direkt auf einem Tr\u00e4ger montiert und bilden ein kompaktes, hocheffizientes Modul. Dadurch verf\u00fcgt dieser LED-Fluter \u00fcber eine hohe Lichtleistung. Mit 500 lm Lichtstrom und 120\u00b0 Abstrahlwinkel sorgt er f\u00fcr die perfekte Beleuchtung. Hinweis: Das Produkt verf\u00fcgt \u00fcber einen USB-Anschluss, aber die zertifizierte 5-V-USB-Stromquelle ist nicht im Lieferumfang enthalten.<\/p>\n<ul>\n<li>Farbe: Schwarz und Orange<\/li>\n<li>Lichtfarbe: Kaltwei\u00df<\/li>\n<li>Material: ABS<\/li>\n<li>Abmessungen: 16 x 10 cm (L x B)<\/li>\n<li>Eingangs-\/Ausgangsspannung: 5 V, 1 A<\/li>\n<li>Leistung: 5 W<\/li>\n<li>Lichtstrom: 500 lm<\/li>\n<li>Betrachtungswinkel: 120\u00b0<\/li>\n<li>Arbeitszeit: 4-8 Std<\/li>\n<li>Funktion: 100 % an \/ 50 % an \/ Blitz \/ Aus<\/li>\n<li>USB mit 1-Meter-Kabel<\/li>\n<li>Die Halterung kann abgenommen werden<\/li>\n<li>Zusammenbau erforderlich: Nein<\/li>\n<\/ul>\n","protected":false},"excerpt":{"rendered":"<ul>\n<li>Farbe: Schwarz und Orange<\/li>\n<li>Lichtfarbe: Kaltwei\u00df<\/li>\n<li>Material: ABS<\/li>\n<li>Abmessungen: 16 x 10 cm (L x B)<\/li>\n<li>Eingangs-\/Ausgangsspannung: 5 V, 1 A<\/li>\n<li>Leistung: 5 W<\/li>\n<li>Lichtstrom: 500 lm<\/li>\n<li>Betrachtungswinkel: 120\u00b0<\/li>\n<li>Arbeitszeit: 4-8 Std<\/li>\n<li>Funktion: 100 % an \/ 50 % an \/ Blitz \/ Aus<\/li>\n<li>USB mit 1-Meter-Kabel<\/li>\n<li>Die Halterung kann abgenommen werden<\/li>\n<li>Zusammenbau erforderlich: Nein<\/li>\n<\/ul>\n","protected":false},"featured_media":10000058219,"comment_status":"closed","ping_status":"closed","template":"","meta":[],"product_brand":[],"product_cat":[7054,7080,7048],"product_tag":[],"class_list":{"0":"post-58219","1":"product","2":"type-product","3":"status-publish","4":"has-post-thumbnail","6":"product_cat-beleuchtung","7":"product_cat-flutlichter-spotleuchten","8":"product_cat-heim-garten","10":"first","11":"instock","12":"taxable","13":"shipping-taxable","14":"purchasable","15":"product-type-simple","16":"add-to-wishlist-after_add_to_cart"},"jetpack_sharing_enabled":true,"_links":{"self":[{"href":"https:\/\/de-prime.com\/index.php\/wp-json\/wp\/v2\/product\/58219","targetHints":{"allow":["GET"]}}],"collection":[{"href":"https:\/\/de-prime.com\/index.php\/wp-json\/wp\/v2\/product"}],"about":[{"href":"https:\/\/de-prime.com\/index.php\/wp-json\/wp\/v2\/types\/product"}],"replies":[{"embeddable":true,"href":"https:\/\/de-prime.com\/index.php\/wp-json\/wp\/v2\/comments?post=58219"}],"wp:featuredmedia":[{"embeddable":true,"href":"https:\/\/de-prime.com\/index.php\/wp-json\/"}],"wp:attachment":[{"href":"https:\/\/de-prime.com\/index.php\/wp-json\/wp\/v2\/media?parent=58219"}],"wp:term":[{"taxonomy":"product_brand","embeddable":true,"href":"https:\/\/de-prime.com\/index.php\/wp-json\/wp\/v2\/product_brand?post=58219"},{"taxonomy":"product_cat","embeddable":true,"href":"https:\/\/de-prime.com\/index.php\/wp-json\/wp\/v2\/product_cat?post=58219"},{"taxonomy":"product_tag","embeddable":true,"href":"https:\/\/de-prime.com\/index.php\/wp-json\/wp\/v2\/product_tag?post=58219"}],"curies":[{"name":"wp","href":"https:\/\/api.w.org\/{rel}","templated":true}]}}