{"id":58210,"date":"2024-10-04T11:13:53","date_gmt":"2024-10-04T09:13:53","guid":{"rendered":"https:\/\/de-prime.com\/?p=58210"},"modified":"2024-10-04T11:13:54","modified_gmt":"2024-10-04T09:13:54","slug":"led-fluter-mit-handgriff-2x10-w-kaltweiss","status":"publish","type":"product","link":"https:\/\/de-prime.com\/index.php\/product\/led-fluter-mit-handgriff-2x10-w-kaltweiss\/","title":{"rendered":"LED-Fluter mit Handgriff 2&#215;10 W Kaltwei\u00df"},"content":{"rendered":"<p>Der LED-Strahler mit Handgriff ist die ideale Arbeitsleuchte f\u00fcr jeden Ort, an dem eine helle Beleuchtung gew\u00fcnscht wird. Er eignet sich sowohl f\u00fcr Hobby-Heimwerker zu Hause als auch f\u00fcr handwerkliche T\u00e4tigkeiten wie auf einer Baustelle oder in einer Werkstatt. Dank ihres Aluminiumgeh\u00e4uses und der Glasabdeckung bietet diese Arbeitsleuchte eine gute W\u00e4rmeableitung und ist leicht. Mit einem Lichtstrom von 1400 lm und einem Abstrahlwinkel von 120\u00b0 sorgt er f\u00fcr eine perfekte Ausleuchtung. Dar\u00fcber hinaus strahlt der Fluter mit einer Farbtemperatur von 6000 K und sorgt so f\u00fcr optimale Lichtverh\u00e4ltnisse rund um Ihr Zuhause. Die Leuchte ist mit einem stabilen Stahlrohrrahmen mit ergonomischem Griff f\u00fcr den einfachen Transport ausgestattet. Dank des fest angeschlossenen 3 m langen Stromkabels mit Stecker kann die Lampe ideal im Raum platziert werden.<\/p>\n<ul>\n<li>Farbe: Schwarz und Gelb<\/li>\n<li>Material: Aluminium, Glas, Stahl<\/li>\n<li>Abmessungen: 44,5 x 18,5 x 37 cm (B x T x H)<\/li>\n<li>Stromversorgung: 220 &#8211; 240 V~, 50 &#8211; 60 Hz<\/li>\n<li>Leistung: 2 x 10 W<\/li>\n<li>Lichtfarbe: Kaltwei\u00df<\/li>\n<li>Farbtemperatur: 6.000 K<\/li>\n<li>Lichtstrom: 1400 lm<\/li>\n<li>Abstrahlwinkel: 120\u00b0<\/li>\n<li>Mit 3 m Kabel<\/li>\n<li>Mit Steckdose<\/li>\n<li>Zusammenbau erforderlich: Ja<\/li>\n<\/ul>\n","protected":false},"excerpt":{"rendered":"<ul>\n<li>Farbe: Schwarz und Gelb<\/li>\n<li>Material: Aluminium, Glas, Stahl<\/li>\n<li>Abmessungen: 44,5 x 18,5 x 37 cm (B x T x H)<\/li>\n<li>Stromversorgung: 220 &#8211; 240 V~, 50 &#8211; 60 Hz<\/li>\n<li>Leistung: 2 x 10 W<\/li>\n<li>Lichtfarbe: Kaltwei\u00df<\/li>\n<li>Farbtemperatur: 6.000 K<\/li>\n<li>Lichtstrom: 1400 lm<\/li>\n<li>Abstrahlwinkel: 120\u00b0<\/li>\n<li>Mit 3 m Kabel<\/li>\n<li>Mit Steckdose<\/li>\n<li>Zusammenbau erforderlich: Ja<\/li>\n<\/ul>\n","protected":false},"featured_media":10000058210,"comment_status":"closed","ping_status":"closed","template":"","meta":[],"product_brand":[],"product_cat":[7054,7080,7048],"product_tag":[],"class_list":{"0":"post-58210","1":"product","2":"type-product","3":"status-publish","4":"has-post-thumbnail","6":"product_cat-beleuchtung","7":"product_cat-flutlichter-spotleuchten","8":"product_cat-heim-garten","10":"first","11":"instock","12":"taxable","13":"shipping-taxable","14":"purchasable","15":"product-type-simple","16":"add-to-wishlist-after_add_to_cart"},"jetpack_sharing_enabled":true,"_links":{"self":[{"href":"https:\/\/de-prime.com\/index.php\/wp-json\/wp\/v2\/product\/58210","targetHints":{"allow":["GET"]}}],"collection":[{"href":"https:\/\/de-prime.com\/index.php\/wp-json\/wp\/v2\/product"}],"about":[{"href":"https:\/\/de-prime.com\/index.php\/wp-json\/wp\/v2\/types\/product"}],"replies":[{"embeddable":true,"href":"https:\/\/de-prime.com\/index.php\/wp-json\/wp\/v2\/comments?post=58210"}],"wp:featuredmedia":[{"embeddable":true,"href":"https:\/\/de-prime.com\/index.php\/wp-json\/"}],"wp:attachment":[{"href":"https:\/\/de-prime.com\/index.php\/wp-json\/wp\/v2\/media?parent=58210"}],"wp:term":[{"taxonomy":"product_brand","embeddable":true,"href":"https:\/\/de-prime.com\/index.php\/wp-json\/wp\/v2\/product_brand?post=58210"},{"taxonomy":"product_cat","embeddable":true,"href":"https:\/\/de-prime.com\/index.php\/wp-json\/wp\/v2\/product_cat?post=58210"},{"taxonomy":"product_tag","embeddable":true,"href":"https:\/\/de-prime.com\/index.php\/wp-json\/wp\/v2\/product_tag?post=58210"}],"curies":[{"name":"wp","href":"https:\/\/api.w.org\/{rel}","templated":true}]}}